{"id":6889,"date":"2023-09-18T11:16:23","date_gmt":"2023-09-18T03:16:23","guid":{"rendered":"https:\/\/www.stvvalves.com\/?post_type=product&#038;p=6889"},"modified":"2023-09-18T11:16:25","modified_gmt":"2023-09-18T03:16:25","slug":"astm-b148-c95800-lift-check-valve-1-1-2-inch150-lb-rf","status":"publish","type":"product","link":"https:\/\/www.stvvalves.com\/fr\/products\/astm-b148-c95800-lift-check-valve-1-1-2-inch150-lb-rf\/","title":{"rendered":"Clapet anti-retour \u00e0 levage ASTM B148 C95800, 1,1\/2 pouce, 150 LB, RF"},"content":{"rendered":"<p>Produit:<strong>\u00a0Clapet anti-retour de petite taille, type LIFT<\/strong><br \/>\nConception\u00a0: API 602<br \/>\nCorps:\u00a0<strong>ASTMB148C95800<\/strong><br \/>\nTaille nominale : 1,1\/2 pouces<br \/>\nClasse nominale\u00a0:\u00a0150 LB<br \/>\nExtr\u00e9mit\u00e9s de connexion\u00a0:\u00a0extr\u00e9mit\u00e9s \u00e0 bride int\u00e9gr\u00e9es RF<br \/>\nFace \u00e0 face\u00a0: selon ASME B16.10<br \/>\nTest et inspection\u00a0: API 598<\/p>\n<p><strong>Param\u00e8tres et caract\u00e9ristiques techniques<\/strong><br \/>\nProduit : Clapet anti-retour de petite taille.<br \/>\nDiam\u00e8tre nominal : 1\/4 \u00e0 4IN.<br \/>\nTemp\u00e9rature de conception : -29 \u2103 \u00e0 260 \u2103.<br \/>\nPression de conception : Classe 150 \u00e0 900.<br \/>\nMat\u00e9riaux\u00a0:\u00a0ASTM B148 C95400, C95500, C95800\u00a0; ASTM B150 C63000, C63200.<br \/>\nNormes de conception\u00a0: API 602\u00a0; BS 1868, ASME B16.34.<br \/>\nFace \u00e0 face : Norme de fabrication, ASME B16.10.<br \/>\nExtr\u00e9mit\u00e9s de connexion\u00a0: NPT, bride.<br \/>\nNormes d&#039;essais\u00a0: API 598, ISO 520.<br \/>\nOp\u00e9ration : X.<br \/>\nApplications : pour l&#039;eau de mer, offshore et marine.<br \/>\nFonction 1 : Capot boulonn\u00e9.<br \/>\nFonction 2\u00a0: type pivotant, type \u00e9l\u00e9vateur.<br \/>\nFonction 3\u00a0: passage complet et r\u00e9duction du passage.<br \/>\nFonction 4\u00a0:\u00a0Extr\u00e9mit\u00e9s \u00e0 brides int\u00e9gr\u00e9es et extr\u00e9mit\u00e9s F-NPT.<\/p>","protected":false},"excerpt":{"rendered":"<p>Le fabricant chinois de clapet anti-retour \u00e0 ascenseur STV ASTM B148 C95800 fournit un clapet anti-retour \u00e0 ascenseur ASTM B148 C95800, 1,1\/2 pouce, 150 LB, API 602, extr\u00e9mit\u00e9s \u00e0 brides int\u00e9gr\u00e9es RF.<\/p>","protected":false},"featured_media":6890,"template":"","meta":[],"product_brand":[],"product_cat":[46,66],"product_tag":[1982,1983,1981,1980],"class_list":{"0":"post-6889","1":"product","2":"type-product","3":"status-publish","4":"has-post-thumbnail","6":"product_cat-check-valves","7":"product_cat-swing-check-valve","8":"product_tag-11-2-inch-astm-c95800-lift-check-valve","9":"product_tag-150lb-c95800-lift-check-valve","10":"product_tag-astm-b148-lift-check-valve","11":"product_tag-c95800-lift-check-valve","13":"first","14":"instock","15":"shipping-taxable","16":"product-type-simple"},"_links":{"self":[{"href":"https:\/\/www.stvvalves.com\/fr\/wp-json\/wp\/v2\/product\/6889","targetHints":{"allow":["GET"]}}],"collection":[{"href":"https:\/\/www.stvvalves.com\/fr\/wp-json\/wp\/v2\/product"}],"about":[{"href":"https:\/\/www.stvvalves.com\/fr\/wp-json\/wp\/v2\/types\/product"}],"wp:featuredmedia":[{"embeddable":true,"href":"https:\/\/www.stvvalves.com\/fr\/wp-json\/wp\/v2\/media\/6890"}],"wp:attachment":[{"href":"https:\/\/www.stvvalves.com\/fr\/wp-json\/wp\/v2\/media?parent=6889"}],"wp:term":[{"taxonomy":"product_brand","embeddable":true,"href":"https:\/\/www.stvvalves.com\/fr\/wp-json\/wp\/v2\/product_brand?post=6889"},{"taxonomy":"product_cat","embeddable":true,"href":"https:\/\/www.stvvalves.com\/fr\/wp-json\/wp\/v2\/product_cat?post=6889"},{"taxonomy":"product_tag","embeddable":true,"href":"https:\/\/www.stvvalves.com\/fr\/wp-json\/wp\/v2\/product_tag?post=6889"}],"curies":[{"name":"wp","href":"https:\/\/api.w.org\/{rel}","templated":true}]}}