{"id":6893,"date":"2023-09-18T12:31:25","date_gmt":"2023-09-18T04:31:25","guid":{"rendered":"https:\/\/www.stvvalves.com\/?post_type=product&#038;p=6893"},"modified":"2023-09-18T12:31:27","modified_gmt":"2023-09-18T04:31:27","slug":"astm-b148-c95600-globe-valve-bs1878-8-inch-150-lb-rf","status":"publish","type":"product","link":"https:\/\/www.stvvalves.com\/fr\/products\/astm-b148-c95600-globe-valve-bs1878-8-inch-150-lb-rf\/","title":{"rendered":"Vanne \u00e0 soupape ASTM B148 C95600, BS1878, 8 pouces, 150 LB, RF"},"content":{"rendered":"<p><strong>Normes applicables\u00a0:\u00a0\u00a0\u00a0\u00a0\u00a0\u00a0<\/strong><br \/>\nVanne \u00e0 soupape, BS1878\/ASME B16.34<br \/>\nVannes en acier, ASME B16.34<br \/>\nFace \u00e0 face ASME B16.10<br \/>\nBrides d&#039;extr\u00e9mit\u00e9 ASME B16.5\/ASME B16.47<br \/>\nLe soudage bout \u00e0 bout se termine ASME B16.25<br \/>\nInspection et tests API 598<\/p>\n<p><strong>Mat\u00e9riel:\u00a0<\/strong>C95800,C95400,C83600<br \/>\n<strong>Gamme de taille:<\/strong>\u00a02\u2033~36\u2033<br \/>\n<strong>Note de pression:\u00a0<\/strong>ASME CL, 150, 300, 600, 900, 1\u00a0500, 2\u00a0500<br \/>\n<strong>\u00c9cart de temp\u00e9rature:<\/strong>\u00a0-196 \u2103 ~ 650 \u2103<\/p>\n<p><strong>Description de la conception\u00a0:<\/strong><br \/>\n\u2013 Vis et joug ext\u00e9rieurs<br \/>\n\u2013 Chapeau boulonn\u00e9 et joint de pression<br \/>\n\u2013 Tige montante<br \/>\n\u2013 Disponible avec motor\u00e9ducteur<br \/>\n\u2013 Extr\u00e9mit\u00e9s de bride et extr\u00e9mit\u00e9s soud\u00e9es bout \u00e0 bout<br \/>\n\u2013 Conception \u00e0 faible couple, tige \u00e0 surface lisse.<\/p>\n<table border=\"0\" cellspacing=\"0\" cellpadding=\"0\">\n<tbody>\n<tr>\n<td>Marque<\/td>\n<td>VUT<\/td>\n<\/tr>\n<tr>\n<td>Structure<\/td>\n<td>Globe<\/td>\n<\/tr>\n<tr>\n<td>Mat\u00e9riau de la vanne<\/td>\n<td>acier moul\u00e9, acier inoxydable, alliage sp\u00e9cial, CI, DI, etc.<\/td>\n<\/tr>\n<tr>\n<td>Type de vanne<\/td>\n<td>\u00a0Globe<\/td>\n<\/tr>\n<tr>\n<td>Essai de vanne<\/td>\n<td>Quantit\u00e9 100% test\u00e9e avant livraison<\/td>\n<\/tr>\n<tr>\n<td>Garantie des vannes<\/td>\n<td>18 mois apr\u00e8s exp\u00e9ditions et 12 mois apr\u00e8s installation<\/td>\n<\/tr>\n<tr>\n<td>Structure de la vanne<\/td>\n<td>droit<\/td>\n<\/tr>\n<tr>\n<td>Livraison par vanne<\/td>\n<td>15 \u2013 30 jours<\/td>\n<\/tr>\n<tr>\n<td>\u00c9chantillon de vanne<\/td>\n<td>\u00c9chantillon disponible par Didtek Valve<\/td>\n<\/tr>\n<tr>\n<td>Couleur de la vanne<\/td>\n<td>Demande du client<\/td>\n<\/tr>\n<tr>\n<td>Garniture de vanne<\/td>\n<td>Bo\u00eetier en contreplaqu\u00e9 pour robinet \u00e0 soupape<\/td>\n<\/tr>\n<tr>\n<td>MOQ<\/td>\n<td>1 jeu<\/td>\n<\/tr>\n<tr>\n<td>Certificat de vanne<\/td>\n<td>API6D\/CE\/ISO9001\/ISO14001<\/td>\n<\/tr>\n<tr>\n<td>Lieu d&#039;origine<\/td>\n<td>Zhejiang, Chine (continentale)<\/td>\n<\/tr>\n<tr>\n<td>D\u00e9tail de livraison:<\/td>\n<td>Exp\u00e9di\u00e9 dans 15-30 jours apr\u00e8s le paiement<\/td>\n<\/tr>\n<tr>\n<td>Port<\/td>\n<td>Shanghai ou Ningbo<\/td>\n<\/tr>\n<tr>\n<td>Modalit\u00e9s de paiement<\/td>\n<td>LC, D\/A, D\/P, T\/T, Western Union<\/td>\n<\/tr>\n<\/tbody>\n<\/table>\n<p><strong>Application et fonction\u00a0:<\/strong><br \/>\nLes vannes \u00e0 soupape C95400 sont principalement utilis\u00e9es pour les vannes d&#039;arr\u00eat compl\u00e8tement ouvertes ou compl\u00e8tement ferm\u00e9es. Ils ne sont normalement pas envisag\u00e9s \u00e0 des fins d&#039;\u00e9tranglement, mais plut\u00f4t pour les boues, les fluides visqueux, etc. Les vannes \u00e0 vanne sont caract\u00e9ris\u00e9es par une cale mobile, qui se d\u00e9place avec l&#039;actionnement de l&#039;\u00e9crou de tige. Le coin se d\u00e9place perpendiculairement \u00e0 la direction de l&#039;\u00e9coulement. Les vannes \u00e0 vanne ont g\u00e9n\u00e9ralement une chute de pression minimale lorsqu&#039;elles sont compl\u00e8tement ouvertes, assurent une fermeture \u00e9tanche lorsqu&#039;elles sont compl\u00e8tement ferm\u00e9es et restent relativement exemptes d&#039;accumulation de contamination.<\/p>\n<p><strong>Accessoires:<\/strong><br \/>\nDes accessoires tels que des op\u00e9rateurs \u00e0 engrenages, des actionneurs, des bypass, des dispositifs de verrouillage, des roues \u00e0 cha\u00eene, des tiges et des capots allong\u00e9s pour le service cryog\u00e9nique et bien d&#039;autres sont disponibles pour r\u00e9pondre aux exigences des clients.<\/p>","protected":false},"excerpt":{"rendered":"<p>STV Valve Technology Group Co., Ltd est un leader professionnel en Chine. Vanne \u00e0 soupape ASTM B148 C95400, vanne \u00e0 soupape BS1878 C95600, vanne \u00e0 soupape 8 pouces C95400, vanne \u00e0 soupape 150 LB C95600, fabricant de vanne \u00e0 soupape RF C95600 de haute qualit\u00e9 et \u00e0 prix comp\u00e9titif.<\/p>","protected":false},"featured_media":6894,"template":"","meta":[],"product_brand":[],"product_cat":[45,63],"product_tag":[1990,1991,1988,1989,1992],"class_list":{"0":"post-6893","1":"product","2":"type-product","3":"status-publish","4":"has-post-thumbnail","6":"product_cat-globe-valve","7":"product_cat-cast-steel-globe-valve","8":"product_tag-150lb-b148-c95600-globe-valve","9":"product_tag-8-inch-b148-c95600-globe-valve","10":"product_tag-b148-c95600-globe-valve","11":"product_tag-bs1878-b148-c95600-globe-valve","12":"product_tag-c95600-globe-valve-manufacturer","14":"first","15":"instock","16":"shipping-taxable","17":"product-type-simple"},"_links":{"self":[{"href":"https:\/\/www.stvvalves.com\/fr\/wp-json\/wp\/v2\/product\/6893","targetHints":{"allow":["GET"]}}],"collection":[{"href":"https:\/\/www.stvvalves.com\/fr\/wp-json\/wp\/v2\/product"}],"about":[{"href":"https:\/\/www.stvvalves.com\/fr\/wp-json\/wp\/v2\/types\/product"}],"wp:featuredmedia":[{"embeddable":true,"href":"https:\/\/www.stvvalves.com\/fr\/wp-json\/wp\/v2\/media\/6894"}],"wp:attachment":[{"href":"https:\/\/www.stvvalves.com\/fr\/wp-json\/wp\/v2\/media?parent=6893"}],"wp:term":[{"taxonomy":"product_brand","embeddable":true,"href":"https:\/\/www.stvvalves.com\/fr\/wp-json\/wp\/v2\/product_brand?post=6893"},{"taxonomy":"product_cat","embeddable":true,"href":"https:\/\/www.stvvalves.com\/fr\/wp-json\/wp\/v2\/product_cat?post=6893"},{"taxonomy":"product_tag","embeddable":true,"href":"https:\/\/www.stvvalves.com\/fr\/wp-json\/wp\/v2\/product_tag?post=6893"}],"curies":[{"name":"wp","href":"https:\/\/api.w.org\/{rel}","templated":true}]}}