{"id":6916,"date":"2023-09-28T14:38:52","date_gmt":"2023-09-28T06:38:52","guid":{"rendered":"https:\/\/www.stvvalves.com\/?post_type=product&#038;p=6916"},"modified":"2024-12-24T20:11:33","modified_gmt":"2024-12-24T12:11:33","slug":"api-609-lug-type-butterfly-valve-150lb-16-inch-c95800","status":"publish","type":"product","link":"https:\/\/www.stvvalves.com\/fr\/products\/api-609-lug-type-butterfly-valve-150lb-16-inch-c95800\/","title":{"rendered":"Vanne papillon \u00e0 cosse API 609, 150LB, 16 pouces, C95800"},"content":{"rendered":"<p>Conception et fabrication\u00a0:\u00a0API 609<\/p>\n<p>Dimension face \u00e0 face\u00a0: API609, ISO5752, ASME B16.10<\/p>\n<p>Dimension de connexion de bride\uff1aASME B16.5,ASME B16.47<\/p>\n<p>Test et inspection\u00a0:\u00a0API 598<\/p>\n<p>Pression et temp\u00e9rature nominale\u00a0: API 609, ASME B16.34<br \/>\nGamme de produits<\/p>\n<p>Mat\u00e9riau du corps\u00a0: acier moul\u00e9, acier inoxydable, Monel<\/p>\n<p>Diam\u00e8tre nominal\u00a0: 2\u2033\uff5e120\u2033\uff08DN50~DN3000\uff09<\/p>\n<p>Connexion d&#039;extr\u00e9mit\u00e9\u00a0:\u00a0Double bride, plaquette, cosse, etc.<\/p>\n<p>Plage de pression\u00a0: Classe 150 ~ 600 (PN16 ~ PN100)<\/p>\n<p>Temp\u00e9rature de fonctionnement : -46 \u2103 ~ +550 \u2103<\/p>\n<p>Fonctionnement : Poign\u00e9e, Engrenage, Actionneur \u00e9lectrique, etc.<\/p>\n<p>Structure de joint, \u00e9tanch\u00e9it\u00e9 douce,<br \/>\nConducteur de bouchon<br \/>\nSupport de montage ISO 5211<br \/>\nConnexion, bride, plaquette cosse-plaquette<br \/>\nFonctionnement, type, manuel, engrenage \u00e0 vis sans fin, \u00e9lectrique,<br \/>\nPneumatique, Hydraulique<br \/>\nStructure excentrique, centr\u00e9e<\/p>\n<p>Nous sommes un fabricant professionnel de produits de la s\u00e9rie de vannes papillon. La soci\u00e9t\u00e9 a \u00e9t\u00e9 cr\u00e9\u00e9e en 2006 avec un capital social de 11,18 millions de yuans. Depuis sa cr\u00e9ation, nous nous consacrons \u00e0 la recherche et \u00e0 l&#039;ouverture de produits de la s\u00e9rie de vannes papillon. Tous les produits de la s\u00e9rie de vannes papillon fabriqu\u00e9s par notre soci\u00e9t\u00e9 utilisent d\u00e9sormais nos moules uniques, et quelle que soit l&#039;\u00e9paisseur de la paroi du corps de la vanne, l&#039;\u00e9paisseur de la bride et la longueur structurelle, ils peuvent tous r\u00e9pondre aux normes en vigueur. Des moules de fonderie qui ne sont pas couramment utilis\u00e9s par la plupart des fabricants du march\u00e9. Notre champ de production comprend principalement les vannes papillon \u00e0 bride, les vannes papillon \u00e0 plaquettes, les vannes papillon \u00e0 cosse et les vannes papillon soud\u00e9es. La pression nominale va de PN1-100150LB.600LB et les sp\u00e9cifications vont de DN40-1400 \u00e0 NPS2-60. Les normes concern\u00e9es comprennent les normes nationales, le minist\u00e8re de l&#039;Industrie chimique, le minist\u00e8re des Machines, ainsi que les normes d&#039;exportation telles que les normes am\u00e9ricaines, les normes allemandes, les normes japonaises, les normes russes et les normes britanniques.<br \/>\nDe l&#039;acier moul\u00e9 ordinaire WCB, de l&#039;acier inoxydable 304316304L, 316L, \u00e0 l&#039;acier biphas\u00e9 2205, 2507, au nickel-aluminium bleu C95800, au mat\u00e9riau, \u00e0 l&#039;Hastelloy et \u00e0 d&#039;autres aciers sp\u00e9ciaux, notre soci\u00e9t\u00e9 a produit.<\/p>","protected":false},"excerpt":{"rendered":"<p>STV Valve Technology Group Co., Ltd is a professional leader China C95800 butterfly valve,double eccentric butterfly valve\uff0cflanged butterfly valve,flanged butterfly valve,pneumatic butterfly valve,wafer butterfly valve,lug butterfly valve,triple offset butterfly valve,4 inch butterfly valve,6 inch butterfly valve,3 inch butterfly valve,8 inch butterfly valve,API 609 Lug Type Butterfly Valve\uff0c2 inch butterfly valve Manufacture with high quality and competitive price.<\/p>","protected":false},"featured_media":6919,"template":"","meta":[],"product_brand":[],"product_cat":[965,971],"product_tag":[1999,1998,1997],"class_list":{"0":"post-6916","1":"product","2":"type-product","3":"status-publish","4":"has-post-thumbnail","6":"product_cat-butterfly-valve","7":"product_cat-wafer-butterfly-valve","8":"product_tag-150lb-api-609-lug-type-butterfly-valve","9":"product_tag-16-inch-api-609-lug-type-butterfly-valve","10":"product_tag-api-609-lug-type-butterfly-valve","12":"first","13":"instock","14":"shipping-taxable","15":"product-type-simple"},"_links":{"self":[{"href":"https:\/\/www.stvvalves.com\/fr\/wp-json\/wp\/v2\/product\/6916","targetHints":{"allow":["GET"]}}],"collection":[{"href":"https:\/\/www.stvvalves.com\/fr\/wp-json\/wp\/v2\/product"}],"about":[{"href":"https:\/\/www.stvvalves.com\/fr\/wp-json\/wp\/v2\/types\/product"}],"wp:featuredmedia":[{"embeddable":true,"href":"https:\/\/www.stvvalves.com\/fr\/wp-json\/wp\/v2\/media\/6919"}],"wp:attachment":[{"href":"https:\/\/www.stvvalves.com\/fr\/wp-json\/wp\/v2\/media?parent=6916"}],"wp:term":[{"taxonomy":"product_brand","embeddable":true,"href":"https:\/\/www.stvvalves.com\/fr\/wp-json\/wp\/v2\/product_brand?post=6916"},{"taxonomy":"product_cat","embeddable":true,"href":"https:\/\/www.stvvalves.com\/fr\/wp-json\/wp\/v2\/product_cat?post=6916"},{"taxonomy":"product_tag","embeddable":true,"href":"https:\/\/www.stvvalves.com\/fr\/wp-json\/wp\/v2\/product_tag?post=6916"}],"curies":[{"name":"wp","href":"https:\/\/api.w.org\/{rel}","templated":true}]}}