{"id":6958,"date":"2023-11-02T08:48:26","date_gmt":"2023-11-02T00:48:26","guid":{"rendered":"https:\/\/www.stvvalves.com\/?post_type=product&#038;p=6958"},"modified":"2025-09-28T12:19:47","modified_gmt":"2025-09-28T04:19:47","slug":"mss-sp-81-knife-gate-valve-150lb-2205-body-lug-type","status":"publish","type":"product","link":"https:\/\/www.stvvalves.com\/fr\/products\/mss-sp-81-knife-gate-valve-150lb-2205-body-lug-type\/","title":{"rendered":"MSS SP-81 Knife Gate Valve &#8211; 150LB, 2205 Body, Lug Type"},"content":{"rendered":"<p>Expand Description to include:<br \/>\n1) detailed MSS SP-81 standard compliance notes and testing (pressure, seat, leakage class);<br \/>\n2) comprehensive performance data (flow coefficients, torque curves, seating life);<br \/>\n3) installation, operation, and maintenance guidelines;<br \/>\n4) material compatibility and media limitations;<br \/>\n5) industry-specific use cases and case studies.<\/p>\n<p>La vanne \u00e0 guillotine bidirectionnelle manuelle est une vanne \u00e0 guillotine unidirectionnelle utilis\u00e9e sur les pipelines industriels pour un fonctionnement marche-arr\u00eat.<\/p>\n<p>La structure du corps et du si\u00e8ge \u00e9limine le colmatage du flux de particules fines. De plus, le bord du couteau biseaut\u00e9 aide<\/p>\n<p>le portail coupe facilement les supports \u00e9pais. Selon diff\u00e9rentes situations de travail\u00a0: vanne \u00e0 guillotine \u00e0 tige non montante, couteau \u00e0 plaquettes<\/p>\n<p>Vanne \u00e0 guillotine, vanne \u00e0 guillotine \u00e0 ergots, vanne \u00e0 guillotine pneumatique, vanne \u00e0 guillotine \u00e9lectrique, vanne \u00e0 guillotine manuelle et biseau<\/p>\n<p>Les vannes \u00e0 guillotine \u00e0 engrenages sont toutes disponibles<\/p>\n<p>Create a dedicated Applications &amp; Industries subsection detailing suitability for pulp &amp; paper, wastewater, chemicals, and mining, including typical pressures, particle sizes, and service conditions; include short case snapshots and customer quotes.<\/p>\n<p><b>Caract\u00e9ristiques:<\/b><\/p>\n<p>1. Corps :<\/p>\n<p>a) Le corps int\u00e9gral avec structure \u00e0 passage int\u00e9gral assure un \u00e9coulement fluide, un assemblage facile et une possibilit\u00e9 de fuite de coque plus petite.<\/p>\n<p>b) La conception du corps sans rainure \u00e9limine tout colmatage potentiel lors de la fermeture de la vanne.<\/p>\n<p>2. Porte\u00a0:<\/p>\n<p>a) Le bord du couteau biseaut\u00e9 offre une forte contrainte de coupe et une \u00e9tanch\u00e9it\u00e9 \u00e9tanche.<\/p>\n<p>b) L&#039;\u00e9paisseur de la porte peut \u00eatre augment\u00e9e pour r\u00e9pondre \u00e0 une pression plus \u00e9lev\u00e9e.<\/p>\n<p>3. Si\u00e8ge\u00a0:<\/p>\n<p>a) Le si\u00e8ge en \u00e9lastom\u00e8re en forme de U assure une \u00e9tanch\u00e9it\u00e9 p\u00e9riph\u00e9rique le long du bord de la porte et assure une \u00e9tanch\u00e9it\u00e9 parfaite dans les deux sens.<\/p>\n<p>directions d\u2019\u00e9coulement.<\/p>\n<p>4. Autre :<\/p>\n<p>a) Le double roulement de but\u00e9e minimise le couple requis pour le fonctionnement<\/p>\n<p>Taille\u00a0:\u00a0NPS2-48 (DN50-DN1200)<\/p>\n<p>Connexion\u00a0: type de plaquette, type \u00e0 bride, type \u00e0 cosse, type soud\u00e9<\/p>\n<p>Type de joint\u00a0: Souple ou m\u00e9tallique<\/p>\n<p>Mat\u00e9riel\u00a0: GGG40-A356, CF8-A351, CF8M-A351, WCB<\/p>\n<table border=\"1\" width=\"812\">\n<tbody>\n<tr>\n<td>Gamme de taille:<\/td>\n<td>\u00a0 \u00a0 \u00a0DN50 ~ 600 mm NPS 2&quot;-24&quot; (taille plus grande sur demande)<\/td>\n<\/tr>\n<tr>\n<td>\u00a0 \u00a0Presse de travail maximale.\u00a0:<\/td>\n<td>\u00a0 \u00a0 \u00a0DN50 ~ DN250\u00a0: 10 bars NPS2 ~ NPS10\u00a0: 150 psi DN300 ~ DN450\u00a0: 7 bars NPS12 ~ NPS18\u00a0:\u00a090 psi<\/p>\n<p>DN500~DN600\u00a0: 4Bar NPS20~NPS24\uff1a60Psi<\/td>\n<\/tr>\n<tr>\n<td>\u00a0 \u00a0Temp. Gamme:<\/td>\n<td>\u00a0 \u00a0 \u00a0-29\u2026+200\u2103<\/td>\n<\/tr>\n<tr>\n<td>\u00a0 \u00a0\u00c9tanch\u00e9it\u00e9 du joint\u00a0:<\/td>\n<td>\u00a0 \u00a0 \u00a0Selon MSS SP-81<\/td>\n<\/tr>\n<tr>\n<td>\u00a0 \u00a0Mat\u00e9riau du corps :<\/td>\n<td>\u00a0 \u00a0 \u00a0Fonte<\/td>\n<\/tr>\n<tr>\n<td>\u00a0 \u00a0Mat\u00e9riau du portail\u00a0:<\/td>\n<td>\u00a0 \u00a0 \u00a0Acier inoxydable chrom\u00e9, alliage sp\u00e9cial<\/td>\n<\/tr>\n<tr>\n<td>\u00a0 \u00a0Mat\u00e9riau du si\u00e8ge\u00a0:<\/td>\n<td>\u00a0 \u00a0\u00a0\u00a0EPDM (120\u00b0C) \/Viton(200\u00b0C) \/NBR(90\u00b0C)<\/td>\n<\/tr>\n<tr>\n<td>\u00a0 \u00a0Face \u00e0 face:<\/td>\n<td>\u00a0 \u00a0 \u00a0MSS SP-81<\/td>\n<\/tr>\n<tr>\n<td>\u00a0 \u00a0Norme de bride\u00a0:<\/td>\n<td>\u00a0 \u00a0 \u00a0GB\/T 9113.1, JB\/T 79.1, HG 20592, ASME B16.5, EN1092-1<\/td>\n<\/tr>\n<tr>\n<td>\u00a0 \u00a0Applications:<\/td>\n<td>\u00a0 \u00a0 \u00a0P\u00e2tes et papiers, traitement de l&#039;eau, boissons et aliments, produits chimiques fins, Power Planet, industrie sid\u00e9rurgique, etc.<\/td>\n<\/tr>\n<\/tbody>\n<\/table>\n<p>Place concise CTAs after key spec blocks and near the Applications section: e.g., Request a Quote, Download Spec Sheet, Talk to an Engineer, or Add to Cart with price visibility; ensure CTA language aligns with the primary keyword MSS SP-81 Knife Gate Valve and secondary terms.<\/p>\n<p>Integrate schema.org Product with MSS SP-81 knife gate valve specifics (sku, price, availability, color, material, dimensions) and FAQ blocks addressing common questions (e.g., installation, maintenance, seat material compatibility). Add localized content blocks for top target languages with translated values.<\/p>\n<p>MSS SP-81 Knife Gate Valve, 150LB Knife Gate Valve, 2205 Bidirectional Knife Gate Valve, Lugged Knife Gate Valve, manual knife gate valve<\/p>","protected":false},"excerpt":{"rendered":"<p>STV Valve Technology Group Co., Ltd est un leader professionnel en Chine MSS SP-81 Vanne \u00e0 guillotine, vanne \u00e0 guillotine bidirectionnelle manuelle \u00e0 plaquettes, vanne \u00e0 guillotine bidirectionnelle manuelle \u00e0 crampons, vanne \u00e0 guillotine 150LB, vanne \u00e0 guillotine bidirectionnelle 2205, vanne \u00e0 guillotine manuelle et vanne \u00e0 guillotine bidirectionnelle manuelle \u00e0 engrenage conique.<\/p>","protected":false},"featured_media":6959,"template":"","meta":[],"product_brand":[],"product_cat":[44,62],"product_tag":[145,2012,2010,2042,2011,2013,3743,1960],"class_list":{"0":"post-6958","1":"product","2":"type-product","3":"status-publish","4":"has-post-thumbnail","6":"product_cat-gate-valve","7":"product_cat-knife-gate-valve","8":"product_tag-150lb-knife-gate-valve","9":"product_tag-2205-bidirectional-knife-gate-valve","10":"product_tag-china-mss-sp-81-knife-gate-valve","11":"product_tag-lugged-knife-gate-valve","12":"product_tag-lugged-manual-bidirectional-knife-gate-valve","13":"product_tag-manual-knife-gate-valve","14":"product_tag-mss-sp-81-knife-gate-valve","15":"product_tag-wafer-manual-bidirectional-knife-gate-valve","17":"first","18":"instock","19":"shipping-taxable","20":"product-type-simple"},"_links":{"self":[{"href":"https:\/\/www.stvvalves.com\/fr\/wp-json\/wp\/v2\/product\/6958","targetHints":{"allow":["GET"]}}],"collection":[{"href":"https:\/\/www.stvvalves.com\/fr\/wp-json\/wp\/v2\/product"}],"about":[{"href":"https:\/\/www.stvvalves.com\/fr\/wp-json\/wp\/v2\/types\/product"}],"wp:featuredmedia":[{"embeddable":true,"href":"https:\/\/www.stvvalves.com\/fr\/wp-json\/wp\/v2\/media\/6959"}],"wp:attachment":[{"href":"https:\/\/www.stvvalves.com\/fr\/wp-json\/wp\/v2\/media?parent=6958"}],"wp:term":[{"taxonomy":"product_brand","embeddable":true,"href":"https:\/\/www.stvvalves.com\/fr\/wp-json\/wp\/v2\/product_brand?post=6958"},{"taxonomy":"product_cat","embeddable":true,"href":"https:\/\/www.stvvalves.com\/fr\/wp-json\/wp\/v2\/product_cat?post=6958"},{"taxonomy":"product_tag","embeddable":true,"href":"https:\/\/www.stvvalves.com\/fr\/wp-json\/wp\/v2\/product_tag?post=6958"}],"curies":[{"name":"wp","href":"https:\/\/api.w.org\/{rel}","templated":true}]}}