{"id":6973,"date":"2023-11-02T13:21:45","date_gmt":"2023-11-02T05:21:45","guid":{"rendered":"https:\/\/www.stvvalves.com\/?post_type=product&#038;p=6973"},"modified":"2023-11-02T13:21:46","modified_gmt":"2023-11-02T05:21:46","slug":"flange-dual-plate-swing-check-valve-4a-150lb-rf-end","status":"publish","type":"product","link":"https:\/\/www.stvvalves.com\/fr\/products\/flange-dual-plate-swing-check-valve-4a-150lb-rf-end\/","title":{"rendered":"Clapet anti-retour \u00e0 double plaque \u00e0 bride, 4A, 150LB, extr\u00e9mit\u00e9 RF"},"content":{"rendered":"<div class=\"rich-text-table\">\n<table>\n<tbody>\n<tr>\n<td>Nom<\/td>\n<td>Clapet anti-retour \u00e0 double plaque \u00e0 bride<\/td>\n<\/tr>\n<tr>\n<td>Structure<\/td>\n<td>Clapet anti-retour \u00e0 double disque \u00e0 bride<\/td>\n<\/tr>\n<tr>\n<td>Taille<\/td>\n<td>2\u2033~48\u2033\u00a0; DN50~DN1200<\/td>\n<\/tr>\n<tr>\n<td>Pression normale<\/td>\n<td>Classe 150~2500\u00a0; PN10 ~ PN420<\/td>\n<\/tr>\n<tr>\n<td>Norme de conception<\/td>\n<td>API594, API 6D, ASME B16.34, GB\/T8937<\/td>\n<\/tr>\n<tr>\n<td>Marqu\u00e9<\/td>\n<td>MSS SP-25<\/td>\n<\/tr>\n<tr>\n<td>Bride d&#039;extr\u00e9mit\u00e9<\/td>\n<td>ANSI B 16.5, ASME B16.47\u00a0; EN1092, DIN2543 ~ DIN2547<\/td>\n<\/tr>\n<tr>\n<td>Face \u00e0 face<\/td>\n<td>API594, DIN3202, GB\/T8937<\/td>\n<\/tr>\n<tr>\n<td>Norme d&#039;essai<\/td>\n<td>API598,API6D\u00a0; DIN3230, EN12266, OIN 5208<\/td>\n<\/tr>\n<tr>\n<td>Temp\u00e9rature appropri\u00e9e<\/td>\n<td>-29~425\u00b0C<\/td>\n<\/tr>\n<tr>\n<td>Moyen<\/td>\n<td>Eau douce, eaux us\u00e9es, eau de mer, air, vapeur, aliments, m\u00e9dicaments, huiles, alcalis, sel, etc.<\/td>\n<\/tr>\n<tr>\n<td>Environnement acide<\/td>\n<td>NACE MR0175<\/td>\n<\/tr>\n<\/tbody>\n<\/table>\n<\/div>\n<p><b><i>Structure<\/i><\/b><\/p>\n<div class=\"rich-text-table\">\n<table>\n<tbody>\n<tr>\n<td>\u2013 Double plaque<\/td>\n<\/tr>\n<tr>\n<td>\u00a0-Avec Printemps<\/td>\n<\/tr>\n<tr>\n<td>\u2013 Rond, \u00e0 cosse compl\u00e8te ou \u00e0 double bride<\/td>\n<\/tr>\n<tr>\n<td>\u00a0-Indices de pression-temp\u00e9rature\u00a0: ASME B16.34\u00a0;\u00a0DIN2401<\/td>\n<\/tr>\n<tr>\n<td>\u2013 Assise souple ou m\u00e9tallique<\/td>\n<\/tr>\n<tr>\n<td>\u2013 Conception avec ou sans retenue<\/td>\n<\/tr>\n<tr>\n<td>\u2013 Extr\u00e9mit\u00e9s de plaquette adapt\u00e9es aux extr\u00e9mit\u00e9s \u00e0 bride (ASME B16.5 et B16.47 A\/B)<\/td>\n<\/tr>\n<tr>\n<td>\u2013 Conception\u00a0: API594, API 6D, ASME B16.34, GB\/T8937<\/td>\n<\/tr>\n<tr>\n<td>\u2013 Extr\u00e9mit\u00e9s \u00e0 bride selon ASME B16.5\u00a0;\u00a0DIN2543~DIN2547\u00a0;EN1092<\/td>\n<\/tr>\n<tr>\n<td>\u2013 Acier au carbone moul\u00e9 ou forg\u00e9, acier inoxydable, acier duplex<\/td>\n<\/tr>\n<\/tbody>\n<\/table>\n<\/div>\n<p><b><i>Partie principale et mat\u00e9riaux<\/i><\/b><\/p>\n<div class=\"rich-text-table\">\n<table>\n<tbody>\n<tr>\n<td>Noms des pi\u00e8ces<\/td>\n<td colspan=\"11\">Mat\u00e9riaux des pi\u00e8ces<\/td>\n<\/tr>\n<tr>\n<td>Corps<\/td>\n<td>WCB\/A105<\/td>\n<td>LCB\/LF2<\/td>\n<td>WC6\/F11<\/td>\n<td>CF8\/F304<\/td>\n<td colspan=\"2\">CF8M\/F316L<\/td>\n<td colspan=\"2\">CF3\/F304L<\/td>\n<td colspan=\"2\">CF3M\/F316L<\/td>\n<td>CE8MN\/CD4McN<\/td>\n<\/tr>\n<tr>\n<td>Disque<\/td>\n<td>WCB\/A105<\/td>\n<td>LCB\/LF2<\/td>\n<td>WC6\/F11<\/td>\n<td>CF8\/F304<\/td>\n<td colspan=\"2\">CF8M\/F316L<\/td>\n<td colspan=\"2\">CF3\/F304L<\/td>\n<td colspan=\"2\">CF3M\/F316L<\/td>\n<td>CE8MN\/CD4McN<\/td>\n<\/tr>\n<tr>\n<td>Bras<\/td>\n<td>WCB\/A105<\/td>\n<td>LCB\/LF2<\/td>\n<td>WC6\/F11<\/td>\n<td>CF8\/F304<\/td>\n<td colspan=\"2\">CF8M\/F316L<\/td>\n<td colspan=\"2\">CF3\/F304L<\/td>\n<td colspan=\"2\">CF3M\/F316L<\/td>\n<td>CE8MN\/CD4McN<\/td>\n<\/tr>\n<tr>\n<td>Goupille de bras<\/td>\n<td>A182 6a<\/td>\n<td>A182 304<\/td>\n<td>A182 304<\/td>\n<td>A182 304<\/td>\n<td colspan=\"2\">A182 316<\/td>\n<td colspan=\"2\">A182 304L<\/td>\n<td colspan=\"2\">A182 316L<\/td>\n<td>A182F53\/F51<\/td>\n<\/tr>\n<tr>\n<td rowspan=\"2\">Si\u00e8ge\/anneau de si\u00e8ge<\/td>\n<td>STL<\/td>\n<td>SS304<\/td>\n<td>13%Cr<\/td>\n<td>SS304<\/td>\n<td colspan=\"2\">SS316<\/td>\n<td colspan=\"2\">SS304L<\/td>\n<td colspan=\"2\">SS316L<\/td>\n<td>A182F53\/F51<\/td>\n<\/tr>\n<tr>\n<td colspan=\"11\">Ou NBR, EPDM, PTFE<\/td>\n<\/tr>\n<tr>\n<td>Support appropri\u00e9<\/td>\n<td colspan=\"3\">WOG, etc.<\/td>\n<td colspan=\"6\">HNO3, CH3OOH, etc.<\/td>\n<td colspan=\"2\">Ur\u00e9e, etc.<\/td>\n<\/tr>\n<tr>\n<td>Temp\u00e9rature appropri\u00e9e<\/td>\n<td>-29~425 \u00b0C<\/td>\n<td>-46 ~ 340 \u00b0C<\/td>\n<td>-29~538 \u00b0C<\/td>\n<td>-196 ~ 427 \u00b0C<\/td>\n<td>-196 ~ 427 \u00b0C<\/td>\n<td colspan=\"2\">-196 ~ 427 \u00b0C<\/td>\n<td colspan=\"2\">-196 ~ 427 \u00b0C<\/td>\n<td colspan=\"2\">-29~315 \u00b0C<\/td>\n<\/tr>\n<\/tbody>\n<\/table>\n<\/div>","protected":false},"excerpt":{"rendered":"<p>STV Valve Technology Group Co., Ltd est un leader professionnel en Chine Clapet anti-retour \u00e0 double plaque \u00e0 bride, clapet anti-retour \u00e0 ressort, clapet anti-retour \u00e0 plaquette, clapet anti-retour \u00e0 plaquette, fabricant de clapet anti-retour en acier inoxydable, clapet anti-retour \u00e0 double plaque \u00e0 bride 4A, bride de 150 LB Clapet anti-retour \u00e0 double plaque de haute qualit\u00e9 et \u00e0 prix comp\u00e9titif.<\/p>","protected":false},"featured_media":6974,"template":"","meta":[],"product_brand":[],"product_cat":[46,84],"product_tag":[2035,2034,2032,227,2033,225,228],"class_list":{"0":"post-6973","1":"product","2":"type-product","3":"status-publish","4":"has-post-thumbnail","6":"product_cat-check-valves","7":"product_cat-wafer-check-valve","8":"product_tag-150lb-flange-dual-plate-swing-check-valve","9":"product_tag-4a-flange-dual-plate-swing-check-valve","10":"product_tag-china-flange-dual-plate-swing-check-valve","11":"product_tag-spring-loaded-check-valve","12":"product_tag-stainless-steel-check-valve-manufacturer","13":"product_tag-wafer-check-valve","14":"product_tag-wafer-swing-check-valve","16":"first","17":"instock","18":"shipping-taxable","19":"product-type-simple"},"_links":{"self":[{"href":"https:\/\/www.stvvalves.com\/fr\/wp-json\/wp\/v2\/product\/6973","targetHints":{"allow":["GET"]}}],"collection":[{"href":"https:\/\/www.stvvalves.com\/fr\/wp-json\/wp\/v2\/product"}],"about":[{"href":"https:\/\/www.stvvalves.com\/fr\/wp-json\/wp\/v2\/types\/product"}],"wp:featuredmedia":[{"embeddable":true,"href":"https:\/\/www.stvvalves.com\/fr\/wp-json\/wp\/v2\/media\/6974"}],"wp:attachment":[{"href":"https:\/\/www.stvvalves.com\/fr\/wp-json\/wp\/v2\/media?parent=6973"}],"wp:term":[{"taxonomy":"product_brand","embeddable":true,"href":"https:\/\/www.stvvalves.com\/fr\/wp-json\/wp\/v2\/product_brand?post=6973"},{"taxonomy":"product_cat","embeddable":true,"href":"https:\/\/www.stvvalves.com\/fr\/wp-json\/wp\/v2\/product_cat?post=6973"},{"taxonomy":"product_tag","embeddable":true,"href":"https:\/\/www.stvvalves.com\/fr\/wp-json\/wp\/v2\/product_tag?post=6973"}],"curies":[{"name":"wp","href":"https:\/\/api.w.org\/{rel}","templated":true}]}}