{"id":6976,"date":"2023-11-02T13:51:05","date_gmt":"2023-11-02T05:51:05","guid":{"rendered":"https:\/\/www.stvvalves.com\/?post_type=product&#038;p=6976"},"modified":"2023-11-02T13:51:06","modified_gmt":"2023-11-02T05:51:06","slug":"2500lb-axial-flow-check-valve-10-inch-wcb-body-flange-end","status":"publish","type":"product","link":"https:\/\/www.stvvalves.com\/fr\/products\/2500lb-axial-flow-check-valve-10-inch-wcb-body-flange-end\/","title":{"rendered":"Clapet anti-retour \u00e0 d\u00e9bit axial 2500LB, 10 pouces, corps WCB, extr\u00e9mit\u00e9 de bride"},"content":{"rendered":"<p><b><strong>Clapet anti-retour \u00e0 d\u00e9bit axial 2500LB\u00a0<\/strong><\/b><\/p>\n<p>Caract\u00e9ristiques du produit<\/p>\n<p>Vers API594<br \/>\nFace \u00e0 face selon ANSI B 16.10<br \/>\nDimension des extr\u00e9mit\u00e9s de bride ANSI B 16.5\/ANSI B 16.47<\/p>\n<p>Tests d&#039;inspection finale selon API598.<\/p>\n<p>Mat\u00e9riaux disponibles en\u00a0:<br \/>\nWCB, LCB, CF8, CF8M, CF3, CF3M, WC6, WC9, C5, C12 ou \u00e9quivalent, disponibles \u00e9galement en aciers basse temp\u00e9rature, aciers faiblement alli\u00e9s, aciers inoxydables, aciers inoxydables de type duplex et autres mat\u00e9riaux exotiques\u00a0; Divers mat\u00e9riaux de garniture disponibles pour s&#039;adapter aux conditions de service<\/p>\n<p>Protection contre la corrosion<br \/>\nRev\u00eatement \u00e9poxy int\u00e9rieur et ext\u00e9rieur<\/p>\n<p>Temp\u00e9rature applicable\u00a0:<br \/>\n-196-540 mati\u00e8res premi\u00e8res diff\u00e9rentes pour diff\u00e9rentes temp\u00e9ratures de travail<br \/>\nMilieu Applicable\u00a0: eau, p\u00e9trole, gaz et autres milieux de causticit\u00e9 (mati\u00e8re premi\u00e8re diff\u00e9rente pour diff\u00e9rents milieux)<\/p>","protected":false},"excerpt":{"rendered":"<p>STV Valve Technology Group Co., Ltd est un leader professionnel en Chine Clapet anti-retour \u00e0 d\u00e9bit axial 2500LB, Clapet anti-retour \u00e0 d\u00e9bit axial 10 pouces 2500LB, Clapet anti-retour \u00e0 d\u00e9bit axial WCB 2500LB, Fabricant de clapet anti-retour \u00e0 d\u00e9bit axial 2500LB \u00e0 extr\u00e9mit\u00e9 de bride de haute qualit\u00e9 et \u00e0 prix comp\u00e9titif.<\/p>","protected":false},"featured_media":6977,"template":"","meta":[],"product_brand":[],"product_cat":[46,84],"product_tag":[2037,2036,2039,2038],"class_list":{"0":"post-6976","1":"product","2":"type-product","3":"status-publish","4":"has-post-thumbnail","6":"product_cat-check-valves","7":"product_cat-wafer-check-valve","8":"product_tag-10-inch-2500lb-axial-flow-check-valve","9":"product_tag-china-2500lb-axial-flow-check-valve","10":"product_tag-flange-end-2500lb-axial-flow-check-valve-manufacturer","11":"product_tag-wcb-2500lb-axial-flow-check-valve","13":"first","14":"instock","15":"shipping-taxable","16":"product-type-simple"},"_links":{"self":[{"href":"https:\/\/www.stvvalves.com\/fr\/wp-json\/wp\/v2\/product\/6976","targetHints":{"allow":["GET"]}}],"collection":[{"href":"https:\/\/www.stvvalves.com\/fr\/wp-json\/wp\/v2\/product"}],"about":[{"href":"https:\/\/www.stvvalves.com\/fr\/wp-json\/wp\/v2\/types\/product"}],"wp:featuredmedia":[{"embeddable":true,"href":"https:\/\/www.stvvalves.com\/fr\/wp-json\/wp\/v2\/media\/6977"}],"wp:attachment":[{"href":"https:\/\/www.stvvalves.com\/fr\/wp-json\/wp\/v2\/media?parent=6976"}],"wp:term":[{"taxonomy":"product_brand","embeddable":true,"href":"https:\/\/www.stvvalves.com\/fr\/wp-json\/wp\/v2\/product_brand?post=6976"},{"taxonomy":"product_cat","embeddable":true,"href":"https:\/\/www.stvvalves.com\/fr\/wp-json\/wp\/v2\/product_cat?post=6976"},{"taxonomy":"product_tag","embeddable":true,"href":"https:\/\/www.stvvalves.com\/fr\/wp-json\/wp\/v2\/product_tag?post=6976"}],"curies":[{"name":"wp","href":"https:\/\/api.w.org\/{rel}","templated":true}]}}