{"id":6978,"date":"2023-11-03T15:24:07","date_gmt":"2023-11-03T07:24:07","guid":{"rendered":"https:\/\/www.stvvalves.com\/?post_type=product&#038;p=6978"},"modified":"2023-11-03T15:24:09","modified_gmt":"2023-11-03T07:24:09","slug":"rising-stem-knife-gate-valve-150lb-wcb-body-lugged-type","status":"publish","type":"product","link":"https:\/\/www.stvvalves.com\/fr\/products\/rising-stem-knife-gate-valve-150lb-wcb-body-lugged-type\/","title":{"rendered":"Vanne \u00e0 guillotine \u00e0 tige montante, 150 LB, corps WCB, type \u00e0 crampons"},"content":{"rendered":"<p><strong>Vanne \u00e0 guillotine unidirectionnelle \u00e0 tige montante manuelle<\/strong><\/p>\n<p>La vanne \u00e0 guillotine \u00e0 tige montante est une vanne \u00e0 guillotine scell\u00e9e unidirectionnelle, qui peut remplacer la bague d&#039;\u00e9tanch\u00e9it\u00e9 en caoutchouc. Le principe d&#039;\u00e9tanch\u00e9it\u00e9 consiste principalement \u00e0 obtenir l&#039;effet d&#039;\u00e9tanch\u00e9it\u00e9 gr\u00e2ce \u00e0 la connexion \u00e9troite entre la porte et la bague d&#039;\u00e9tanch\u00e9it\u00e9 en caoutchouc. Cette s\u00e9rie de vannes \u00e0 guillotine est une sorte de produit \u00e9conomique et efficace de haute performance, qui peut \u00eatre \u00e9quip\u00e9 d&#039;un actionneur pneumatique pour r\u00e9pondre \u00e0 diff\u00e9rentes exigences industrielles et mini\u00e8res.<\/p>\n<p><strong>Tailles<\/strong>: DN50-1600<\/p>\n<p><strong>Corps<\/strong>:DI, WCB, CF8, CF8M, CF3, CF3M<\/p>\n<p><strong>Disque<\/strong>:SS304, SS316, SS316L, SS310, 2205, F53, F55<\/p>\n<p><strong>Si\u00e8ge<\/strong>:EPDM,NBR,PTFE,Viton,M\u00e9tal<\/p>\n<p><strong>Emballage<\/strong>:PTFE, caoutchouc, graphite, fibre d&#039;aramide, garniture \u00e0 haute teneur en eau<\/p>\n<p><strong>Op\u00e9ration<\/strong>: volant, engrenage conique, \u00e9lectrique, pneumatique, hydraulique, \u00e9lectro-hydraulique, levier, plateau<\/p>\n<p><strong>Pression de service<\/strong>:<\/p>\n<p>DN 50 \u2013 DN 250 10 kg<\/p>\n<p>DN 300 \u2013 DN 400 6 kg<\/p>\n<p>DN450 5kg<\/p>\n<p>DN 500 \u2013 DN 600 4 kg<\/p>\n<p>DN 700 \u2013 DN 1200 2 kg<\/p>\n<p><strong>Connexion \u00e0 bride<\/strong>:<\/p>\n<p>PN10, PN16, ANSI B16.5 classe 150, BS \u00ab\u00a0D\u00a0\u00bb et \u00ab\u00a0E\u00a0\u00bb<\/p>","protected":false},"excerpt":{"rendered":"<p>STV Valve Technology Group Co., Ltd est un leader professionnel des vannes \u00e0 guillotine \u00e0 couteau en Chine, couteau \u00e0 plaquette de 150 LB<\/p>\n<p>Vanne \u00e0 guillotine, vanne \u00e0 guillotine \u00e0 oreilles WCB, vanne \u00e0 guillotine pneumatique, vanne \u00e0 guillotine \u00e9lectrique, vanne \u00e0 guillotine manuelle et biseau<\/p>\n<p>vanne \u00e0 guillotine \u00e0 engrenages. Vanne \u00e0 guillotine \u00e0 tige montante, vanne \u00e0 guillotine \u00e0 tige montante de 150 LB, vanne \u00e0 guillotine \u00e0 tige montante \u00e0 corps WCB, vanne \u00e0 guillotine \u00e0 tige montante de type \u00e0 crampons.<\/p>","protected":false},"featured_media":6980,"template":"","meta":[],"product_brand":[],"product_cat":[44,62],"product_tag":[2040,2042,2043,2041],"class_list":{"0":"post-6978","1":"product","2":"type-product","3":"status-publish","4":"has-post-thumbnail","6":"product_cat-gate-valve","7":"product_cat-knife-gate-valve","8":"product_tag-150lb-rising-stem-knife-gate-valve","9":"product_tag-lugged-knife-gate-valve","10":"product_tag-rising-stem-knife-gate-valve","11":"product_tag-wcb-rising-stem-knife-gate-valve","13":"first","14":"instock","15":"shipping-taxable","16":"product-type-simple"},"_links":{"self":[{"href":"https:\/\/www.stvvalves.com\/fr\/wp-json\/wp\/v2\/product\/6978","targetHints":{"allow":["GET"]}}],"collection":[{"href":"https:\/\/www.stvvalves.com\/fr\/wp-json\/wp\/v2\/product"}],"about":[{"href":"https:\/\/www.stvvalves.com\/fr\/wp-json\/wp\/v2\/types\/product"}],"wp:featuredmedia":[{"embeddable":true,"href":"https:\/\/www.stvvalves.com\/fr\/wp-json\/wp\/v2\/media\/6980"}],"wp:attachment":[{"href":"https:\/\/www.stvvalves.com\/fr\/wp-json\/wp\/v2\/media?parent=6978"}],"wp:term":[{"taxonomy":"product_brand","embeddable":true,"href":"https:\/\/www.stvvalves.com\/fr\/wp-json\/wp\/v2\/product_brand?post=6978"},{"taxonomy":"product_cat","embeddable":true,"href":"https:\/\/www.stvvalves.com\/fr\/wp-json\/wp\/v2\/product_cat?post=6978"},{"taxonomy":"product_tag","embeddable":true,"href":"https:\/\/www.stvvalves.com\/fr\/wp-json\/wp\/v2\/product_tag?post=6978"}],"curies":[{"name":"wp","href":"https:\/\/api.w.org\/{rel}","templated":true}]}}