{"id":6983,"date":"2023-11-03T16:07:26","date_gmt":"2023-11-03T08:07:26","guid":{"rendered":"https:\/\/www.stvvalves.com\/?post_type=product&#038;p=6983"},"modified":"2023-11-03T16:07:27","modified_gmt":"2023-11-03T08:07:27","slug":"tilting-disc-check-valve-cf8m-body-150lb-4-inch","status":"publish","type":"product","link":"https:\/\/www.stvvalves.com\/fr\/products\/tilting-disc-check-valve-cf8m-body-150lb-4-inch\/","title":{"rendered":"Clapet anti-retour \u00e0 disque inclinable, corps CF8M, 150LB, 4 pouces"},"content":{"rendered":"<p>Le clapet anti-retour \u00e0 disque inclinable de la surface d&#039;\u00e9tanch\u00e9it\u00e9 est d\u00e9clin\u00e9 contre la sortie avec un petit angle de chute pour r\u00e9duire les vibrations tandis qu&#039;il y a un dispositif tampon dans le corps qui peut tamponner le d\u00e9bit pour emp\u00eacher la pompe de revenir en arri\u00e8re et une pression de coup de b\u00e9lier tr\u00e8s \u00e9lev\u00e9e.<br \/>\nLa s\u00e9lection des diff\u00e9rents mat\u00e9riaux peut s&#039;appliquer au milieu impliquant l&#039;eau, la vapeur, les huiles, l&#039;acide nitrique, l&#039;ac\u00e9tide, le milieu oxydant fort et l&#039;ur\u00e9e, etc.<\/p>\n<p><strong>Caract\u00e9ristique structurelle<\/strong><\/p>\n<p>Fermeture rapide du disque de vanne, faible pression de coup de b\u00e9lier\u00a0;<br \/>\nApplicable et facilement install\u00e9 pour les pipelines verticaux ou horizontaux\u00a0;<br \/>\nPassage d&#039;\u00e9coulement fluide et petite r\u00e9sistance aux fluides\u00a0;<br \/>\nAction flexible et bonnes performances d\u2019\u00e9tanch\u00e9it\u00e9\u00a0;<br \/>\nCourse \u00e9troite de la valve et faible impact de fermeture\u00a0;<br \/>\nStructure int\u00e9gr\u00e9e, simple et compacte, en belle forme\u00a0;<br \/>\nLongue dur\u00e9e de vie et bonne fiabilit\u00e9.<br \/>\nStructure d\u00e9cal\u00e9e, avec une longueur face \u00e0 face optimale qui r\u00e9duit la r\u00e9sistance \u00e0 l&#039;\u00e9coulement et \u00e9limine les surpressions. \u00c0 utiliser pour se prot\u00e9ger du reflux moyen.<\/p>\n<p><strong>Sp\u00e9cification des param\u00e8tres principaux<\/strong><\/p>\n<p>Conception et fabrication\u00a0: API594<br \/>\nFace \u00e0 face et bout \u00e0 bout\u00a0:API594<br \/>\nInspection et test\u00a0: API598<\/p>\n<p><strong>Gamme de produits<\/strong><\/p>\n<p>Mat\u00e9riau du corps : acier au carbone, acier inoxydable, acier alli\u00e9, bronze<br \/>\nDiam\u00e8tre nominal\u00a0: 2\u2033~24\u2033 (DN50~DN600)<br \/>\nConnexion d&#039;extr\u00e9mit\u00e9\u00a0: plaquette<br \/>\nPlage de pression\u00a0: Classe 150 ~ 2\u00a0500 (PN16 ~ PN150)<br \/>\nTemp\u00e9rature de fonctionnement\u00a0:-196\u00baC~+560\u00baC<\/p>","protected":false},"excerpt":{"rendered":"<p>STV Valve Technology Group Co., Ltd est un leader professionnel en Chine Fournisseur de clapet anti-retour \u00e0 disque inclinable, clapet anti-retour \u00e0 disque inclinable CF8M, clapet anti-retour \u00e0 disque inclinable de 150 LB, clapet anti-retour \u00e0 disque inclinable de 4 pouces, clapet anti-retour \u00e0 disque inclinable \u00e0 si\u00e8ge m\u00e9tallique, contr\u00f4le de disque inclinable API 594 Fabricant de vannes de haute qualit\u00e9 et \u00e0 prix comp\u00e9titif.<\/p>","protected":false},"featured_media":6984,"template":"","meta":[],"product_brand":[],"product_cat":[46,84],"product_tag":[2052,2053,2055,2051,2050,2054],"class_list":{"0":"post-6983","1":"product","2":"type-product","3":"status-publish","4":"has-post-thumbnail","6":"product_cat-check-valves","7":"product_cat-wafer-check-valve","8":"product_tag-150lb-tilting-disc-check-valve","9":"product_tag-4-inch-tilting-disc-check-valve","10":"product_tag-api-594-tilting-disc-check-valve-manufacturer","11":"product_tag-cf8m-tilting-disc-check-valve","12":"product_tag-china-tilting-disc-check-valve-supplier","13":"product_tag-metal-seat-tilting-disc-check-valve","15":"first","16":"instock","17":"shipping-taxable","18":"product-type-simple"},"_links":{"self":[{"href":"https:\/\/www.stvvalves.com\/fr\/wp-json\/wp\/v2\/product\/6983","targetHints":{"allow":["GET"]}}],"collection":[{"href":"https:\/\/www.stvvalves.com\/fr\/wp-json\/wp\/v2\/product"}],"about":[{"href":"https:\/\/www.stvvalves.com\/fr\/wp-json\/wp\/v2\/types\/product"}],"wp:featuredmedia":[{"embeddable":true,"href":"https:\/\/www.stvvalves.com\/fr\/wp-json\/wp\/v2\/media\/6984"}],"wp:attachment":[{"href":"https:\/\/www.stvvalves.com\/fr\/wp-json\/wp\/v2\/media?parent=6983"}],"wp:term":[{"taxonomy":"product_brand","embeddable":true,"href":"https:\/\/www.stvvalves.com\/fr\/wp-json\/wp\/v2\/product_brand?post=6983"},{"taxonomy":"product_cat","embeddable":true,"href":"https:\/\/www.stvvalves.com\/fr\/wp-json\/wp\/v2\/product_cat?post=6983"},{"taxonomy":"product_tag","embeddable":true,"href":"https:\/\/www.stvvalves.com\/fr\/wp-json\/wp\/v2\/product_tag?post=6983"}],"curies":[{"name":"wp","href":"https:\/\/api.w.org\/{rel}","templated":true}]}}