{"id":6997,"date":"2023-12-05T14:58:23","date_gmt":"2023-12-05T06:58:23","guid":{"rendered":"https:\/\/www.stvvalves.com\/?post_type=product&#038;p=6997"},"modified":"2023-12-05T14:58:25","modified_gmt":"2023-12-05T06:58:25","slug":"dn300-basket-strainer-cs-g25-pn10-rf-end-din-3356-bb-design","status":"publish","type":"product","link":"https:\/\/www.stvvalves.com\/fr\/products\/dn300-basket-strainer-cs-g25-pn10-rf-end-din-3356-bb-design\/","title":{"rendered":"Cr\u00e9pine \u00e0 panier DN300, CS-G25, PN10, extr\u00e9mit\u00e9 RF, DIN 3356, conception BB"},"content":{"rendered":"<p><strong><u>Entretien du T-Basket\u00a0<\/u><\/strong><strong><u>Filtre \u00a0 \u00a0 \u00a0 \u00a0 \u00a0 \u00a0 \u00a0 \u00a0 \u00a0 \u00a0 \u00a0 \u00a0 \u00a0 \u00a0 \u00a0 \u00a0 \u00a0 \u00a0 \u00a0 \u00a0 \u00a0 \u00a0 \u00a0 \u00a0 \u00a0 \u00a0 \u00a0 \u00a0 \u00a0 \u00a0 \u00a0\u00a0<\/u><\/strong><\/p>\n<ul>\n<li>L&#039;\u00e9l\u00e9ment cl\u00e9 de ce type de filtre est le noyau du filtre. Le noyau du filtre se compose du cadre du filtre et du treillis m\u00e9tallique en acier inoxydable. Le treillis m\u00e9tallique SS appartient aux pi\u00e8ces d&#039;usure. Il n\u00e9cessite une protection sp\u00e9ciale.<\/li>\n<li>Apr\u00e8s que le filtre ait fonctionn\u00e9 pendant un certain temps, il pr\u00e9cipitera une certaine quantit\u00e9 d&#039;impuret\u00e9s dans le noyau du filtre. Ensuite, la pression augmentera et la vitesse d&#039;\u00e9coulement sera r\u00e9duite. Nous devons donc nettoyer les impuret\u00e9s dans le noyau du filtre \u00e0 temps.<\/li>\n<li>Lorsque nous nettoyons les impuret\u00e9s, nous devons veiller \u00e0 ce que le treillis m\u00e9tallique SS dans le noyau du filtre ne soit pas d\u00e9form\u00e9 ou endommag\u00e9. Sinon, lorsque vous r\u00e9utilisez le filtre, les impuret\u00e9s du liquide filtr\u00e9 n&#039;atteindront pas les exigences con\u00e7ues. les compresseurs, la pompe ou les instruments seront d\u00e9truits.<\/li>\n<li>Une fois que le treillis m\u00e9tallique SS s&#039;est av\u00e9r\u00e9 d\u00e9form\u00e9 ou endommag\u00e9, nous devons le remplacer imm\u00e9diatement.<\/li>\n<\/ul>\n<p>Cr\u00e9pine \u00e0 panier<br \/>\nCourte introduction:<br \/>\nLe filtre peut \u00eatre utilis\u00e9 sur tous les types de canalisations pour collecter les substances \u00e9trang\u00e8res granul\u00e9es et les contaminants collect\u00e9s. Il peut am\u00e9liorer le jeu dans le milieu et prolonger la dur\u00e9e de vie des vannes et autres \u00e9quipements. Il convient \u00e0 l&#039;eau, au p\u00e9trole et \u00e0 la vapeur.<br \/>\nPi\u00e8ce principale et mat\u00e9riau<br \/>\nCorps\u00a0:\u00a0Acier au carbone<br \/>\nMaille : acier inoxydable<br \/>\nSp\u00e9cifications techniques<br \/>\nDiam\u00e8tre nominal\u00a0: 15 ~ 500\u00a0mm<br \/>\nPression nominale\u00a0:\u00a00,6-5,0\u00a0Mpa<br \/>\nNous fournissons des cr\u00e9pines \u00e0 panier de type moul\u00e9 et soud\u00e9<br \/>\n1) Tailles : 1\/2 \u2013 24\u2033<br \/>\n2) Pression nominale : 150 lb, 300 lb, 600 lb<br \/>\n3) Temp\u00e9rature appropri\u00e9e\u00a0: -196\u00a0oC \u2013 600\u00a0oC<br \/>\n4) Milieu appropri\u00e9 : Eau, gaz, p\u00e9trole, vapeur, etc.<br \/>\n5) Mat\u00e9riau du corps\u00a0: A106\/WCB, COE, WC6, WC9, LCB, LCC, SS304\/CF8, SS316\/CF8M, 304L\/CF3, SS316L\/CF3M<br \/>\n6) \u00c9cran : Acier inoxydable (SS304\/SS316)<br \/>\n7) Connexion d&#039;extr\u00e9mit\u00e9\u00a0: FF, RF, THD, BW<br \/>\n8, forme d&#039;entr\u00e9e\/sortie\u00a0: bride\/fil int\u00e9rieur\/fil ext\u00e9rieur\/installation rapide<br \/>\n9, forme de compression du couvercle\u00a0:\u00a0boulon\/boulon rapide<br \/>\n10, viscosit\u00e9 appropri\u00e9e (cp): 1-30000<br \/>\n11, forme de panier\u00a0: maille de poin\u00e7onnage\/maille monocouche\/maille composite<\/p>","protected":false},"excerpt":{"rendered":"<p>STV Valve Technology Group Co., Ltd est un leader professionnel de la cr\u00e9pine \u00e0 panier BB Design, de la cr\u00e9pine \u00e0 panier DN300, de la cr\u00e9pine \u00e0 panier CS-G25, de la cr\u00e9pine \u00e0 panier PN10, de la cr\u00e9pine \u00e0 panier d&#039;extr\u00e9mit\u00e9 RF, de la cr\u00e9pine \u00e0 panier DIN 3356.<\/p>","protected":false},"featured_media":6998,"template":"","meta":[],"product_brand":[],"product_cat":[48,72],"product_tag":[2072,2074,2077,2073,2075,2076],"class_list":{"0":"post-6997","1":"product","2":"type-product","3":"status-publish","4":"has-post-thumbnail","6":"product_cat-y-strainer","7":"product_cat-cast-steel-y-type-strainer","8":"product_tag-bb-design-basket-strainer","9":"product_tag-cs-g25-basket-strainer","10":"product_tag-din-3356-basket-strainer","11":"product_tag-dn300-basket-strainer","12":"product_tag-pn10-basket-strainer","13":"product_tag-rf-end-basket-strainer","15":"first","16":"instock","17":"shipping-taxable","18":"product-type-simple"},"_links":{"self":[{"href":"https:\/\/www.stvvalves.com\/fr\/wp-json\/wp\/v2\/product\/6997","targetHints":{"allow":["GET"]}}],"collection":[{"href":"https:\/\/www.stvvalves.com\/fr\/wp-json\/wp\/v2\/product"}],"about":[{"href":"https:\/\/www.stvvalves.com\/fr\/wp-json\/wp\/v2\/types\/product"}],"wp:featuredmedia":[{"embeddable":true,"href":"https:\/\/www.stvvalves.com\/fr\/wp-json\/wp\/v2\/media\/6998"}],"wp:attachment":[{"href":"https:\/\/www.stvvalves.com\/fr\/wp-json\/wp\/v2\/media?parent=6997"}],"wp:term":[{"taxonomy":"product_brand","embeddable":true,"href":"https:\/\/www.stvvalves.com\/fr\/wp-json\/wp\/v2\/product_brand?post=6997"},{"taxonomy":"product_cat","embeddable":true,"href":"https:\/\/www.stvvalves.com\/fr\/wp-json\/wp\/v2\/product_cat?post=6997"},{"taxonomy":"product_tag","embeddable":true,"href":"https:\/\/www.stvvalves.com\/fr\/wp-json\/wp\/v2\/product_tag?post=6997"}],"curies":[{"name":"wp","href":"https:\/\/api.w.org\/{rel}","templated":true}]}}