{"id":7000,"date":"2023-12-06T15:25:22","date_gmt":"2023-12-06T07:25:22","guid":{"rendered":"https:\/\/www.stvvalves.com\/?post_type=product&#038;p=7000"},"modified":"2024-12-25T10:36:56","modified_gmt":"2024-12-25T02:36:56","slug":"astm-a890-gr-5a-swing-check-valve-api-6d-4-inch-class-150-rf","status":"publish","type":"product","link":"https:\/\/www.stvvalves.com\/fr\/products\/astm-a890-gr-5a-swing-check-valve-api-6d-4-inch-class-150-rf\/","title":{"rendered":"Clapet anti-retour \u00e0 battant ASTM A890 Gr.5A, API 6D, 4 pouces, classe 150, RF"},"content":{"rendered":"<p>Norme de conception\u00a0: BS 1868 ou API 6D<br \/>\nIndices de pression-temp\u00e9rature\u00a0: ASME B16.34<br \/>\nGamme de tailles : 2&quot; \u00e0 48&quot;<br \/>\nPlage de pression\u00a0: Classe 150 \u00e0 2\u00a0500<br \/>\nConnexions d&#039;extr\u00e9mit\u00e9\u00a0: RF \u00e0 bride, RTJ, FF, soudure bout \u00e0 bout<br \/>\nChapeau\u00a0:\u00a0Couvercle boulonn\u00e9 ou scell\u00e9 sous pression<br \/>\nDimensions des extr\u00e9mit\u00e9s \u00e0 bride\u00a0: ASME B16.5 (\u226424\u00a0po), ASME B16.47 s\u00e9rie A ou B (&gt;24\u00a0po)<br \/>\nDimensions des extr\u00e9mit\u00e9s soud\u00e9es bout \u00e0 bout\u00a0: ASME B16.25 face \u00e0 face<br \/>\nDimensions face \u00e0 face\u00a0: ASME B16.10<br \/>\nInspection et tests\u00a0: API 598, API 6D<br \/>\nMat\u00e9riaux du corps\u00a0: WCB, CF8, CF3, CF3M, CF8M, CF8C, A995 4A, 5A, 6A, C95800, INCONEL 625, INCONEL 825, MONEL, WC6, WC9, LCB, LCC.<br \/>\nMat\u00e9riaux de garniture\u00a0: 1#, 5#,8#,10#,12#,16#<br \/>\nMat\u00e9riaux de boulonnage\u00a0: ASTM A193 B7, B7M, B8, B8M \/ ASTM A194 2H, 2HM, 8, 8M.<br \/>\nNACE MR0175<\/p>\n<p>ASTM A890 Gr.5A Swing Check Valve<\/p>","protected":false},"excerpt":{"rendered":"<p>Explore our ASTM A890 Gr.5A Swing Check Valve featuring API 6D certification. This 4-inch valve is designed for Class 150 applications, ensuring reliable performance and durable construction. Ideal for various industrial uses, our RF (Raised Face) design guarantees a leak-proof seal for enhanced efficiency. Perfect for your pipeline needs, this swing check valve meets rigorous quality standards.<\/p>\n<p>STV Valve Technology Group Co., Ltd is a professional leader China ASTM A890 5A Swing Check Valve,ASTM A890 Gr.5A Swing Check Valv,4 Inch Swing Check Valve, 150 Swing Check Valve,Flange End Swing Check Valve,API 6D 5A Swing Check Valve Manufacturer with high quality and competitive price.<\/p>\n<p>Veuillez contacter notre sales@stvvalve.com pour d&#039;autres mat\u00e9riaux et d\u00e9tails.<\/p>\n<p>&nbsp;<\/p>","protected":false},"featured_media":7001,"template":"","meta":[],"product_brand":[],"product_cat":[46,67],"product_tag":[2080,2079,2081,2078,339],"class_list":{"0":"post-7000","1":"product","2":"type-product","3":"status-publish","4":"has-post-thumbnail","6":"product_cat-check-valves","7":"product_cat-stainless-steel-check-valve","8":"product_tag-150-swing-check-valve","9":"product_tag-4-inch-swing-check-valve","10":"product_tag-api-6d-5a-swing-check-valve-manufacturer","11":"product_tag-china-astm-a890-5a-swing-check-valve","12":"product_tag-flange-end-swing-check-valve","14":"first","15":"instock","16":"shipping-taxable","17":"product-type-simple"},"_links":{"self":[{"href":"https:\/\/www.stvvalves.com\/fr\/wp-json\/wp\/v2\/product\/7000","targetHints":{"allow":["GET"]}}],"collection":[{"href":"https:\/\/www.stvvalves.com\/fr\/wp-json\/wp\/v2\/product"}],"about":[{"href":"https:\/\/www.stvvalves.com\/fr\/wp-json\/wp\/v2\/types\/product"}],"wp:featuredmedia":[{"embeddable":true,"href":"https:\/\/www.stvvalves.com\/fr\/wp-json\/wp\/v2\/media\/7001"}],"wp:attachment":[{"href":"https:\/\/www.stvvalves.com\/fr\/wp-json\/wp\/v2\/media?parent=7000"}],"wp:term":[{"taxonomy":"product_brand","embeddable":true,"href":"https:\/\/www.stvvalves.com\/fr\/wp-json\/wp\/v2\/product_brand?post=7000"},{"taxonomy":"product_cat","embeddable":true,"href":"https:\/\/www.stvvalves.com\/fr\/wp-json\/wp\/v2\/product_cat?post=7000"},{"taxonomy":"product_tag","embeddable":true,"href":"https:\/\/www.stvvalves.com\/fr\/wp-json\/wp\/v2\/product_tag?post=7000"}],"curies":[{"name":"wp","href":"https:\/\/api.w.org\/{rel}","templated":true}]}}