{"id":7008,"date":"2023-12-07T14:32:15","date_gmt":"2023-12-07T06:32:15","guid":{"rendered":"https:\/\/www.stvvalves.com\/?post_type=product&#038;p=7008"},"modified":"2024-12-24T15:44:53","modified_gmt":"2024-12-24T07:44:53","slug":"2-pc-ball-valve-6000psi-a105n-316-trim-peek-seat","status":"publish","type":"product","link":"https:\/\/www.stvvalves.com\/fr\/products\/2-pc-ball-valve-6000psi-a105n-316-trim-peek-seat\/","title":{"rendered":"Robinet \u00e0 tournant sph\u00e9rique 2 pi\u00e8ces 6000PSI, A105N, garniture 316, si\u00e8ge Peek"},"content":{"rendered":"<p>Conception du corps en 2 pi\u00e8ces<br \/>\nRobinet \u00e0 tournant sph\u00e9rique 2 pi\u00e8ces 5000PSI<br \/>\nRobinet \u00e0 tournant sph\u00e9rique \u00e0 boucle en fil d&#039;acier forg\u00e9 \u00e0 passage int\u00e9gral en 2 pi\u00e8ces<br \/>\nCe produit est sp\u00e9cialis\u00e9 dans la fourniture aux clients d\u2019\u00e9quipements de pipelines p\u00e9troliers.<br \/>\nPlage de pression\u00a0: 5000PSI<br \/>\nGamme de tailles\u00a0: DN15-DN50<br \/>\nPlage de temp\u00e9rature\u00a0: -29 ~ 220 \u2103<br \/>\nGamme de mat\u00e9riaux Applicable: A105\/SS304\/SS316\/acier duplex en acier inoxydable 2205, etc.<br \/>\nChamp d&#039;application pour la m\u00e9thode de connexion : BSPT\/NPT\/ISO7-1<\/p>\n<p>Normes de conception et de fabrication\u00a0:\u00a0API 608,API 607,API 6D,BS 5351<\/p>\n<p>Norme face \u00e0 face\u00a0: API B16.10, API 6D, DIN 3202<br \/>\nNorme de connexion d&#039;extr\u00e9mit\u00e9\u00a0: NPT, BSP, BSPT, DIN259\/2999<\/p>\n<p>Norme d&#039;essai\u00a0: ISO5208,API 6D,BS 6755,API598<br \/>\nMat\u00e9riau du corps\u00a0:\u00a0A105, F304, F316<\/p>\n<p>Si\u00e8ge\u00a0: RPTFE, PPL, nylon<\/p>\n<p>Temp\u00e9rature de fonctionnement:-40-180 \u2103<\/p>\n<p>Convient: eau, p\u00e9trole, gaz<\/p>\n<table>\n<tbody>\n<tr>\n<td width=\"200\"><strong>Nom du produit<\/strong><\/td>\n<td width=\"481\">Robinet \u00e0 tournant sph\u00e9rique 2 pi\u00e8ces 6000PSI, A105N, garniture 316, si\u00e8ge Peek<\/td>\n<\/tr>\n<tr>\n<td width=\"200\">1. Mat\u00e9riel<\/td>\n<td width=\"481\">A105<\/td>\n<\/tr>\n<tr>\n<td width=\"200\">2. Taille<\/td>\n<td width=\"481\">2&quot;<\/td>\n<\/tr>\n<tr>\n<td width=\"200\">4. Port<\/td>\n<td width=\"481\">Port complet<\/td>\n<\/tr>\n<tr>\n<td width=\"200\">5. Pression de travail<\/td>\n<td width=\"481\">6000PSI<\/td>\n<\/tr>\n<tr>\n<td width=\"200\">6. Fin de la connexion<\/td>\n<td width=\"481\">TNP<\/td>\n<\/tr>\n<tr>\n<td width=\"200\">7. Temp\u00e9rature de travail.<\/td>\n<td width=\"481\">-29~120\u00baC,<\/td>\n<\/tr>\n<tr>\n<td width=\"200\">8. Support appropri\u00e9<\/td>\n<td width=\"481\">Eau, gaz naturel, p\u00e9trole et certains liquides corrosifs<\/td>\n<\/tr>\n<tr>\n<td width=\"200\">9. Exploit\u00e9<\/td>\n<td width=\"481\">Volant<\/td>\n<\/tr>\n<tr>\n<td width=\"200\">10. Inspection et tests<\/td>\n<td width=\"481\">Selon API598<\/td>\n<\/tr>\n<tr>\n<td width=\"200\"><strong>Exp\u00e9dition<\/strong><\/td>\n<td width=\"481\"><\/td>\n<\/tr>\n<tr>\n<td width=\"200\">D\u00e9lai de livraison<\/td>\n<td width=\"481\">30 jours<\/td>\n<\/tr>\n<tr>\n<td width=\"200\">Emballer<\/td>\n<td width=\"481\">Caisse en contreplaqu\u00e9 d&#039;exportation standard<\/td>\n<\/tr>\n<tr>\n<td width=\"200\">Port d&#039;exp\u00e9dition<\/td>\n<td width=\"481\">Ningbo\/Shanghai, Chine<\/td>\n<\/tr>\n<tr>\n<td width=\"200\">Conditions d&#039;exp\u00e9dition<\/td>\n<td width=\"481\">Exw, FOB, CFR, CIF, etc.<\/td>\n<\/tr>\n<tr>\n<td width=\"200\">Modalit\u00e9s de paiement<\/td>\n<td width=\"481\">T\/T, Western Union, PayPal, etc.<\/td>\n<\/tr>\n<tr>\n<td width=\"200\"><\/td>\n<td width=\"481\">Pr\u00e9paiement 30%, solde 70% pay\u00e9 avant l&#039;exp\u00e9dition<\/td>\n<\/tr>\n<tr>\n<td width=\"200\">Pays d&#039;origine<\/td>\n<td width=\"481\">Ville de Wenzhou, Chine<\/td>\n<\/tr>\n<tr>\n<td width=\"200\">Capacit\u00e9 de production<\/td>\n<td width=\"481\">6000 tonnes\/an<\/td>\n<\/tr>\n<tr>\n<td width=\"200\">MOQ<\/td>\n<td width=\"481\">1 pi\u00e8ces\/taille<\/td>\n<\/tr>\n<\/tbody>\n<\/table>","protected":false},"excerpt":{"rendered":"<p>STV Valve Technology Group Co., Ltd is a professional leader China 2-PC Ball Valve 6000PSI,2-PC Ball Valve, 6000PSI 2-PC Ball Valve,A105N 2-PC Ball Valve,316 Trim 2-PC Ball Valve,Peek Seat 2-PC Ball Valve,High pressure Ball Valve,Thread\u00a0 Ball Valve, China Forged Steel Ball Valve Manufacturer with high quality and competitive price.<\/p>","protected":false},"featured_media":7009,"template":"","meta":[],"product_brand":[],"product_cat":[43,55,79],"product_tag":[2097,2095,2096,2094,2100,208,2098,2099],"class_list":{"0":"post-7008","1":"product","2":"type-product","3":"status-publish","4":"has-post-thumbnail","6":"product_cat-ball-valve","7":"product_cat-forged-steel-ball-valve","8":"product_cat-threaded-ball-valve","9":"product_tag-316-trim-2-pc-ball-valve","10":"product_tag-6000psi-2-pc-ball-valve","11":"product_tag-a105n-2-pc-ball-valve","12":"product_tag-china-2-pc-ball-valve","13":"product_tag-china-forged-steel-ball-valve-manufacturer","14":"product_tag-high-pressure-ball-valve","15":"product_tag-peek-seat-2-pc-ball-valve","16":"product_tag-thread-ball-valve","18":"first","19":"instock","20":"shipping-taxable","21":"product-type-simple"},"_links":{"self":[{"href":"https:\/\/www.stvvalves.com\/fr\/wp-json\/wp\/v2\/product\/7008","targetHints":{"allow":["GET"]}}],"collection":[{"href":"https:\/\/www.stvvalves.com\/fr\/wp-json\/wp\/v2\/product"}],"about":[{"href":"https:\/\/www.stvvalves.com\/fr\/wp-json\/wp\/v2\/types\/product"}],"wp:featuredmedia":[{"embeddable":true,"href":"https:\/\/www.stvvalves.com\/fr\/wp-json\/wp\/v2\/media\/7009"}],"wp:attachment":[{"href":"https:\/\/www.stvvalves.com\/fr\/wp-json\/wp\/v2\/media?parent=7008"}],"wp:term":[{"taxonomy":"product_brand","embeddable":true,"href":"https:\/\/www.stvvalves.com\/fr\/wp-json\/wp\/v2\/product_brand?post=7008"},{"taxonomy":"product_cat","embeddable":true,"href":"https:\/\/www.stvvalves.com\/fr\/wp-json\/wp\/v2\/product_cat?post=7008"},{"taxonomy":"product_tag","embeddable":true,"href":"https:\/\/www.stvvalves.com\/fr\/wp-json\/wp\/v2\/product_tag?post=7008"}],"curies":[{"name":"wp","href":"https:\/\/api.w.org\/{rel}","templated":true}]}}