{"id":7015,"date":"2023-12-07T15:32:05","date_gmt":"2023-12-07T07:32:05","guid":{"rendered":"https:\/\/www.stvvalves.com\/?post_type=product&#038;p=7015"},"modified":"2024-12-24T19:13:00","modified_gmt":"2024-12-24T11:13:00","slug":"2-pc-ball-valve-2000-wog-cf8m-2-iinch-weld-bonnet","status":"publish","type":"product","link":"https:\/\/www.stvvalves.com\/fr\/products\/2-pc-ball-valve-2000-wog-cf8m-2-iinch-weld-bonnet\/","title":{"rendered":"Vanne \u00e0 bille 2 pi\u00e8ces 2000 WOG, CF8M, 2 pouces, capot \u00e0 souder"},"content":{"rendered":"<p>VANNE \u00c0 BILLE SOUD\u00c9E \u00c0 JOINT 2 PC, vanne \u00e0 bille \u00e0 PORT COMPLET, 2000 WOG<br \/>\n1). ORGANISME DE CASTING D&#039;INVESTISSEMENT<br \/>\n2).PRESSION DE TRAVAIL\u00a0:\u00a03000 psi<br \/>\n3).AVEC DISPOSITIF DE VERROUILLAGE<br \/>\n4) .PRESSION D&#039;ESSAI\u00a0:<br \/>\nCOQUE\u00a0: 4\u00a0500 PSI (HYDROSTATIQUE)<br \/>\n5). SI\u00c8GE\u00a0:\u00a0100 PSI (AIR)<br \/>\n6). CONCEPTION DE TIGE ANTI-\u00c9CLATATION<br \/>\n7). CONNEXION D&#039;EXTR\u00c9MIT\u00c9\u00a0: NPT,BSPT,BSP,DIN<br \/>\n8). TAILLE : 1\/4\u2033-2\u2033<\/p>","protected":false},"excerpt":{"rendered":"<p>STV Valve Technology Group Co., Ltd est un leader professionnel en Chine Vanne \u00e0 bille 2 PC 2000 WOG, Vanne \u00e0 bille CF8M 3000 WOG, Vanne \u00e0 bille 316 Trim, Vanne \u00e0 bille 2 pouces, Vanne \u00e0 bille \u00e0 chapeau de soudure, Vanne \u00e0 bille 2 PC, Peek Robinet \u00e0 tournant sph\u00e9rique Seat 2-PC, robinet \u00e0 tournant sph\u00e9rique haute pression, robinet \u00e0 tournant sph\u00e9rique filet\u00e9, fabricant chinois de robinet \u00e0 tournant sph\u00e9rique FULL PORT de haute qualit\u00e9 et \u00e0 prix comp\u00e9titif.<\/p>","protected":false},"featured_media":7016,"template":"","meta":[],"product_brand":[],"product_cat":[43,78,79],"product_tag":[158,2105,2103,2107,2109,2108,208,2098,2099,2104],"class_list":{"0":"post-7015","1":"product","2":"type-product","3":"status-publish","4":"has-post-thumbnail","6":"product_cat-ball-valve","7":"product_cat-floating-ball-valve","8":"product_cat-threaded-ball-valve","9":"product_tag-2-inch-ball-valve","10":"product_tag-2-pc-ball-valve","11":"product_tag-316-trim-ball-valve","12":"product_tag-cf8m-3000-wog-ball-valve","13":"product_tag-china-2-pc-ball-valve-2000-wog","14":"product_tag-china-full-port-ball-valve-manufacturer","15":"product_tag-high-pressure-ball-valve","16":"product_tag-peek-seat-2-pc-ball-valve","17":"product_tag-thread-ball-valve","18":"product_tag-weld-bonnet-ball-valve","20":"first","21":"instock","22":"shipping-taxable","23":"product-type-simple"},"_links":{"self":[{"href":"https:\/\/www.stvvalves.com\/fr\/wp-json\/wp\/v2\/product\/7015","targetHints":{"allow":["GET"]}}],"collection":[{"href":"https:\/\/www.stvvalves.com\/fr\/wp-json\/wp\/v2\/product"}],"about":[{"href":"https:\/\/www.stvvalves.com\/fr\/wp-json\/wp\/v2\/types\/product"}],"wp:featuredmedia":[{"embeddable":true,"href":"https:\/\/www.stvvalves.com\/fr\/wp-json\/wp\/v2\/media\/7016"}],"wp:attachment":[{"href":"https:\/\/www.stvvalves.com\/fr\/wp-json\/wp\/v2\/media?parent=7015"}],"wp:term":[{"taxonomy":"product_brand","embeddable":true,"href":"https:\/\/www.stvvalves.com\/fr\/wp-json\/wp\/v2\/product_brand?post=7015"},{"taxonomy":"product_cat","embeddable":true,"href":"https:\/\/www.stvvalves.com\/fr\/wp-json\/wp\/v2\/product_cat?post=7015"},{"taxonomy":"product_tag","embeddable":true,"href":"https:\/\/www.stvvalves.com\/fr\/wp-json\/wp\/v2\/product_tag?post=7015"}],"curies":[{"name":"wp","href":"https:\/\/api.w.org\/{rel}","templated":true}]}}