{"id":7060,"date":"2024-01-30T15:50:45","date_gmt":"2024-01-30T07:50:45","guid":{"rendered":"https:\/\/www.stvvalves.com\/?post_type=product&#038;p=7060"},"modified":"2024-01-30T15:50:46","modified_gmt":"2024-01-30T07:50:46","slug":"2500lb-forged-steel-gate-valve-f22-dn50-flange-end","status":"publish","type":"product","link":"https:\/\/www.stvvalves.com\/fr\/products\/2500lb-forged-steel-gate-valve-f22-dn50-flange-end\/","title":{"rendered":"2500LB Forged Steel Gate Valve,F22,DN50,Flange End"},"content":{"rendered":"<p>Caract\u00e9ristiques de conception<br \/>\n1. Port complet ou port conventionnel<br \/>\n2. Vis et joug ext\u00e9rieurs (OS&amp;Y)<br \/>\n3. Presse-\u00e9toupe auto-alignant en deux parties<br \/>\n4. Chapeau boulonn\u00e9 avec joint enroul\u00e9 en spirale, chapeau filet\u00e9 et soud\u00e9 par joint ou chapeau filet\u00e9 et scell\u00e9 par pression<br \/>\n5. Banquette arri\u00e8re int\u00e9gr\u00e9e<br \/>\n6. Disponible en ANSI 150-2500LB, tailles : 1\/2\u2033 \u00e0 2\u2033.<br \/>\n7.Mat\u00e9riaux : A105N, LF2, F304, F316, F11, F22, F5, F91, acier alli\u00e9, etc.<br \/>\n8. Plage de temp\u00e9rature : 0\u00b0C \u00e0 538\u00b0C.<br \/>\n9.Port\u00a0: port r\u00e9ducteur et port complet.<br \/>\n10. Fin de connexion\u00a0; NPT, BW, SW, RF, RTJ.<\/p>\n<table>\n<tbody>\n<tr>\n<td width=\"200\"><strong><b>Nom du produit<\/b><\/strong><\/td>\n<td width=\"481\">2500LB Forged Steel Gate Valve,F22,DN50,Flange End<\/td>\n<\/tr>\n<tr>\n<td width=\"200\">1. Mat\u00e9riel<\/td>\n<td width=\"481\">F22<\/td>\n<\/tr>\n<tr>\n<td width=\"200\">2. Taille<\/td>\n<td width=\"481\">2&quot;<\/td>\n<\/tr>\n<tr>\n<td width=\"200\">4. Port<\/td>\n<td width=\"481\">Port r\u00e9ducteur<\/td>\n<\/tr>\n<tr>\n<td width=\"200\">5. Pression de travail<\/td>\n<td width=\"481\">2500LB<\/td>\n<\/tr>\n<tr>\n<td width=\"200\">6. Fin de la connexion<\/td>\n<td width=\"481\">Fin RF<\/td>\n<\/tr>\n<tr>\n<td width=\"200\">7. Temp\u00e9rature de travail.<\/td>\n<td width=\"481\">-29~590\u00baC,<\/td>\n<\/tr>\n<tr>\n<td width=\"200\">8. Support appropri\u00e9<\/td>\n<td width=\"481\">Eau, gaz naturel, p\u00e9trole et certains liquides corrosifs<\/td>\n<\/tr>\n<tr>\n<td width=\"200\">9. Exploit\u00e9<\/td>\n<td width=\"481\">Volant<\/td>\n<\/tr>\n<tr>\n<td width=\"200\">10. Inspection et tests<\/td>\n<td width=\"481\">SelonAPI 598<\/td>\n<\/tr>\n<tr>\n<td width=\"200\"><strong><b>Exp\u00e9dition<\/b><\/strong><\/td>\n<td width=\"481\"><\/td>\n<\/tr>\n<tr>\n<td width=\"200\">D\u00e9lai de livraison<\/td>\n<td width=\"481\">30 jours<\/td>\n<\/tr>\n<tr>\n<td width=\"200\">Emballer<\/td>\n<td width=\"481\">Caisse en contreplaqu\u00e9 d&#039;exportation standard<\/td>\n<\/tr>\n<tr>\n<td width=\"200\">Port d&#039;exp\u00e9dition<\/td>\n<td width=\"481\">Ningbo\/Shanghai, Chine<\/td>\n<\/tr>\n<tr>\n<td width=\"200\">Conditions d&#039;exp\u00e9dition<\/td>\n<td width=\"481\">Exw, FOB, CFR, CIF, etc.<\/td>\n<\/tr>\n<tr>\n<td width=\"200\">Modalit\u00e9s de paiement<\/td>\n<td width=\"481\">T\/T, Western Union, PayPal, etc.<\/td>\n<\/tr>\n<tr>\n<td width=\"200\"><\/td>\n<td width=\"481\">Pr\u00e9paiement 30%, solde 70% pay\u00e9 avant l&#039;exp\u00e9dition<\/td>\n<\/tr>\n<tr>\n<td width=\"200\">Pays d&#039;origine<\/td>\n<td width=\"481\">Ville de Wenzhou, Chine<\/td>\n<\/tr>\n<tr>\n<td width=\"200\">Capacit\u00e9 de production<\/td>\n<td width=\"481\">6000 tonnes\/an<\/td>\n<\/tr>\n<tr>\n<td width=\"200\">MOQ<\/td>\n<td width=\"481\">10 pi\u00e8ces\/taille<\/td>\n<\/tr>\n<\/tbody>\n<\/table>","protected":false},"excerpt":{"rendered":"<p>STV Valve Technology Group Co., Ltd is a professional leader China Forged Steel Gate Valves, Seal Bonnet Gate Valves, Class 2500 Gate Valves,,Forged steel gate valve to API 602,China DN50 Forged Steel Gate Valves Manufacturer with high quality and competitive price.<\/p>","protected":false},"featured_media":7061,"template":"","meta":[],"product_brand":[],"product_cat":[44,59],"product_tag":[2188,2185,2187,657,2186],"class_list":{"0":"post-7060","1":"product","2":"type-product","3":"status-publish","4":"has-post-thumbnail","6":"product_cat-gate-valve","7":"product_cat-forged-steel-gate-valve","8":"product_tag-china-dn50-forged-steel-gate-valves-manufacturer","9":"product_tag-china-forged-steel-gate-valves","10":"product_tag-class-2500-gate-valves","11":"product_tag-forged-steel-gate-valve-to-api-602","12":"product_tag-seal-bonnet-gate-valves","14":"first","15":"instock","16":"shipping-taxable","17":"product-type-simple"},"_links":{"self":[{"href":"https:\/\/www.stvvalves.com\/fr\/wp-json\/wp\/v2\/product\/7060","targetHints":{"allow":["GET"]}}],"collection":[{"href":"https:\/\/www.stvvalves.com\/fr\/wp-json\/wp\/v2\/product"}],"about":[{"href":"https:\/\/www.stvvalves.com\/fr\/wp-json\/wp\/v2\/types\/product"}],"wp:featuredmedia":[{"embeddable":true,"href":"https:\/\/www.stvvalves.com\/fr\/wp-json\/wp\/v2\/media\/7061"}],"wp:attachment":[{"href":"https:\/\/www.stvvalves.com\/fr\/wp-json\/wp\/v2\/media?parent=7060"}],"wp:term":[{"taxonomy":"product_brand","embeddable":true,"href":"https:\/\/www.stvvalves.com\/fr\/wp-json\/wp\/v2\/product_brand?post=7060"},{"taxonomy":"product_cat","embeddable":true,"href":"https:\/\/www.stvvalves.com\/fr\/wp-json\/wp\/v2\/product_cat?post=7060"},{"taxonomy":"product_tag","embeddable":true,"href":"https:\/\/www.stvvalves.com\/fr\/wp-json\/wp\/v2\/product_tag?post=7060"}],"curies":[{"name":"wp","href":"https:\/\/api.w.org\/{rel}","templated":true}]}}