{"id":7062,"date":"2024-01-30T16:50:00","date_gmt":"2024-01-30T08:50:00","guid":{"rendered":"https:\/\/www.stvvalves.com\/?post_type=product&#038;p=7062"},"modified":"2024-01-30T16:50:01","modified_gmt":"2024-01-30T08:50:01","slug":"f11-forged-steel-y-strainer-150lb-butt-weld-end","status":"publish","type":"product","link":"https:\/\/www.stvvalves.com\/fr\/products\/f11-forged-steel-y-strainer-150lb-butt-weld-end\/","title":{"rendered":"F11 Forged Steel Y Strainer,150LB, Butt Weld End"},"content":{"rendered":"<p>1. Capot \u00e0 vis, capot \u00e0 boulon,<br \/>\nCapot soud\u00e9 bout \u00e0 bout<br \/>\n2. Port complet et port r\u00e9ducteur<br \/>\n3. Un chapeau filet\u00e9 et \u00e9tanche<br \/>\n4. Les mat\u00e9riaux sont conformes \u00e0 ANSI\/ASTM<\/p>\n<p>Norme : 1. Norme de conception : API602,BS5352<br \/>\n2. Norme de pression-temp\u00e9rature du mat\u00e9riau\u00a0:\u00a0ASME B16.34<br \/>\n3. Norme de dimension face \u00e0 face\u00a0: ASME B16.10<br \/>\n4. Norme de dimension de bride : ASME B16.5<br \/>\n5. Les extr\u00e9mit\u00e9s soud\u00e9es par douille sont conformes \u00e0 la norme ANSI B16.11.<br \/>\n6. Les extr\u00e9mit\u00e9s des vis sont conformes \u00e0 ANSI B1.20.1<br \/>\n7. Norme d&#039;inspection et de test\u00a0: API598<\/p>\n<p>&nbsp;<\/p>\n<p>Taille:1\/4\u2033~2\u201d<\/p>\n<p>Pression nominale\u00a0: classe 150-2500LB<\/p>\n<p>Mat\u00e9riau du corps\u00a0:ASTM A105, ASTM A182 LF2, ASTM A182 F11, ASTM A182 F22, ASTM A182 F51, ASTM A182 F91, ASTM A182 F304, ASTM A182 F316, ASTM A182 F304L, ASTM A182 F316L, etc.<\/p>\n<p>Connexion d&#039;extr\u00e9mit\u00e9\u00a0: NPT, BW, SW, RF, RTJ.<\/p>\n<p>Temp\u00e9rature de fonctionnement\u00a0: -29 \u2103 ~ 650 \u2103<\/p>\n<table>\n<tbody>\n<tr>\n<td width=\"200\"><strong>Nom du produit<\/strong><\/td>\n<td width=\"481\">F11 Forged Steel Y Strainer,150LB, Butt Weld End<\/td>\n<\/tr>\n<tr>\n<td width=\"200\">1. Mat\u00e9riel<\/td>\n<td width=\"481\">F11<\/td>\n<\/tr>\n<tr>\n<td width=\"200\">2. Taille<\/td>\n<td width=\"481\">1&quot;<\/td>\n<\/tr>\n<tr>\n<td width=\"200\">4. Port<\/td>\n<td width=\"481\">\u00a0Port r\u00e9ducteur<\/td>\n<\/tr>\n<tr>\n<td width=\"200\">5. Pression de travail<\/td>\n<td width=\"481\">150 livres<\/td>\n<\/tr>\n<tr>\n<td width=\"200\">6. Fin de la connexion<\/td>\n<td width=\"481\">PC<\/td>\n<\/tr>\n<tr>\n<td width=\"200\">7. Temp\u00e9rature de travail.<\/td>\n<td width=\"481\">-29~520\u00baC,<\/td>\n<\/tr>\n<tr>\n<td width=\"200\">8. Support appropri\u00e9<\/td>\n<td width=\"481\">Eau, gaz naturel, p\u00e9trole et certains liquides corrosifs<\/td>\n<\/tr>\n<tr>\n<td width=\"200\">9. Exploit\u00e9<\/td>\n<td width=\"481\"><\/td>\n<\/tr>\n<tr>\n<td width=\"200\">10. Inspection et tests<\/td>\n<td width=\"481\">Selon API598<\/td>\n<\/tr>\n<tr>\n<td width=\"200\"><strong>Exp\u00e9dition<\/strong><\/td>\n<td width=\"481\"><\/td>\n<\/tr>\n<tr>\n<td width=\"200\">D\u00e9lai de livraison<\/td>\n<td width=\"481\">30 jours<\/td>\n<\/tr>\n<tr>\n<td width=\"200\">Emballer<\/td>\n<td width=\"481\">Caisse en contreplaqu\u00e9 d&#039;exportation standard<\/td>\n<\/tr>\n<tr>\n<td width=\"200\">Port d&#039;exp\u00e9dition<\/td>\n<td width=\"481\">Ningbo\/Shanghai, Chine<\/td>\n<\/tr>\n<tr>\n<td width=\"200\">Conditions d&#039;exp\u00e9dition<\/td>\n<td width=\"481\">Exw, FOB, CFR, CIF, etc.<\/td>\n<\/tr>\n<tr>\n<td width=\"200\">Modalit\u00e9s de paiement<\/td>\n<td width=\"481\">T\/T, Western Union, PayPal, etc.<\/td>\n<\/tr>\n<tr>\n<td width=\"200\"><\/td>\n<td width=\"481\">Pr\u00e9paiement 30%, solde 70% pay\u00e9 avant l&#039;exp\u00e9dition<\/td>\n<\/tr>\n<tr>\n<td width=\"200\">Pays d&#039;origine<\/td>\n<td width=\"481\">Ville de Wenzhou, Chine<\/td>\n<\/tr>\n<tr>\n<td width=\"200\">Capacit\u00e9 de production<\/td>\n<td width=\"481\">6000 tonnes\/an<\/td>\n<\/tr>\n<tr>\n<td width=\"200\">MOQ<\/td>\n<td width=\"481\">1 pi\u00e8ces\/taille<\/td>\n<\/tr>\n<\/tbody>\n<\/table>","protected":false},"excerpt":{"rendered":"<p>STV Valve Technology Group Co., Ltd is a professional leader China Forged Steel Y Strainer,FORGED STEEL CLASS 2500 \u201cY\u201d TYPE WELDED COVER STRAINER,Forged Steel Y Type Strainer,F11 Y Type Strainer,Class 150Lb Y- Type Strainers,Forged Steel Y-Pattern Strainer,NPT or BW END,Y Type Strainers and Filters,Y-type strainer Manufacturer with high quality and competitive price.<\/p>","protected":false},"featured_media":7063,"template":"","meta":[],"product_brand":[],"product_cat":[48,964],"product_tag":[2189,2191,2190,283,284,281,286,287,2192],"class_list":{"0":"post-7062","1":"product","2":"type-product","3":"status-publish","4":"has-post-thumbnail","6":"product_cat-y-strainer","7":"product_cat-forged-steel-y-type-strainer","8":"product_tag-china-forged-steel-y-strainer","9":"product_tag-class-150lb-y-type-strainers","10":"product_tag-f11-y-type-strainer","11":"product_tag-forged-steel-class-2500-y-type-welded-cover-strainer","12":"product_tag-forged-steel-y-type-strainer","13":"product_tag-forged-steel-y-pattern-strainer","14":"product_tag-npt-or-bw-end","15":"product_tag-y-type-strainers-and-filters","16":"product_tag-y-type-strainer-manufacturer","18":"first","19":"instock","20":"shipping-taxable","21":"product-type-simple"},"_links":{"self":[{"href":"https:\/\/www.stvvalves.com\/fr\/wp-json\/wp\/v2\/product\/7062","targetHints":{"allow":["GET"]}}],"collection":[{"href":"https:\/\/www.stvvalves.com\/fr\/wp-json\/wp\/v2\/product"}],"about":[{"href":"https:\/\/www.stvvalves.com\/fr\/wp-json\/wp\/v2\/types\/product"}],"wp:featuredmedia":[{"embeddable":true,"href":"https:\/\/www.stvvalves.com\/fr\/wp-json\/wp\/v2\/media\/7063"}],"wp:attachment":[{"href":"https:\/\/www.stvvalves.com\/fr\/wp-json\/wp\/v2\/media?parent=7062"}],"wp:term":[{"taxonomy":"product_brand","embeddable":true,"href":"https:\/\/www.stvvalves.com\/fr\/wp-json\/wp\/v2\/product_brand?post=7062"},{"taxonomy":"product_cat","embeddable":true,"href":"https:\/\/www.stvvalves.com\/fr\/wp-json\/wp\/v2\/product_cat?post=7062"},{"taxonomy":"product_tag","embeddable":true,"href":"https:\/\/www.stvvalves.com\/fr\/wp-json\/wp\/v2\/product_tag?post=7062"}],"curies":[{"name":"wp","href":"https:\/\/api.w.org\/{rel}","templated":true}]}}