{"id":7068,"date":"2024-01-30T21:46:02","date_gmt":"2024-01-30T13:46:02","guid":{"rendered":"https:\/\/www.stvvalves.com\/?post_type=product&#038;p=7068"},"modified":"2024-01-30T21:46:04","modified_gmt":"2024-01-30T13:46:04","slug":"f321-gate-valve1500lb-both-ends-with-nipple","status":"publish","type":"product","link":"https:\/\/www.stvvalves.com\/fr\/products\/f321-gate-valve1500lb-both-ends-with-nipple\/","title":{"rendered":"F321 Gate Valve,1500LB,Both Ends With Nipple"},"content":{"rendered":"<p>API 602 \/ ASME B16.34<br \/>\nJoint enroul\u00e9 en spirale avec SS304\/graphite ou SS316\/graphite<br \/>\nCale solide<br \/>\nVis et \u00e9trier ext\u00e9rieurs (OS&amp;Y)<br \/>\nPresse-\u00e9toupe auto-alignant en deux parties<br \/>\nConceptions compactes et robustes pour un service \u00e0 haute pression et temp\u00e9rature<br \/>\nRemplacement du volant sans affecter la position du portail.<\/p>\n<p>Mat\u00e9riau du corps\/capot : ASTM A105\/F316\/F316L\/F304\/F304L\/F11\/F22\/<br \/>\nCaract\u00e9ristiques nominales de la vanne\u00a0: CLASSE 800 (PN130) et CLASSE 1500 (PN260)<br \/>\nTaille du port\u00a0: port standard\/port complet<br \/>\nSize Range : 1\/4\u2033 \u2013 2\u2033 (8mm \u2013 50mm)<br \/>\nConnexions d&#039;extr\u00e9mit\u00e9\u00a0: filet\u00e9es (NPT\/BSPT\/DIN), \u00e0 souder par douille<br \/>\nTemp\u00e9rature de fonctionnement\u00a0: (pour A105) -29\u00b0C~425\u00b0C\u00a0;<br \/>\nApplication de service\u00a0: hydraulique, vapeur, produit chimique, p\u00e9trole\/gaz<br \/>\n\u00c9nergie, p\u00e9trochimie, marine, exploitation mini\u00e8re<br \/>\nConstruction<\/p>\n<table>\n<tbody>\n<tr>\n<td width=\"200\"><strong><b>Nom du produit<\/b><\/strong><\/td>\n<td width=\"481\">F321 Gate Valve,1500LB,Both Ends With Nipple<\/td>\n<\/tr>\n<tr>\n<td width=\"200\">1. Mat\u00e9riel<\/td>\n<td width=\"481\">F321<\/td>\n<\/tr>\n<tr>\n<td width=\"200\">2. Taille<\/td>\n<td width=\"481\">11\/2\u201d<\/td>\n<\/tr>\n<tr>\n<td width=\"200\">4. Port<\/td>\n<td width=\"481\">Port r\u00e9ducteur<\/td>\n<\/tr>\n<tr>\n<td width=\"200\">5. Pression de travail<\/td>\n<td width=\"481\">1500LB<\/td>\n<\/tr>\n<tr>\n<td width=\"200\">6. Fin de la connexion<\/td>\n<td width=\"481\">Extr\u00e9mit\u00e9 \u00e0 souder<\/td>\n<\/tr>\n<tr>\n<td width=\"200\">7. Temp\u00e9rature de travail.<\/td>\n<td width=\"481\">-29~600\u00baC,<\/td>\n<\/tr>\n<tr>\n<td width=\"200\">8. Support appropri\u00e9<\/td>\n<td width=\"481\">Eau, gaz naturel, p\u00e9trole et certains liquides corrosifs<\/td>\n<\/tr>\n<tr>\n<td width=\"200\">9. Exploit\u00e9<\/td>\n<td width=\"481\">Volant<\/td>\n<\/tr>\n<tr>\n<td width=\"200\">10. Inspection et tests<\/td>\n<td width=\"481\">SelonAPI 598<\/td>\n<\/tr>\n<tr>\n<td width=\"200\"><strong><b>Exp\u00e9dition<\/b><\/strong><\/td>\n<td width=\"481\"><\/td>\n<\/tr>\n<tr>\n<td width=\"200\">D\u00e9lai de livraison<\/td>\n<td width=\"481\">30 jours<\/td>\n<\/tr>\n<tr>\n<td width=\"200\">Emballer<\/td>\n<td width=\"481\">Caisse en contreplaqu\u00e9 d&#039;exportation standard<\/td>\n<\/tr>\n<tr>\n<td width=\"200\">Port d&#039;exp\u00e9dition<\/td>\n<td width=\"481\">Ningbo\/Shanghai, Chine<\/td>\n<\/tr>\n<tr>\n<td width=\"200\">Conditions d&#039;exp\u00e9dition<\/td>\n<td width=\"481\">Exw, FOB, CFR, CIF, etc.<\/td>\n<\/tr>\n<tr>\n<td width=\"200\">Modalit\u00e9s de paiement<\/td>\n<td width=\"481\">T\/T, Western Union, PayPal, etc.<\/td>\n<\/tr>\n<tr>\n<td width=\"200\"><\/td>\n<td width=\"481\">Pr\u00e9paiement 30%, solde 70% pay\u00e9 avant l&#039;exp\u00e9dition<\/td>\n<\/tr>\n<tr>\n<td width=\"200\">Pays d&#039;origine<\/td>\n<td width=\"481\">Ville de Wenzhou, Chine<\/td>\n<\/tr>\n<tr>\n<td width=\"200\">Capacit\u00e9 de production<\/td>\n<td width=\"481\">6000 tonnes\/an<\/td>\n<\/tr>\n<tr>\n<td width=\"200\">MOQ<\/td>\n<td width=\"481\">10 pi\u00e8ces\/taille<\/td>\n<\/tr>\n<\/tbody>\n<\/table>","protected":false},"excerpt":{"rendered":"<p>STV Valve Technology Group Co., Ltd is a professional leader China ASTM A182 F321 Gate Valve, A182 F904L Forged Gate Valve Supplier in china, 11\/2 Inch Gate Valve,\u00a0 API 602 Gate Valve, Class 1500 LB Gate Valve,Seal Bonnet Gate Valve Manufacturer with high quality and competitive price.<\/p>","protected":false},"featured_media":7069,"template":"","meta":[],"product_brand":[],"product_cat":[44,59],"product_tag":[2198,1620,223,2197,2199,1591],"class_list":{"0":"post-7068","1":"product","2":"type-product","3":"status-publish","4":"has-post-thumbnail","6":"product_cat-gate-valve","7":"product_cat-forged-steel-gate-valve","8":"product_tag-11-2-inch-gate-valve","9":"product_tag-a182-f904l-forged-gate-valve-supplier-in-china","10":"product_tag-api-602-gate-valve","11":"product_tag-china-astm-a182-f321-gate-valve","12":"product_tag-class-1500-lb-gate-valve","13":"product_tag-seal-bonnet-gate-valve-manufacturer","15":"first","16":"instock","17":"shipping-taxable","18":"product-type-simple"},"_links":{"self":[{"href":"https:\/\/www.stvvalves.com\/fr\/wp-json\/wp\/v2\/product\/7068","targetHints":{"allow":["GET"]}}],"collection":[{"href":"https:\/\/www.stvvalves.com\/fr\/wp-json\/wp\/v2\/product"}],"about":[{"href":"https:\/\/www.stvvalves.com\/fr\/wp-json\/wp\/v2\/types\/product"}],"wp:featuredmedia":[{"embeddable":true,"href":"https:\/\/www.stvvalves.com\/fr\/wp-json\/wp\/v2\/media\/7069"}],"wp:attachment":[{"href":"https:\/\/www.stvvalves.com\/fr\/wp-json\/wp\/v2\/media?parent=7068"}],"wp:term":[{"taxonomy":"product_brand","embeddable":true,"href":"https:\/\/www.stvvalves.com\/fr\/wp-json\/wp\/v2\/product_brand?post=7068"},{"taxonomy":"product_cat","embeddable":true,"href":"https:\/\/www.stvvalves.com\/fr\/wp-json\/wp\/v2\/product_cat?post=7068"},{"taxonomy":"product_tag","embeddable":true,"href":"https:\/\/www.stvvalves.com\/fr\/wp-json\/wp\/v2\/product_tag?post=7068"}],"curies":[{"name":"wp","href":"https:\/\/api.w.org\/{rel}","templated":true}]}}