{"id":7091,"date":"2024-02-04T08:53:35","date_gmt":"2024-02-04T00:53:35","guid":{"rendered":"https:\/\/www.stvvalves.com\/?post_type=product&#038;p=7091"},"modified":"2024-12-25T10:32:51","modified_gmt":"2024-12-25T02:32:51","slug":"dual-plate-check-valve-150lb-8-inch-cf8m-wafer-type","status":"publish","type":"product","link":"https:\/\/www.stvvalves.com\/fr\/products\/dual-plate-check-valve-150lb-8-inch-cf8m-wafer-type\/","title":{"rendered":"Dual Plate Check Valve,150LB,8 Inch,CF8M,Wafer Type"},"content":{"rendered":"<p>DUAL PLATE WAFER CHECK VALVES<br \/>\nSTV Valves has very extended experience in manufacturing of Dual Plate Check Valves<\/p>\n<p>Size: 2\u201d up to 60\u201c(DN 15 up to DN 1500)<\/p>\n<p>Pressure Rating: ASME 150#,300#,600#,900#,1500#, 2500#<\/p>\n<p>Materials: Carbon Steel, Low Temperature Carbon Steel, Stainless Steel, Duplex Stainless Steel, Super Duplex Stainless Steel, Nickel Alloys, Nickel Aluminum Bronze, Hastelloy, Inconel Etc.<\/p>\n<p>End Connection: Wafer Type, Wafer Lug Type<\/p>\n<p>Sp\u00e9cification:<\/p>\n<p>Design \u2013 ASME B16.34 \/ API594<br \/>\nFace to Face \u2013 ASME B16.10<br \/>\nEnd Flange \u2013 ASME B16.5<br \/>\nTest \u2013 API598<br \/>\nSpecial \u2013 NACE MR-01-75<\/p>\n<ul>\n<li>Conception peu encombrante.<\/li>\n<li>\n<table>\n<tbody>\n<tr>\n<td width=\"200\"><strong>Nom du produit<\/strong><\/td>\n<td width=\"481\">Dual Plate Check Valve,150LB,8 Inch,CF8M,Wafer Type<\/td>\n<\/tr>\n<tr>\n<td width=\"200\">1. Mat\u00e9riel<\/td>\n<td width=\"481\">CF8M<\/td>\n<\/tr>\n<tr>\n<td width=\"200\">2. Taille<\/td>\n<td width=\"481\">8&quot;<\/td>\n<\/tr>\n<tr>\n<td width=\"200\">4. Port<\/td>\n<td width=\"481\">Port complet<\/td>\n<\/tr>\n<tr>\n<td width=\"200\">5. Pression de travail<\/td>\n<td width=\"481\">150 livres<\/td>\n<\/tr>\n<tr>\n<td width=\"200\">6. Fin de la connexion<\/td>\n<td width=\"481\">Tranche<\/td>\n<\/tr>\n<tr>\n<td width=\"200\">7. Temp\u00e9rature de travail.<\/td>\n<td width=\"481\">-29~300\u00baC,<\/td>\n<\/tr>\n<tr>\n<td width=\"200\">8. Support appropri\u00e9<\/td>\n<td width=\"481\">Eau, gaz naturel, p\u00e9trole et certains liquides corrosifs<\/td>\n<\/tr>\n<tr>\n<td width=\"200\">9. Exploit\u00e9<\/td>\n<td width=\"481\">\/<\/td>\n<\/tr>\n<tr>\n<td width=\"200\">10. Inspection et tests<\/td>\n<td width=\"481\">Selon API598<\/td>\n<\/tr>\n<tr>\n<td width=\"200\"><strong>Exp\u00e9dition<\/strong><\/td>\n<td width=\"481\"><\/td>\n<\/tr>\n<tr>\n<td width=\"200\">D\u00e9lai de livraison<\/td>\n<td width=\"481\">30 jours<\/td>\n<\/tr>\n<tr>\n<td width=\"200\">Emballer<\/td>\n<td width=\"481\">Caisse en contreplaqu\u00e9 d&#039;exportation standard<\/td>\n<\/tr>\n<tr>\n<td width=\"200\">Port d&#039;exp\u00e9dition<\/td>\n<td width=\"481\">Ningbo\/Shanghai, Chine<\/td>\n<\/tr>\n<tr>\n<td width=\"200\">Conditions d&#039;exp\u00e9dition<\/td>\n<td width=\"481\">Exw, FOB, CFR, CIF, etc.<\/td>\n<\/tr>\n<tr>\n<td width=\"200\">Modalit\u00e9s de paiement<\/td>\n<td width=\"481\">T\/T, Western Union, PayPal, etc.<\/td>\n<\/tr>\n<tr>\n<td width=\"200\"><\/td>\n<td width=\"481\">Pr\u00e9paiement 30%, solde 70% pay\u00e9 avant l&#039;exp\u00e9dition<\/td>\n<\/tr>\n<tr>\n<td width=\"200\">Pays d&#039;origine<\/td>\n<td width=\"481\">Ville de Wenzhou, Chine<\/td>\n<\/tr>\n<tr>\n<td width=\"200\">Capacit\u00e9 de production<\/td>\n<td width=\"481\">6000 tonnes\/an<\/td>\n<\/tr>\n<tr>\n<td width=\"200\">MOQ<\/td>\n<td width=\"481\">1 pi\u00e8ces\/taille<\/td>\n<\/tr>\n<\/tbody>\n<\/table>\n<\/li>\n<\/ul>","protected":false},"excerpt":{"rendered":"<p>STV Valve Technology Group Co., Ltd is a professional leader China Dual Plate Check Valve,8 Inch Dual Plate Check Valve,CF8M Dual Plate Check Valve,150LB Dual Plate Check Valve,stainless steel Wafer check valve Manufacturer with high quality and competitive price.<\/p>\n<p>Explore our high-quality Dual Plate Check Valve, designed for optimal performance in various applications. This 150LB, 8 Inch wafer type valve is made from durable CF8M material, ensuring longevity and resistance to corrosion. Ideal for fluid systems that require reliable backflow prevention, our Dual Plate Check Valve offers efficient sealing and minimal pressure drop. Trust in our expertly crafted valves to enhance your system&#8217;s reliability and efficiency.<\/p>","protected":false},"featured_media":7092,"template":"","meta":[],"product_brand":[],"product_cat":[46,84],"product_tag":[1419,2254,2255,2253,2256],"class_list":{"0":"post-7091","1":"product","2":"type-product","3":"status-publish","4":"has-post-thumbnail","6":"product_cat-check-valves","7":"product_cat-wafer-check-valve","8":"product_tag-150lb-dual-plate-check-valve","9":"product_tag-8-inch-dual-plate-check-valve","10":"product_tag-cf8m-dual-plate-check-valve","11":"product_tag-china-dual-plate-check-valve","12":"product_tag-stainless-steel-wafer-check-valve-manufacturer","14":"first","15":"instock","16":"shipping-taxable","17":"product-type-simple"},"_links":{"self":[{"href":"https:\/\/www.stvvalves.com\/fr\/wp-json\/wp\/v2\/product\/7091","targetHints":{"allow":["GET"]}}],"collection":[{"href":"https:\/\/www.stvvalves.com\/fr\/wp-json\/wp\/v2\/product"}],"about":[{"href":"https:\/\/www.stvvalves.com\/fr\/wp-json\/wp\/v2\/types\/product"}],"wp:featuredmedia":[{"embeddable":true,"href":"https:\/\/www.stvvalves.com\/fr\/wp-json\/wp\/v2\/media\/7092"}],"wp:attachment":[{"href":"https:\/\/www.stvvalves.com\/fr\/wp-json\/wp\/v2\/media?parent=7091"}],"wp:term":[{"taxonomy":"product_brand","embeddable":true,"href":"https:\/\/www.stvvalves.com\/fr\/wp-json\/wp\/v2\/product_brand?post=7091"},{"taxonomy":"product_cat","embeddable":true,"href":"https:\/\/www.stvvalves.com\/fr\/wp-json\/wp\/v2\/product_cat?post=7091"},{"taxonomy":"product_tag","embeddable":true,"href":"https:\/\/www.stvvalves.com\/fr\/wp-json\/wp\/v2\/product_tag?post=7091"}],"curies":[{"name":"wp","href":"https:\/\/api.w.org\/{rel}","templated":true}]}}