{"id":7103,"date":"2024-02-04T16:01:51","date_gmt":"2024-02-04T08:01:51","guid":{"rendered":"https:\/\/www.stvvalves.com\/?post_type=product&#038;p=7103"},"modified":"2024-02-04T16:01:52","modified_gmt":"2024-02-04T08:01:52","slug":"astm-a216-wcb-y-type-strainer-18-inch-150lb-flange-end","status":"publish","type":"product","link":"https:\/\/www.stvvalves.com\/fr\/products\/astm-a216-wcb-y-type-strainer-18-inch-150lb-flange-end\/","title":{"rendered":"ASTM A216 WCB Y Type Strainer,18 Inch,150LB,Flange End"},"content":{"rendered":"<p>STV Valves has very extended experience in manufacturing of Y type Flanged Strainers<\/p>\n<p>Size: \u00bd\u201d up to 24\u201c(DN 15 up to DN 600)<\/p>\n<p>Pressure Rating: ASME 150# 300# 600# 900#<\/p>\n<p>Materials: GS-C25\u30011.7363\u30011.4308\u30011.4408\u30011.4306\u30011.4301\u3001WCB\u3001LCB\u3001WC6\u3001WC9\u3001CF8\u3001CF8M\u3001CF3\u3001CF3M, Etc.<\/p>\n<p>End Connection: Flanged RF, RTJ, FF<\/p>\n<p>Specification &amp; Standards:<\/p>\n<p>Design \u2013 ASME \/ANSI B16.34 &amp; API 602<br \/>\nMaterial Pre-Temp Rating\u2013 ASME \/ ANSI B16.10<br \/>\nEnd Flange \u2013 ASME \/ ANSI B16.5<br \/>\nTest \u2013 API598\/API6D<br \/>\nScrewed Ends : ASME B1.20.1<\/p>\n<table>\n<tbody>\n<tr>\n<td width=\"200\"><strong>Nom du produit<\/strong><\/td>\n<td width=\"481\">A216 WCB Y Type Strainer,18 Inch,150LB,Flange End<\/td>\n<\/tr>\n<tr>\n<td width=\"200\">1. Mat\u00e9riel<\/td>\n<td width=\"481\">WCB<\/td>\n<\/tr>\n<tr>\n<td width=\"200\">2. Taille<\/td>\n<td width=\"481\">18&quot;<\/td>\n<\/tr>\n<tr>\n<td width=\"200\">4. Port<\/td>\n<td width=\"481\">Port complet<\/td>\n<\/tr>\n<tr>\n<td width=\"200\">5. Pression de travail<\/td>\n<td width=\"481\">150 livres<\/td>\n<\/tr>\n<tr>\n<td width=\"200\">6. Fin de la connexion<\/td>\n<td width=\"481\">RF<\/td>\n<\/tr>\n<tr>\n<td width=\"200\">7. Temp\u00e9rature de travail.<\/td>\n<td width=\"481\">-29~425\u00baC,<\/td>\n<\/tr>\n<tr>\n<td width=\"200\">8. Support appropri\u00e9<\/td>\n<td width=\"481\">Eau, gaz naturel, p\u00e9trole et certains liquides corrosifs<\/td>\n<\/tr>\n<tr>\n<td width=\"200\">9. Exploit\u00e9<\/td>\n<td width=\"481\">\/<\/td>\n<\/tr>\n<tr>\n<td width=\"200\">10. Inspection et tests<\/td>\n<td width=\"481\">Selon API598<\/td>\n<\/tr>\n<tr>\n<td width=\"200\"><strong>Exp\u00e9dition<\/strong><\/td>\n<td width=\"481\"><\/td>\n<\/tr>\n<tr>\n<td width=\"200\">D\u00e9lai de livraison<\/td>\n<td width=\"481\">30 jours<\/td>\n<\/tr>\n<tr>\n<td width=\"200\">Emballer<\/td>\n<td width=\"481\">Caisse en contreplaqu\u00e9 d&#039;exportation standard<\/td>\n<\/tr>\n<tr>\n<td width=\"200\">Port d&#039;exp\u00e9dition<\/td>\n<td width=\"481\">Ningbo\/Shanghai, Chine<\/td>\n<\/tr>\n<tr>\n<td width=\"200\">Conditions d&#039;exp\u00e9dition<\/td>\n<td width=\"481\">Exw, FOB, CFR, CIF, etc.<\/td>\n<\/tr>\n<tr>\n<td width=\"200\">Modalit\u00e9s de paiement<\/td>\n<td width=\"481\">T\/T, Western Union, PayPal, etc.<\/td>\n<\/tr>\n<tr>\n<td width=\"200\"><\/td>\n<td width=\"481\">Pr\u00e9paiement 30%, solde 70% pay\u00e9 avant l&#039;exp\u00e9dition<\/td>\n<\/tr>\n<tr>\n<td width=\"200\">Pays d&#039;origine<\/td>\n<td width=\"481\">Ville de Wenzhou, Chine<\/td>\n<\/tr>\n<tr>\n<td width=\"200\">Capacit\u00e9 de production<\/td>\n<td width=\"481\">6000 tonnes\/an<\/td>\n<\/tr>\n<tr>\n<td width=\"200\">MOQ<\/td>\n<td width=\"481\">1 pi\u00e8ces\/taille<\/td>\n<\/tr>\n<\/tbody>\n<\/table>","protected":false},"excerpt":{"rendered":"<p>STV Valve Technology Group Co., Ltd is a professional leader ChinaAnsi 150 flanged strainer,ANSI flange Filter,cast steel y type strainer,flanged strainer,Y-type strainer,150LB flange y-strainer, 18 Inch cast steel y type strainer,Carbon Steel Y Strainer Manufacturer with high quality and competitive price.<\/p>","protected":false},"featured_media":7104,"template":"","meta":[],"product_brand":[],"product_cat":[72,48],"product_tag":[2265,2266,235,2267,233,2264,232,236],"class_list":{"0":"post-7103","1":"product","2":"type-product","3":"status-publish","4":"has-post-thumbnail","6":"product_cat-cast-steel-y-type-strainer","7":"product_cat-y-strainer","8":"product_tag-150lb-flange-y-strainer","9":"product_tag-18-inch-cast-steel-y-type-strainer","10":"product_tag-ansi-flange-filter","11":"product_tag-carbon-steel-y-strainer-manufacturer","12":"product_tag-cast-steel-y-type-strainer","13":"product_tag-chinaansi-150-flanged-strainer","14":"product_tag-flanged-strainer","15":"product_tag-y-type-strainer","17":"first","18":"instock","19":"shipping-taxable","20":"product-type-simple"},"_links":{"self":[{"href":"https:\/\/www.stvvalves.com\/fr\/wp-json\/wp\/v2\/product\/7103","targetHints":{"allow":["GET"]}}],"collection":[{"href":"https:\/\/www.stvvalves.com\/fr\/wp-json\/wp\/v2\/product"}],"about":[{"href":"https:\/\/www.stvvalves.com\/fr\/wp-json\/wp\/v2\/types\/product"}],"wp:featuredmedia":[{"embeddable":true,"href":"https:\/\/www.stvvalves.com\/fr\/wp-json\/wp\/v2\/media\/7104"}],"wp:attachment":[{"href":"https:\/\/www.stvvalves.com\/fr\/wp-json\/wp\/v2\/media?parent=7103"}],"wp:term":[{"taxonomy":"product_brand","embeddable":true,"href":"https:\/\/www.stvvalves.com\/fr\/wp-json\/wp\/v2\/product_brand?post=7103"},{"taxonomy":"product_cat","embeddable":true,"href":"https:\/\/www.stvvalves.com\/fr\/wp-json\/wp\/v2\/product_cat?post=7103"},{"taxonomy":"product_tag","embeddable":true,"href":"https:\/\/www.stvvalves.com\/fr\/wp-json\/wp\/v2\/product_tag?post=7103"}],"curies":[{"name":"wp","href":"https:\/\/api.w.org\/{rel}","templated":true}]}}