{"id":7120,"date":"2024-03-19T09:59:06","date_gmt":"2024-03-19T01:59:06","guid":{"rendered":"https:\/\/www.stvvalves.com\/?post_type=product&#038;p=7120"},"modified":"2024-03-19T10:00:34","modified_gmt":"2024-03-19T02:00:34","slug":"astm-b148-c95800-globe-valve-api-602-3-4-inch-800-lb-sw","status":"publish","type":"product","link":"https:\/\/www.stvvalves.com\/fr\/products\/astm-b148-c95800-globe-valve-api-602-3-4-inch-800-lb-sw\/","title":{"rendered":"ASTM B148 C95800 Globe Valve, API 602, 3\/4 Inch, 800 LB,SW"},"content":{"rendered":"<p>Conception &amp; Fabrication selon : API 602\/MSS SP-118<\/p>\n<p>Face \u00e0 Face selon : ASME B16.10<\/p>\n<p>Dimensions des brides selon : ASME B16.5<\/p>\n<p>Pression &amp; Temp\u00e9rature selon : ASME B16.34<\/p>\n<p>Test &amp; Inspection selon : API 6D \/ API 598<\/p>\n<p>Inspection visuelle selon : MSS SP-55<\/p>\n<p>Marquage selon : MSS SP-25<\/p>\n<p>Principales caract\u00e9ristiques:<br \/>\nOp\u00e9rateur de volant<br \/>\nCapot de joint, capot de soudure, capot de boulon.<br \/>\nViss\u00e9 BSP, NPT ou Socket Weld.Butt-Weld<br \/>\nTailles 1\/2\u2033 \u00e0 2\u2033<br \/>\nMaterial:ASTM B148 C95400, C95500, C95800<br \/>\nASTM B150 C63000, C63200..<br \/>\nPlage de temp\u00e9rature : -29\u00b0C \u00e0 560\u00b0C<br \/>\nPression jusqu&#039;\u00e0 420 bars (150LB-2500LB)<\/p>\n<table>\n<tbody>\n<tr>\n<td width=\"200\"><strong><b>Nom du produit<\/b><\/strong><\/td>\n<td width=\"481\">ASTM B148 C95800 Globe Valve, API 602, 3\/4 Inch, 800 LB,SW<\/td>\n<\/tr>\n<tr>\n<td width=\"200\">1. Mat\u00e9riel<\/td>\n<td width=\"481\">ASTM B148 C95400, C95500, C95800<br \/>\nASTM B150 C63000, C63200.<\/td>\n<\/tr>\n<tr>\n<td width=\"200\">2. Taille<\/td>\n<td width=\"481\">1\/2&quot;~2&quot; (DN15~DN50)<\/td>\n<\/tr>\n<tr>\n<td width=\"200\">4. Port<\/td>\n<td width=\"481\">Port r\u00e9ducteur ou port complet<\/td>\n<\/tr>\n<tr>\n<td width=\"200\">5. Pression de travail<\/td>\n<td width=\"481\">150LB~2500LB<\/td>\n<\/tr>\n<tr>\n<td width=\"200\">6. Fin de la connexion<\/td>\n<td width=\"481\">BSP, NPT ou Socket Weld.Butt-Weld<\/td>\n<\/tr>\n<tr>\n<td width=\"200\">7. Temp\u00e9rature de travail.<\/td>\n<td width=\"481\">-29~425\u00baC, ou selon les exigences du client pour diff\u00e9rentes industries.<\/td>\n<\/tr>\n<tr>\n<td width=\"200\">8. Support appropri\u00e9<\/td>\n<td width=\"481\">Eau, gaz naturel, p\u00e9trole et certains liquides corrosifs<\/td>\n<\/tr>\n<tr>\n<td width=\"200\">9. Exploit\u00e9<\/td>\n<td width=\"481\">Volant<\/td>\n<\/tr>\n<tr>\n<td width=\"200\">10. Inspection et tests<\/td>\n<td width=\"481\">Selon API598<\/td>\n<\/tr>\n<tr>\n<td width=\"200\"><strong><b>Exp\u00e9dition<\/b><\/strong><\/td>\n<td width=\"481\"><\/td>\n<\/tr>\n<tr>\n<td width=\"200\">D\u00e9lai de livraison<\/td>\n<td width=\"481\">15 ~ 20 jours<\/td>\n<\/tr>\n<tr>\n<td width=\"200\">Emballer<\/td>\n<td width=\"481\">Caisse en contreplaqu\u00e9 d&#039;exportation standard<\/td>\n<\/tr>\n<tr>\n<td width=\"200\">Port d&#039;exp\u00e9dition<\/td>\n<td width=\"481\">Ningbo\/Shanghai, Chine<\/td>\n<\/tr>\n<tr>\n<td width=\"200\">Conditions d&#039;exp\u00e9dition<\/td>\n<td width=\"481\">Exw, FOB, CFR, CIF, etc.<\/td>\n<\/tr>\n<tr>\n<td width=\"200\">Modalit\u00e9s de paiement<\/td>\n<td width=\"481\">T\/T, Western Union, PayPal, etc.<\/td>\n<\/tr>\n<tr>\n<td width=\"200\"><\/td>\n<td width=\"481\">Pr\u00e9paiement 30%, solde 70% pay\u00e9 avant l&#039;exp\u00e9dition<\/td>\n<\/tr>\n<tr>\n<td width=\"200\">Pays d&#039;origine<\/td>\n<td width=\"481\">Ville de Wenzhou, Chine<\/td>\n<\/tr>\n<tr>\n<td width=\"200\">Capacit\u00e9 de production<\/td>\n<td width=\"481\">6000 tonnes\/an<\/td>\n<\/tr>\n<tr>\n<td width=\"200\">MOQ<\/td>\n<td width=\"481\">10 pi\u00e8ces\/taille<\/td>\n<\/tr>\n<\/tbody>\n<\/table>\n<p>&nbsp;<\/p>","protected":false},"excerpt":{"rendered":"<p>STV Valve Technology Group Co., Ltd is a professional leader China API 602 Globe Valve, API 602 Forged Steel Globe Valve,\u00a0 Aluminium Bronze ASTM B148 C95800 Globe Valve Manufacturer: ASTM B148 C95800 Globe Valves, API 602, 1 Inch C95800 Globe Valve, 800 LB C95800 Globe Valve, RF Ends C95800 Globe Valve, ASME B16.10 C95800 Globe Valve, API 598 C95800 Globe Valve manufacturer with high quality and competitive price.<\/p>","protected":false},"featured_media":7150,"template":"","meta":[],"product_brand":[],"product_cat":[45,64],"product_tag":[2329,2330,2334,2333,2326,212,2332,2335,2336,345,2331],"class_list":{"0":"post-7120","1":"product","2":"type-product","3":"status-publish","4":"has-post-thumbnail","6":"product_cat-globe-valve","7":"product_cat-foreged-steel-globe-valve","8":"product_tag-1-inch-c95800-globe-valve","9":"product_tag-800-lb-c95800-globe-valve","10":"product_tag-aluminium-bronze-globe-valves","11":"product_tag-api-598-c95800-globe-valve-manufacturer","12":"product_tag-api-602-forged-steel-globe-valve","13":"product_tag-api-602-globe-valve","14":"product_tag-asme-b16-10-c95800-globe-valve","15":"product_tag-astm-b148-c95800-globe-valve-manufacturer","16":"product_tag-astm-b148-c95800-globe-valves","17":"product_tag-globe-valves","18":"product_tag-rf-ends-c95800-globe-valve","20":"first","21":"instock","22":"shipping-taxable","23":"product-type-simple"},"_links":{"self":[{"href":"https:\/\/www.stvvalves.com\/fr\/wp-json\/wp\/v2\/product\/7120","targetHints":{"allow":["GET"]}}],"collection":[{"href":"https:\/\/www.stvvalves.com\/fr\/wp-json\/wp\/v2\/product"}],"about":[{"href":"https:\/\/www.stvvalves.com\/fr\/wp-json\/wp\/v2\/types\/product"}],"wp:featuredmedia":[{"embeddable":true,"href":"https:\/\/www.stvvalves.com\/fr\/wp-json\/wp\/v2\/media\/7150"}],"wp:attachment":[{"href":"https:\/\/www.stvvalves.com\/fr\/wp-json\/wp\/v2\/media?parent=7120"}],"wp:term":[{"taxonomy":"product_brand","embeddable":true,"href":"https:\/\/www.stvvalves.com\/fr\/wp-json\/wp\/v2\/product_brand?post=7120"},{"taxonomy":"product_cat","embeddable":true,"href":"https:\/\/www.stvvalves.com\/fr\/wp-json\/wp\/v2\/product_cat?post=7120"},{"taxonomy":"product_tag","embeddable":true,"href":"https:\/\/www.stvvalves.com\/fr\/wp-json\/wp\/v2\/product_tag?post=7120"}],"curies":[{"name":"wp","href":"https:\/\/api.w.org\/{rel}","templated":true}]}}