{"id":7124,"date":"2024-03-02T20:17:59","date_gmt":"2024-03-02T12:17:59","guid":{"rendered":"https:\/\/www.stvvalves.com\/?post_type=product&#038;p=7124"},"modified":"2024-03-02T20:18:00","modified_gmt":"2024-03-02T12:18:00","slug":"astm-a182-f51-gate-valve-dn15-1500lb-bw-end","status":"publish","type":"product","link":"https:\/\/www.stvvalves.com\/fr\/products\/astm-a182-f51-gate-valve-dn15-1500lb-bw-end\/","title":{"rendered":"ASTM A182 F51 Gate Valve,DN15,1500LB,BW End"},"content":{"rendered":"<p>1. Conception et fabrication\u00a0: API 602<br \/>\n2. Constructions\u00a0: OS&amp;Y, capot boulonn\u00e9, capot soud\u00e9 et capot scell\u00e9 sous pression\u00a0;<br \/>\n3. Type d&#039;al\u00e9sage\u00a0: Port complet<br \/>\n4. Size Range: 1\/4\u2033 to 4\u2033.<br \/>\n5. Pressions nominales\u00a0: ANSI 150, 300, 600, 900, 1\u00a0500 et 2\u00a0500\u00a0LBS<br \/>\n6. Connexions d&#039;extr\u00e9mit\u00e9\u00a0: \u00e0 bride (RF, RTJ)<br \/>\nAutres extr\u00e9mit\u00e9s \u00e9galement disponibles\u00a0: filet\u00e9es (viss\u00e9es, NPT), soud\u00e9es bout \u00e0 bout (BW), soud\u00e9es par douille (SW).<br \/>\n7. Mat\u00e9riaux disponibles en : A105 (N), LF2, F5, F11, F22, F304, F316, F51, F53 ou \u00e9quivalent\u00a0;<br \/>\n8. Divers mat\u00e9riaux de garniture sont disponibles pour s&#039;adapter \u00e0 diff\u00e9rentes conditions de service<br \/>\n9. NACE MR 0175 sur demande<br \/>\n10.Test et inspection\u00a0: API598<\/p>\n<table>\n<tbody>\n<tr>\n<td width=\"200\"><strong><b>Nom du produit<\/b><\/strong><\/td>\n<td width=\"481\">ASTM A182 F51 Gate Valve,DN15,1500LB,BW End<\/td>\n<\/tr>\n<tr>\n<td width=\"200\">1. Mat\u00e9riel<\/td>\n<td width=\"481\">A105 (N), LF2, F5, F11, F22, F304, F316, F51, F53 ou \u00e9quivalent\u00a0;<\/td>\n<\/tr>\n<tr>\n<td width=\"200\">2. Taille<\/td>\n<td width=\"481\">1\/2\u2033~4\u2033 \u2018 ( 15~100)<\/td>\n<\/tr>\n<tr>\n<td width=\"200\">4. Port<\/td>\n<td width=\"481\">Port r\u00e9ducteur<\/td>\n<\/tr>\n<tr>\n<td width=\"200\">5. Pression de travail<\/td>\n<td width=\"481\">150LB-2500LB<\/td>\n<\/tr>\n<tr>\n<td width=\"200\">6. Fin de la connexion<\/td>\n<td width=\"481\">FF,RF.RTJ<\/td>\n<\/tr>\n<tr>\n<td width=\"200\">7. Temp\u00e9rature de travail.<\/td>\n<td width=\"481\">-29~600\u00baC,<\/td>\n<\/tr>\n<tr>\n<td width=\"200\">8. Support appropri\u00e9<\/td>\n<td width=\"481\">Eau, gaz naturel, p\u00e9trole et certains liquides corrosifs<\/td>\n<\/tr>\n<tr>\n<td width=\"200\">9. Exploit\u00e9<\/td>\n<td width=\"481\">Volant<\/td>\n<\/tr>\n<tr>\n<td width=\"200\">10. Inspection et tests<\/td>\n<td width=\"481\">SelonAPI 598<\/td>\n<\/tr>\n<tr>\n<td width=\"200\"><strong><b>Exp\u00e9dition<\/b><\/strong><\/td>\n<td width=\"481\"><\/td>\n<\/tr>\n<tr>\n<td width=\"200\">D\u00e9lai de livraison<\/td>\n<td width=\"481\">30 jours<\/td>\n<\/tr>\n<tr>\n<td width=\"200\">Emballer<\/td>\n<td width=\"481\">Caisse en contreplaqu\u00e9 d&#039;exportation standard<\/td>\n<\/tr>\n<tr>\n<td width=\"200\">Port d&#039;exp\u00e9dition<\/td>\n<td width=\"481\">Ningbo\/Shanghai, Chine<\/td>\n<\/tr>\n<tr>\n<td width=\"200\">Conditions d&#039;exp\u00e9dition<\/td>\n<td width=\"481\">Exw, FOB, CFR, CIF, etc.<\/td>\n<\/tr>\n<tr>\n<td width=\"200\">Modalit\u00e9s de paiement<\/td>\n<td width=\"481\">T\/T, Western Union, PayPal, etc.<\/td>\n<\/tr>\n<tr>\n<td width=\"200\"><\/td>\n<td width=\"481\">Pr\u00e9paiement 30%, solde 70% pay\u00e9 avant l&#039;exp\u00e9dition<\/td>\n<\/tr>\n<tr>\n<td width=\"200\">Pays d&#039;origine<\/td>\n<td width=\"481\">Ville de Wenzhou, Chine<\/td>\n<\/tr>\n<tr>\n<td width=\"200\">Capacit\u00e9 de production<\/td>\n<td width=\"481\">6000 tonnes\/an<\/td>\n<\/tr>\n<tr>\n<td width=\"200\">MOQ<\/td>\n<td width=\"481\">10 pi\u00e8ces\/taille<\/td>\n<\/tr>\n<\/tbody>\n<\/table>","protected":false},"excerpt":{"rendered":"<p>STV Valve Technology Group Co., Ltd is a professional leader China F51 Forged Gate Valve, Small Size Gate Valve, 1 Inch Gate Valve,\u00a0 A182 F51 Gate Valve, API 602 Gate Valve, Class 1500 LB Gate Valve,Bolt Bonnet Gate Valve Manufacturer with high quality and competitive price.<\/p>","protected":false},"featured_media":7125,"template":"","meta":[],"product_brand":[],"product_cat":[44,59],"product_tag":[2288,2290,2287,2291,1607,2286,2247,2199],"class_list":{"0":"post-7124","1":"product","2":"type-product","3":"status-publish","4":"has-post-thumbnail","6":"product_cat-gate-valve","7":"product_cat-forged-steel-gate-valve","8":"product_tag-1-2-inch-forged-gate-valve","9":"product_tag-api-598-forged-gate-valve","10":"product_tag-api-602-forged-gate-valve","11":"product_tag-astm-a182-f51-gate-valve","12":"product_tag-bb-gate-valve","13":"product_tag-bs-5352-forged-gate-valve","14":"product_tag-bw-end-gate-valve","15":"product_tag-class-1500-lb-gate-valve","17":"first","18":"instock","19":"shipping-taxable","20":"product-type-simple"},"_links":{"self":[{"href":"https:\/\/www.stvvalves.com\/fr\/wp-json\/wp\/v2\/product\/7124","targetHints":{"allow":["GET"]}}],"collection":[{"href":"https:\/\/www.stvvalves.com\/fr\/wp-json\/wp\/v2\/product"}],"about":[{"href":"https:\/\/www.stvvalves.com\/fr\/wp-json\/wp\/v2\/types\/product"}],"wp:featuredmedia":[{"embeddable":true,"href":"https:\/\/www.stvvalves.com\/fr\/wp-json\/wp\/v2\/media\/7125"}],"wp:attachment":[{"href":"https:\/\/www.stvvalves.com\/fr\/wp-json\/wp\/v2\/media?parent=7124"}],"wp:term":[{"taxonomy":"product_brand","embeddable":true,"href":"https:\/\/www.stvvalves.com\/fr\/wp-json\/wp\/v2\/product_brand?post=7124"},{"taxonomy":"product_cat","embeddable":true,"href":"https:\/\/www.stvvalves.com\/fr\/wp-json\/wp\/v2\/product_cat?post=7124"},{"taxonomy":"product_tag","embeddable":true,"href":"https:\/\/www.stvvalves.com\/fr\/wp-json\/wp\/v2\/product_tag?post=7124"}],"curies":[{"name":"wp","href":"https:\/\/api.w.org\/{rel}","templated":true}]}}