{"id":7128,"date":"2024-03-02T20:41:00","date_gmt":"2024-03-02T12:41:00","guid":{"rendered":"https:\/\/www.stvvalves.com\/?post_type=product&#038;p=7128"},"modified":"2024-12-24T22:39:40","modified_gmt":"2024-12-24T14:39:40","slug":"din-swing-check-valve-wcb-dn500-pn100-flange-end","status":"publish","type":"product","link":"https:\/\/www.stvvalves.com\/fr\/products\/din-swing-check-valve-wcb-dn500-pn100-flange-end\/","title":{"rendered":"DIN Swing Check Valve,WCB,DN500 ,PN100,Flange End"},"content":{"rendered":"<p>Conception et fabrication\u00a0:\u00a0DIN 3840 \/ BS EN 1868<br \/>\nFace \u00e0 face\u00a0:\u00a0DIN 3202\/BS EN558-1<br \/>\nExtr\u00e9mit\u00e9s \u00e0 brides\u00a0: DIN 2543\/BS EN1092-1<br \/>\nInspection et test\u00a0:\u00a0DIN 3230\/BS EN12569<\/p>\n<p>Pression\u00a0:\u00a0PN10~PN160<br \/>\nTaille\u00a0: DN40 ~ DN900<br \/>\nMat\u00e9riel: GS-C25, 1.0619, 1.4803, 1.4408, WCB, LCB, CF8, CF8M, CF3, CF3M, CF8C, etc.<\/p>\n<table width=\"751\">\n<tbody>\n<tr>\n<td>Nom du produit\u00a0:<\/td>\n<td>DIN Swing Check Valve,WCB,DN500 ,PN100,Flange End<\/td>\n<\/tr>\n<tr>\n<td>1.Mat\u00e9riel:<\/td>\n<td>WCB<\/td>\n<\/tr>\n<tr>\n<td>2. Taille\u00a0:<\/td>\n<td>20\u2033<\/td>\n<\/tr>\n<tr>\n<td>3.Port\u00a0:<\/td>\n<td>COMPLET<\/td>\n<\/tr>\n<tr>\n<td>4. Temp\u00e9rature de fonctionnement\u00a0:<\/td>\n<td>-29 \u00b0C-425 \u00b0C<\/td>\n<\/tr>\n<tr>\n<td>5.Fin de connexion\u00a0:<\/td>\n<td>RF<\/td>\n<\/tr>\n<tr>\n<td>6. Pression de travail\u00a0:<\/td>\n<td>PN100<\/td>\n<\/tr>\n<tr>\n<td>7. Support appropri\u00e9\u00a0:<\/td>\n<td>Eau, gaz naturel, p\u00e9trole et certains liquides corrosifs<\/td>\n<\/tr>\n<tr>\n<td>8.Exploit\u00e9\u00a0:<\/td>\n<td>\/<\/td>\n<\/tr>\n<tr>\n<td>9. Inspection et tests<\/td>\n<td>Selon DIN 3230<\/td>\n<\/tr>\n<tr>\n<td>Certificat:<\/td>\n<td>OIN, CE\/API 6D<\/td>\n<\/tr>\n<tr>\n<td><strong>Exp\u00e9dition<\/strong><\/td>\n<td><\/td>\n<\/tr>\n<tr>\n<td>D\u00e9lai de livraison<\/td>\n<td>30 jours<\/td>\n<\/tr>\n<tr>\n<td>Emballer<\/td>\n<td>Caisse en contreplaqu\u00e9 d&#039;exportation standard<\/td>\n<\/tr>\n<tr>\n<td>Port d&#039;exp\u00e9dition<\/td>\n<td>Ningbo\/Shanghai, Chine<\/td>\n<\/tr>\n<tr>\n<td>Conditions d&#039;exp\u00e9dition<\/td>\n<td>Exw, FOB, CFR, CIF, etc.<\/td>\n<\/tr>\n<tr>\n<td>Modalit\u00e9s de paiement<\/td>\n<td>T\/T, Western Union, PayPal, etc.<\/td>\n<\/tr>\n<tr>\n<td><\/td>\n<td>Pr\u00e9paiement 30%, solde 70% pay\u00e9 avant l&#039;exp\u00e9dition<\/td>\n<\/tr>\n<tr>\n<td>Pays d&#039;origine<\/td>\n<td>Ville de Wenzhou, Chine<\/td>\n<\/tr>\n<tr>\n<td>Capacit\u00e9 de production<\/td>\n<td>6000 tonnes\/an<\/td>\n<\/tr>\n<tr>\n<td>MOQ<\/td>\n<td>10 pi\u00e8ces\/taille<\/td>\n<\/tr>\n<\/tbody>\n<\/table>","protected":false},"excerpt":{"rendered":"<p>STV Valve Technology Group Co., Ltd is a professional leader China Flange Swing Check Valve,DIN Swing Check Valve,EN Swing Check Valve,DIN Swing\u00a0 Check Valve,WCB Swing Check Valve,PN 100 Swing Check Valve,DN500 Swing Check Valve manufacturer with high quality and competitive price.<\/p>","protected":false},"featured_media":7129,"template":"","meta":[],"product_brand":[],"product_cat":[46,83],"product_tag":[2298,1407,2301,2299,2300,336],"class_list":{"0":"post-7128","1":"product","2":"type-product","3":"status-publish","4":"has-post-thumbnail","6":"product_cat-check-valves","7":"product_cat-cast-steel-check-valve","8":"product_tag-china-flange-swing-check-valve","9":"product_tag-din-swing-check-valve","10":"product_tag-dn500-swing-check-valve-manufacturer","11":"product_tag-en-swing-check-valve","12":"product_tag-pn-100-swing-check-valve","13":"product_tag-wcb-swing-check-valve","15":"first","16":"instock","17":"shipping-taxable","18":"product-type-simple"},"_links":{"self":[{"href":"https:\/\/www.stvvalves.com\/fr\/wp-json\/wp\/v2\/product\/7128","targetHints":{"allow":["GET"]}}],"collection":[{"href":"https:\/\/www.stvvalves.com\/fr\/wp-json\/wp\/v2\/product"}],"about":[{"href":"https:\/\/www.stvvalves.com\/fr\/wp-json\/wp\/v2\/types\/product"}],"wp:featuredmedia":[{"embeddable":true,"href":"https:\/\/www.stvvalves.com\/fr\/wp-json\/wp\/v2\/media\/7129"}],"wp:attachment":[{"href":"https:\/\/www.stvvalves.com\/fr\/wp-json\/wp\/v2\/media?parent=7128"}],"wp:term":[{"taxonomy":"product_brand","embeddable":true,"href":"https:\/\/www.stvvalves.com\/fr\/wp-json\/wp\/v2\/product_brand?post=7128"},{"taxonomy":"product_cat","embeddable":true,"href":"https:\/\/www.stvvalves.com\/fr\/wp-json\/wp\/v2\/product_cat?post=7128"},{"taxonomy":"product_tag","embeddable":true,"href":"https:\/\/www.stvvalves.com\/fr\/wp-json\/wp\/v2\/product_tag?post=7128"}],"curies":[{"name":"wp","href":"https:\/\/api.w.org\/{rel}","templated":true}]}}