{"id":7145,"date":"2024-03-18T17:00:05","date_gmt":"2024-03-18T09:00:05","guid":{"rendered":"https:\/\/www.stvvalves.com\/?post_type=product&#038;p=7145"},"modified":"2024-12-24T19:30:42","modified_gmt":"2024-12-24T11:30:42","slug":"c95800-lug-type-butterfly-valve-24-inch-150lb-gear-box","status":"publish","type":"product","link":"https:\/\/www.stvvalves.com\/fr\/products\/c95800-lug-type-butterfly-valve-24-inch-150lb-gear-box\/","title":{"rendered":"C95800 Lug Type Butterfly Valve,24 Inch,150LB,Gear Box"},"content":{"rendered":"<p>Norme de conception\u00a0:<\/p>\n<p>EN 593, MSS SP67, API 609, BS5155<\/p>\n<p>Dimension Face \u00e0 Face :<\/p>\n<p>OIN 5752, EN 558, MSS SP67, API 609, DIN3202<\/p>\n<p>Norme de fin\u00a0:<\/p>\n<p>ANSI B16.1 Classe125LB et B16.5 Classe150LB<\/p>\n<p>AS 2129 Tableaux D et E BS 10 Tableaux D et E<\/p>\n<p>DIN 2501 PN6, PN10 &amp; PN16<\/p>\n<p>EN 1092 PN6, PN10 &amp; PN16<\/p>\n<p>KS B 1511 \/ JIS B 2210 5K et 10K<\/p>\n<p>MSS SP44 CL. 150 LB AWWA C207<\/p>\n<p>SABS 1123 Tableau 1000\/3 et Tableau 1600\/3<\/p>\n<p>Bride sup\u00e9rieure\u00a0: ISO5211<\/p>\n<p>Norme d&#039;essai\u00a0: API 598, ISO 5208, EN 12266<\/p>\n<p>Champs d&#039;application:<\/p>\n<p>Temp\u00e9rature de fonctionnement :<\/p>\n<p>NBR\u00a0: 0\u2103~+90\u2103<\/p>\n<p>EPDM : \u2013 20\u2103~+120\u2103<\/p>\n<p>PTFE\u00a0: -10 \u2103 ~ + 150 \u2103<\/p>\n<p>Gamme de tailles : DN32-DN2000 Pression : 5K\/10K\/150LB\/PN10\/PN16 Mat\u00e9riaux du corps : Fonte, fonte ductile, WCB, SS304, SS316, bronze, alliage d&#039;aluminium Mat\u00e9riaux du si\u00e8ge : EPDM, NBR, PTFE, VITON, mat\u00e9riaux du disque en caoutchouc : Fonte ductile, CF8, CF8M, WCB, Bronze, Alliage d&#039;aluminium Mat\u00e9riaux de tige : 45#, 420, 431, 304, 304L, 316, 316L, Bronze, Monel, Alliage dur<\/p>\n<p>Fonctionnement en option\u00a0:\u00a0Levier, engrenage \u00e0 vis sans fin, pneumatique, \u00e9lectrique-motoris\u00e9<\/p>\n<p>Application : Traitement chimique, Usines de dessalement, Eau potable, Poudre s\u00e8che, Agroalimentaire, Usines \u00e0 gaz, Industrie mini\u00e8re HAVC, Industrie du papier, Manipulation du sable, Eau de mer, Industrie sucri\u00e8re, Traitement thermotechnique de l&#039;eau, Eaux us\u00e9es, Circulation d&#039;eau de refroidissement, Air comprim\u00e9<\/p>\n<p>Caract\u00e9ristiques de conception:<\/p>\n<p>1. Vanne papillon \u00e0 dos rigide, le si\u00e8ge de vanne ne peut pas \u00eatre remplac\u00e9, g\u00e9n\u00e9ralement \u00e9quip\u00e9 d&#039;une plaque de vanne \u00e0 goupille, le prix est relativement bon march\u00e9 et le rapport qualit\u00e9-prix est relativement \u00e9lev\u00e9.<\/p>\n<p>2. Lorsque la vanne papillon \u00e0 cosse et la canalisation sont install\u00e9es, les brides des deux c\u00f4t\u00e9s sont install\u00e9es s\u00e9par\u00e9ment avec des boulons, de sorte que le corps de la vanne et la surface d&#039;\u00e9tanch\u00e9it\u00e9 du corps de la vanne ne soient pas press\u00e9s par les boulons, ce qui est b\u00e9n\u00e9fique pour l&#039;\u00e9tanch\u00e9it\u00e9. vie.<\/p>\n<p>3. La vanne papillon \u00e0 cosse peut \u00eatre facilement install\u00e9e en position de refoulement.<\/p>\n<p>4. Si la vanne papillon est reli\u00e9e par une paire de colliers, lorsque le boulon est install\u00e9 dans la canalisation, le boulon serrera tout le corps de la vanne papillon entre les deux brides. Le boulon est relativement long et le fluage g\u00e9n\u00e9r\u00e9 est \u00e9galement important. La m\u00e9thode de connexion de la vanne papillon \u00e0 cosse, le boulon est relativement court, n&#039;a pas besoin de traverser tout le corps de la vanne et est plus stable et fiable.<\/p>\n<p>La diff\u00e9rence entre la vanne papillon \u00e0 cosse et la vanne papillon \u00e0 bride<\/p>\n<p>Pour les vannes papillon \u00e0 bride, les trous de boulons sont g\u00e9n\u00e9ralement des trous traversants, l\u00e9g\u00e8rement plus grands que les boulons et serr\u00e9s par des brides\u00a0; les trous de boulons des vannes papillon \u00e0 ergot correspondent aux filetages et sont install\u00e9s avec des goujons enti\u00e8rement filet\u00e9s.<\/p>\n<p>Installation de vanne papillon \u00e0 cosse<\/p>\n<p>Pour installer la vanne papillon \u00e0 ergot, un c\u00f4t\u00e9 de l&#039;\u00e9crou doit \u00eatre retir\u00e9, le boulon est tordu dans le trou de boulon de la vanne, puis l&#039;\u00e9crou est serr\u00e9.<\/p>","protected":false},"excerpt":{"rendered":"<p>China Cast Iron Lug Type Butterfly ValveManufacture,STV Offers C95800 Lug Type Butterfly Valve with Gear Box, C95800 Body, DN600 Lug Type Butterfly Valve, 150LB Lug Type Butterfly Valve, API 609 .<\/p>","protected":false},"featured_media":7146,"template":"","meta":[],"product_brand":[],"product_cat":[965,971],"product_tag":[2321,2320,1997,2319],"class_list":{"0":"post-7145","1":"product","2":"type-product","3":"status-publish","4":"has-post-thumbnail","6":"product_cat-butterfly-valve","7":"product_cat-wafer-butterfly-valve","8":"product_tag-150lb-lug-type-butterfly-valve","9":"product_tag-24-inch-butterfly-valve","10":"product_tag-api-609-lug-type-butterfly-valve","11":"product_tag-c95800-lug-type-butterfly-valve","13":"first","14":"instock","15":"shipping-taxable","16":"product-type-simple"},"_links":{"self":[{"href":"https:\/\/www.stvvalves.com\/fr\/wp-json\/wp\/v2\/product\/7145","targetHints":{"allow":["GET"]}}],"collection":[{"href":"https:\/\/www.stvvalves.com\/fr\/wp-json\/wp\/v2\/product"}],"about":[{"href":"https:\/\/www.stvvalves.com\/fr\/wp-json\/wp\/v2\/types\/product"}],"wp:featuredmedia":[{"embeddable":true,"href":"https:\/\/www.stvvalves.com\/fr\/wp-json\/wp\/v2\/media\/7146"}],"wp:attachment":[{"href":"https:\/\/www.stvvalves.com\/fr\/wp-json\/wp\/v2\/media?parent=7145"}],"wp:term":[{"taxonomy":"product_brand","embeddable":true,"href":"https:\/\/www.stvvalves.com\/fr\/wp-json\/wp\/v2\/product_brand?post=7145"},{"taxonomy":"product_cat","embeddable":true,"href":"https:\/\/www.stvvalves.com\/fr\/wp-json\/wp\/v2\/product_cat?post=7145"},{"taxonomy":"product_tag","embeddable":true,"href":"https:\/\/www.stvvalves.com\/fr\/wp-json\/wp\/v2\/product_tag?post=7145"}],"curies":[{"name":"wp","href":"https:\/\/api.w.org\/{rel}","templated":true}]}}