{"id":7151,"date":"2024-03-19T10:19:37","date_gmt":"2024-03-19T02:19:37","guid":{"rendered":"https:\/\/www.stvvalves.com\/?post_type=product&#038;p=7151"},"modified":"2024-12-24T22:39:03","modified_gmt":"2024-12-24T14:39:03","slug":"bs-1868-swing-check-valve-wcb-30-inch-cl150-rf-end","status":"publish","type":"product","link":"https:\/\/www.stvvalves.com\/fr\/products\/bs-1868-swing-check-valve-wcb-30-inch-cl150-rf-end\/","title":{"rendered":"BS 1868 Swing Check Valve,WCB,30 Inch,CL150,RF End"},"content":{"rendered":"<p>ANSI 150LB swing check valve main features<\/p>\n<p>BB, CAPOT BOULONN\u00c9<br \/>\nTYPE SWING, DISQUE ANTI-ROTATION<br \/>\nANNEAUX DE SI\u00c8GE RENOUVELABLES<br \/>\nARBRE \u00c0 DISQUE NON P\u00c9N\u00c9TRANT<br \/>\nSERVICE HORIZONTAL OU VERTICAL<br \/>\nEXTR\u00c9MIT\u00c9S \u00c0 BRIDE OU BUTTVVELDING<\/p>\n<p>Normes applicables:<br \/>\nCLAPETS ANTI-RETOUR EN ACIER, API6D\/BS1868<br \/>\nCLAPETS ANTI-RETOUR EN ACIER, ISO 14313<br \/>\nVANNES EN ACIER, ASME B16.34<br \/>\nFACE \u00c0 FACE, ASME B16.10<br \/>\nBRIDES D&#039;EXTR\u00c9MIT\u00c9, ASME B16.5<br \/>\nEMBOUTS \u00c0 SOUDER BOUT \u00c0 BOUT, ASME B16.25<br \/>\nINSPECTION ET TEST, API 598\/API 6D<\/p>\n<table>\n<tbody>\n<tr>\n<td width=\"200\"><strong>Nom du produit<\/strong><\/td>\n<td width=\"481\">BS 1868 Swing Check Valve,WCB,30 Inch,CL150,RF End<\/td>\n<\/tr>\n<tr>\n<td width=\"200\">1. Mat\u00e9riel<\/td>\n<td width=\"481\">WCB<\/td>\n<\/tr>\n<tr>\n<td width=\"200\">2. Taille<\/td>\n<td width=\"481\">30\u201d<\/td>\n<\/tr>\n<tr>\n<td width=\"200\">4. Port<\/td>\n<td width=\"481\">Port complet<\/td>\n<\/tr>\n<tr>\n<td width=\"200\">5. Pression de travail<\/td>\n<td width=\"481\">150LB<\/td>\n<\/tr>\n<tr>\n<td width=\"200\">6. Fin de la connexion<\/td>\n<td width=\"481\">RF<\/td>\n<\/tr>\n<tr>\n<td width=\"200\">7. Temp\u00e9rature de travail.<\/td>\n<td width=\"481\">-29~425\u00baC,<\/td>\n<\/tr>\n<tr>\n<td width=\"200\">8. Support appropri\u00e9<\/td>\n<td width=\"481\">Eau, gaz naturel, p\u00e9trole et certains liquides corrosifs<\/td>\n<\/tr>\n<tr>\n<td width=\"200\">9. Exploit\u00e9<\/td>\n<td width=\"481\">\/<\/td>\n<\/tr>\n<tr>\n<td width=\"200\">10. Inspection et tests<\/td>\n<td width=\"481\">SelonAPI 598<\/td>\n<\/tr>\n<tr>\n<td width=\"200\"><strong>Exp\u00e9dition<\/strong><\/td>\n<td width=\"481\"><\/td>\n<\/tr>\n<tr>\n<td width=\"200\">D\u00e9lai de livraison<\/td>\n<td width=\"481\">30 jours<\/td>\n<\/tr>\n<tr>\n<td width=\"200\">Emballer<\/td>\n<td width=\"481\">Caisse en contreplaqu\u00e9 d&#039;exportation standard<\/td>\n<\/tr>\n<tr>\n<td width=\"200\">Port d&#039;exp\u00e9dition<\/td>\n<td width=\"481\">Ningbo\/Shanghai, Chine<\/td>\n<\/tr>\n<tr>\n<td width=\"200\">Conditions d&#039;exp\u00e9dition<\/td>\n<td width=\"481\">Exw, FOB, CFR, CIF, etc.<\/td>\n<\/tr>\n<tr>\n<td width=\"200\">Modalit\u00e9s de paiement<\/td>\n<td width=\"481\">T\/T, Western Union, PayPal, etc.<\/td>\n<\/tr>\n<tr>\n<td width=\"200\"><\/td>\n<td width=\"481\">Pr\u00e9paiement 30%, solde 70% pay\u00e9 avant l&#039;exp\u00e9dition<\/td>\n<\/tr>\n<tr>\n<td width=\"200\">Pays d&#039;origine<\/td>\n<td width=\"481\">Ville de Wenzhou, Chine<\/td>\n<\/tr>\n<tr>\n<td width=\"200\">Capacit\u00e9 de production<\/td>\n<td width=\"481\">6000 tonnes\/an<\/td>\n<\/tr>\n<tr>\n<td width=\"200\">MOQ<\/td>\n<td width=\"481\">10 pi\u00e8ces\/taille<\/td>\n<\/tr>\n<\/tbody>\n<\/table>","protected":false},"excerpt":{"rendered":"<p>STV Valve Technology Group Co., Ltd is a professional leader China ANSI 150LB cast steel check valve,ANSI swing check valve,WCB swing check valve,cast steel swing check valve,API 600 swing check valve,Flanged end swing check valve China Swing Check Valve ,30 Inch Swing Check Valve , API 598swing check valve, BS1868 swing check valve, API 6Dswing check valve, ASME B16.10swing check valve manufacturer with high quality and low price.<\/p>","protected":false},"featured_media":7152,"template":"","meta":[],"product_brand":[],"product_cat":[46,83],"product_tag":[2338,2337,335,2339,338,2341,2342,2340,337,2343,565,336],"class_list":{"0":"post-7151","1":"product","2":"type-product","3":"status-publish","4":"has-post-thumbnail","6":"product_cat-check-valves","7":"product_cat-cast-steel-check-valve","8":"product_tag-30-inch-swing-check-valve","9":"product_tag-ansi-150lb-cast-steel-check-valve","10":"product_tag-ansi-swing-check-valve","11":"product_tag-api-598swing-check-valve","12":"product_tag-api-600-swing-check-valve","13":"product_tag-api-6dswing-check-valve","14":"product_tag-asme-b16-10swing-check-valve-manufacturer","15":"product_tag-bs1868-swing-check-valve","16":"product_tag-cast-steel-swing-check-valve","17":"product_tag-china-swing-check-valve","18":"product_tag-flanged-end-swing-check-valve","19":"product_tag-wcb-swing-check-valve","21":"first","22":"instock","23":"shipping-taxable","24":"product-type-simple"},"_links":{"self":[{"href":"https:\/\/www.stvvalves.com\/fr\/wp-json\/wp\/v2\/product\/7151","targetHints":{"allow":["GET"]}}],"collection":[{"href":"https:\/\/www.stvvalves.com\/fr\/wp-json\/wp\/v2\/product"}],"about":[{"href":"https:\/\/www.stvvalves.com\/fr\/wp-json\/wp\/v2\/types\/product"}],"wp:featuredmedia":[{"embeddable":true,"href":"https:\/\/www.stvvalves.com\/fr\/wp-json\/wp\/v2\/media\/7152"}],"wp:attachment":[{"href":"https:\/\/www.stvvalves.com\/fr\/wp-json\/wp\/v2\/media?parent=7151"}],"wp:term":[{"taxonomy":"product_brand","embeddable":true,"href":"https:\/\/www.stvvalves.com\/fr\/wp-json\/wp\/v2\/product_brand?post=7151"},{"taxonomy":"product_cat","embeddable":true,"href":"https:\/\/www.stvvalves.com\/fr\/wp-json\/wp\/v2\/product_cat?post=7151"},{"taxonomy":"product_tag","embeddable":true,"href":"https:\/\/www.stvvalves.com\/fr\/wp-json\/wp\/v2\/product_tag?post=7151"}],"curies":[{"name":"wp","href":"https:\/\/api.w.org\/{rel}","templated":true}]}}