{"id":7157,"date":"2024-03-19T11:09:32","date_gmt":"2024-03-19T03:09:32","guid":{"rendered":"https:\/\/www.stvvalves.com\/?post_type=product&#038;p=7157"},"modified":"2024-12-25T10:30:35","modified_gmt":"2024-12-25T02:30:35","slug":"c95800-dual-plate-check-valves-16-inch-rf-type-150lb-api594","status":"publish","type":"product","link":"https:\/\/www.stvvalves.com\/fr\/products\/c95800-dual-plate-check-valves-16-inch-rf-type-150lb-api594\/","title":{"rendered":"C95800 Dual Plate Check Valves,16 Inch,RF Type,150LB,API594"},"content":{"rendered":"<p>China C95800 Dual Plate Check Valves,16 Inch,RF Type,150LB,API594<br \/>\nTaille : de 2\u2033 \u00e0 48\u2033<br \/>\nPression : 150 \u2013 1500LB<br \/>\nMaterial: we can offer valves carried out in C95800,C95400,C92200,C95500<br \/>\nNorme de conception et de production : API 594 ou DIN<br \/>\nDistance entre brides : ASME B16.10, EN558, DIN3202<br \/>\nConnect\u00e9 conform\u00e9ment \u00e0 la norme : ANSI, API, DIN<br \/>\nNorme d&#039;essai\u00a0: API598, API 600, ISO5208<br \/>\nFluide\u00a0: La vanne convient \u00e0 plusieurs fluides, notamment l&#039;eau, la vapeur, le p\u00e9trole, le gaz, les produits p\u00e9troliers, l&#039;acide nitrique, l&#039;acide ac\u00e9tique, etc.<br \/>\nTemp\u00e9rature de fonctionnement : de -46\u00baC ou -50\u00baC (constructions en acier inoxydable) et -29\u00baC ou -46\u00baC (constructions en acier au carbone) jusqu&#039;\u00e0 600\u2103<\/p>\n<table>\n<tbody>\n<tr>\n<td width=\"200\"><strong>Nom du produit<\/strong><\/td>\n<td width=\"481\">\u00a0Clapet anti-retour de plaquette C95800 de 24 pouces, 300LB, bride RF<\/td>\n<\/tr>\n<tr>\n<td width=\"200\">1. Mat\u00e9riel<\/td>\n<td width=\"481\">C95800<\/td>\n<\/tr>\n<tr>\n<td width=\"200\">2. Taille<\/td>\n<td width=\"481\">24&quot;<\/td>\n<\/tr>\n<tr>\n<td width=\"200\">4. Port<\/td>\n<td width=\"481\">Port complet<\/td>\n<\/tr>\n<tr>\n<td width=\"200\">5. Pression de travail<\/td>\n<td width=\"481\">300 livres<\/td>\n<\/tr>\n<tr>\n<td width=\"200\">6. Fin de la connexion<\/td>\n<td width=\"481\">RF<\/td>\n<\/tr>\n<tr>\n<td width=\"200\">7. Temp\u00e9rature de travail.<\/td>\n<td width=\"481\">-29~200\u00baC,<\/td>\n<\/tr>\n<tr>\n<td width=\"200\">8. Support appropri\u00e9<\/td>\n<td width=\"481\">Eau, gaz naturel, p\u00e9trole et certains liquides corrosifs<\/td>\n<\/tr>\n<tr>\n<td width=\"200\">9. Exploit\u00e9<\/td>\n<td width=\"481\">\/<\/td>\n<\/tr>\n<tr>\n<td width=\"200\">10. Inspection et tests<\/td>\n<td width=\"481\">Selon API598<\/td>\n<\/tr>\n<tr>\n<td width=\"200\"><strong>Exp\u00e9dition<\/strong><\/td>\n<td width=\"481\"><\/td>\n<\/tr>\n<tr>\n<td width=\"200\">D\u00e9lai de livraison<\/td>\n<td width=\"481\">30 jours<\/td>\n<\/tr>\n<tr>\n<td width=\"200\">Emballer<\/td>\n<td width=\"481\">Caisse en contreplaqu\u00e9 d&#039;exportation standard<\/td>\n<\/tr>\n<tr>\n<td width=\"200\">Port d&#039;exp\u00e9dition<\/td>\n<td width=\"481\">Ningbo\/Shanghai, Chine<\/td>\n<\/tr>\n<tr>\n<td width=\"200\">Conditions d&#039;exp\u00e9dition<\/td>\n<td width=\"481\">Exw, FOB, CFR, CIF, etc.<\/td>\n<\/tr>\n<tr>\n<td width=\"200\">Modalit\u00e9s de paiement<\/td>\n<td width=\"481\">T\/T, Western Union, PayPal, etc.<\/td>\n<\/tr>\n<tr>\n<td width=\"200\"><\/td>\n<td width=\"481\">Pr\u00e9paiement 30%, solde 70% pay\u00e9 avant l&#039;exp\u00e9dition<\/td>\n<\/tr>\n<tr>\n<td width=\"200\">Pays d&#039;origine<\/td>\n<td width=\"481\">Ville de Wenzhou, Chine<\/td>\n<\/tr>\n<tr>\n<td width=\"200\">Capacit\u00e9 de production<\/td>\n<td width=\"481\">6000 tonnes\/an<\/td>\n<\/tr>\n<tr>\n<td width=\"200\">MOQ<\/td>\n<td width=\"481\">1 pi\u00e8ces\/taille<\/td>\n<\/tr>\n<\/tbody>\n<\/table>\n<p>La paire d&#039;\u00e9tanch\u00e9it\u00e9 de vanne en bronze est raisonnablement assortie, et la surface d&#039;\u00e9tanch\u00e9it\u00e9 du disque de vanne et du si\u00e8ge de vanne est constitu\u00e9e d&#039;un rev\u00eatement en alliage \u00e0 base de fer, qui pr\u00e9sente une bonne r\u00e9sistance \u00e0 l&#039;usure, une bonne r\u00e9sistance \u00e0 la temp\u00e9rature, une r\u00e9sistance \u00e0 la corrosion, une r\u00e9sistance aux rayures et une longue dur\u00e9e de vie. Les produits de clapet anti-retour en bronze sont con\u00e7us et fabriqu\u00e9s selon la norme API594. Diverses normes de brides de tuyauterie et types d\u2019\u00e9tanch\u00e9it\u00e9 de bride peuvent \u00eatre utilis\u00e9es pour r\u00e9pondre \u00e0 divers besoins d\u2019ing\u00e9nierie et exigences des utilisateurs. Le corps de vanne est compos\u00e9 de divers mat\u00e9riaux et le joint de bride peut \u00eatre raisonnablement s\u00e9lectionn\u00e9 en fonction des conditions de travail r\u00e9elles ou des exigences de l&#039;utilisateur, et peut convenir \u00e0 diverses conditions de travail de pression, de temp\u00e9rature et de milieu.<\/p>\n<p>&nbsp;<\/p>","protected":false},"excerpt":{"rendered":"<p>Discover the benefits of C95800 Dual Plate Check Valves for your fluid control systems. Designed for optimal reliability and efficiency, these valves prevent backflow and ensure smooth operation in various applications. Ideal for industries requiring durable and corrosion-resistant solutions, the C95800 series boasts impressive performance and longevity. Learn more about specifications, installation, and maintenance to enhance your project&#8217;s success.<\/p>\n<p>STV Valve Technology Group Co., Ltd is a professional leader China Dual Plate Check Valves,16 Inch Dual Plate Check Valves, C95800 Check Valve,150lb\u00a0 Dual Plate Check Valves,RF End Dual Plate Check Valves,C95800 Check Valve Manufacturer with high quality and competitive price .C95800 wafer check valve, C95800 duo check valve, C95800 non return valve, C95800 double disc check valve, C95800 folding Disc Check Valves.<\/p>\n<p>&nbsp;<\/p>","protected":false},"featured_media":7158,"template":"","meta":[],"product_brand":[],"product_cat":[46,84],"product_tag":[2357,2361,2359,2362,2360,2358],"class_list":{"0":"post-7157","1":"product","2":"type-product","3":"status-publish","4":"has-post-thumbnail","6":"product_cat-check-valves","7":"product_cat-wafer-check-valve","8":"product_tag-b148-c95800-dual-check-valve","9":"product_tag-c95800-double-disc-check-valve","10":"product_tag-c95800-duo-check-valve","11":"product_tag-c95800-folding-disc-check-valves","12":"product_tag-c95800-non-return-valve","13":"product_tag-c95800-wafer-check-valve","15":"first","16":"instock","17":"shipping-taxable","18":"product-type-simple"},"_links":{"self":[{"href":"https:\/\/www.stvvalves.com\/fr\/wp-json\/wp\/v2\/product\/7157","targetHints":{"allow":["GET"]}}],"collection":[{"href":"https:\/\/www.stvvalves.com\/fr\/wp-json\/wp\/v2\/product"}],"about":[{"href":"https:\/\/www.stvvalves.com\/fr\/wp-json\/wp\/v2\/types\/product"}],"wp:featuredmedia":[{"embeddable":true,"href":"https:\/\/www.stvvalves.com\/fr\/wp-json\/wp\/v2\/media\/7158"}],"wp:attachment":[{"href":"https:\/\/www.stvvalves.com\/fr\/wp-json\/wp\/v2\/media?parent=7157"}],"wp:term":[{"taxonomy":"product_brand","embeddable":true,"href":"https:\/\/www.stvvalves.com\/fr\/wp-json\/wp\/v2\/product_brand?post=7157"},{"taxonomy":"product_cat","embeddable":true,"href":"https:\/\/www.stvvalves.com\/fr\/wp-json\/wp\/v2\/product_cat?post=7157"},{"taxonomy":"product_tag","embeddable":true,"href":"https:\/\/www.stvvalves.com\/fr\/wp-json\/wp\/v2\/product_tag?post=7157"}],"curies":[{"name":"wp","href":"https:\/\/api.w.org\/{rel}","templated":true}]}}