{"id":7167,"date":"2024-03-19T15:31:20","date_gmt":"2024-03-19T07:31:20","guid":{"rendered":"https:\/\/www.stvvalves.com\/?post_type=product&#038;p=7167"},"modified":"2024-03-19T15:37:17","modified_gmt":"2024-03-19T07:37:17","slug":"astm-b148-c95500-gate-valve-2-1-2-inch-class-800-api-602-npt","status":"publish","type":"product","link":"https:\/\/www.stvvalves.com\/fr\/products\/astm-b148-c95500-gate-valve-2-1-2-inch-class-800-api-602-npt\/","title":{"rendered":"ASTM B148 C95500 Gate Valve,21\/2 Inch, Class 800, API 602,NPT"},"content":{"rendered":"<p>ASTM B148 C95500 Gate Valve,21\/2 Inch, Class 800, API 602,NPT<br \/>\nConception\u00a0: API 602<br \/>\nBody: B148 C95500<br \/>\nTaille nominale: 1 pouce<br \/>\nClasse nominale\u00a0:\u00a0150 LB<br \/>\nFin de connexion\u00a0:\u00a0extr\u00e9mit\u00e9s SW<br \/>\nFace \u00e0 face\u00a0: ASME B16.10<br \/>\nTest et inspection\u00a0: API 598<\/p>\n<p><strong>Param\u00e8tres techniques et caract\u00e9ristiques<\/strong><br \/>\nProduit\u00a0: Vanne \u00e0 vanne de petite taille<br \/>\nDiam\u00e8tre nominal : 1\/4 pouce \u2013 4 pouces<br \/>\nTemp\u00e9rature de conception : -196 \u2103 \u2013 573 \u2103<br \/>\nPression de conception\u00a0: Classe 150 LB \u2013 Classe 2\u00a0500 LB<br \/>\nMaterial: ASTM B148 C95400, C95500, C95800<br \/>\nASTM B150 C63000, C63200.<br \/>\nNorme de conception\u00a0: API 602, BS 5352<br \/>\nFace \u00e0 face\u00a0: norme de fabrication, ASME B16.10<br \/>\nExtr\u00e9mit\u00e9 de connexion\u00a0: NPT, SW, BW, \u00e0 bride<br \/>\nNorme d&#039;essai\u00a0: API 598, ISO 5208<br \/>\nFonctionnement\u00a0: Volant<br \/>\nApplication\u00a0: centrale \u00e9lectrique, p\u00e9trole, g\u00e9nie chimique<\/p>\n<table>\n<tbody>\n<tr>\n<td width=\"200\"><strong><b>Nom du produit<\/b><\/strong><\/td>\n<td width=\"481\">ASTM B148 C95500 Gate Valve,21\/2 Inch, Class 800, API 602,NPT<\/td>\n<\/tr>\n<tr>\n<td width=\"200\">1. Mat\u00e9riel<\/td>\n<td width=\"481\">ASTM B148 C95400, C95500, C95800<br \/>\nASTM B150 C63000, C63200.<\/td>\n<\/tr>\n<tr>\n<td width=\"200\">2. Taille<\/td>\n<td width=\"481\">21\/2&quot;<\/td>\n<\/tr>\n<tr>\n<td width=\"200\">4. Port<\/td>\n<td width=\"481\">Port r\u00e9ducteur<\/td>\n<\/tr>\n<tr>\n<td width=\"200\">5. Pression de travail<\/td>\n<td width=\"481\">800LB<\/td>\n<\/tr>\n<tr>\n<td width=\"200\">6. Fin de la connexion<\/td>\n<td width=\"481\">NPT End<\/td>\n<\/tr>\n<tr>\n<td width=\"200\">7. Temp\u00e9rature de travail.<\/td>\n<td width=\"481\">-29~425\u00baC,<\/td>\n<\/tr>\n<tr>\n<td width=\"200\">8. Support appropri\u00e9<\/td>\n<td width=\"481\">Eau, gaz naturel, p\u00e9trole et certains liquides corrosifs<\/td>\n<\/tr>\n<tr>\n<td width=\"200\">9. Exploit\u00e9<\/td>\n<td width=\"481\">Volant<\/td>\n<\/tr>\n<tr>\n<td width=\"200\">10. Inspection et tests<\/td>\n<td width=\"481\">SelonAPI 598<\/td>\n<\/tr>\n<tr>\n<td width=\"200\"><strong><b>Exp\u00e9dition<\/b><\/strong><\/td>\n<td width=\"481\"><\/td>\n<\/tr>\n<tr>\n<td width=\"200\">D\u00e9lai de livraison<\/td>\n<td width=\"481\">30 jours<\/td>\n<\/tr>\n<tr>\n<td width=\"200\">Emballer<\/td>\n<td width=\"481\">Caisse en contreplaqu\u00e9 d&#039;exportation standard<\/td>\n<\/tr>\n<tr>\n<td width=\"200\">Port d&#039;exp\u00e9dition<\/td>\n<td width=\"481\">Ningbo\/Shanghai, Chine<\/td>\n<\/tr>\n<tr>\n<td width=\"200\">Conditions d&#039;exp\u00e9dition<\/td>\n<td width=\"481\">Exw, FOB, CFR, CIF, etc.<\/td>\n<\/tr>\n<tr>\n<td width=\"200\">Modalit\u00e9s de paiement<\/td>\n<td width=\"481\">T\/T, Western Union, PayPal, etc.<\/td>\n<\/tr>\n<tr>\n<td width=\"200\"><\/td>\n<td width=\"481\">Pr\u00e9paiement 30%, solde 70% pay\u00e9 avant l&#039;exp\u00e9dition<\/td>\n<\/tr>\n<tr>\n<td width=\"200\">Pays d&#039;origine<\/td>\n<td width=\"481\">Ville de Wenzhou, Chine<\/td>\n<\/tr>\n<tr>\n<td width=\"200\">Capacit\u00e9 de production<\/td>\n<td width=\"481\">6000 tonnes\/an<\/td>\n<\/tr>\n<tr>\n<td width=\"200\">MOQ<\/td>\n<td width=\"481\">10 pi\u00e8ces\/taille<\/td>\n<\/tr>\n<\/tbody>\n<\/table>","protected":false},"excerpt":{"rendered":"<p>STV Valve Technology Group Co., Ltd is a professional leader China ASTM B148 C95500 Gate Valve, Forged Gate Valve, Small Size Gate Valve, 21\/2 Inch Gate Valve,\u00a0 ASTM B62 Gate Valve, API 602 Gate Valve, Class 800 LB Gate Valve,Bolt Bonnet Gate Valve Manufacturer with high quality and competitive price .<\/p>","protected":false},"featured_media":7168,"template":"","meta":[],"product_brand":[],"product_cat":[44,59],"product_tag":[2374,2376,223,1814,1586,2375,1812,1585,1568,1813,1565],"class_list":{"0":"post-7167","1":"product","2":"type-product","3":"status-publish","4":"has-post-thumbnail","6":"product_cat-gate-valve","7":"product_cat-forged-steel-gate-valve","8":"product_tag-1inch-gate-valve","9":"product_tag-21-2-inch-gate-valve","10":"product_tag-api-602-gate-valve","11":"product_tag-astm-b62-gate-valve","12":"product_tag-bolt-bonnet-gate-valve-manufacturer","13":"product_tag-china-astm-b148-c95500-gate-valve","14":"product_tag-china-astm-b148-c95800-gate-valve","15":"product_tag-class-150-lb-gate-valve","16":"product_tag-class-800-lb-gate-valve","17":"product_tag-forged-gate-valve","18":"product_tag-small-size-gate-valve","20":"first","21":"instock","22":"shipping-taxable","23":"product-type-simple"},"_links":{"self":[{"href":"https:\/\/www.stvvalves.com\/fr\/wp-json\/wp\/v2\/product\/7167","targetHints":{"allow":["GET"]}}],"collection":[{"href":"https:\/\/www.stvvalves.com\/fr\/wp-json\/wp\/v2\/product"}],"about":[{"href":"https:\/\/www.stvvalves.com\/fr\/wp-json\/wp\/v2\/types\/product"}],"wp:featuredmedia":[{"embeddable":true,"href":"https:\/\/www.stvvalves.com\/fr\/wp-json\/wp\/v2\/media\/7168"}],"wp:attachment":[{"href":"https:\/\/www.stvvalves.com\/fr\/wp-json\/wp\/v2\/media?parent=7167"}],"wp:term":[{"taxonomy":"product_brand","embeddable":true,"href":"https:\/\/www.stvvalves.com\/fr\/wp-json\/wp\/v2\/product_brand?post=7167"},{"taxonomy":"product_cat","embeddable":true,"href":"https:\/\/www.stvvalves.com\/fr\/wp-json\/wp\/v2\/product_cat?post=7167"},{"taxonomy":"product_tag","embeddable":true,"href":"https:\/\/www.stvvalves.com\/fr\/wp-json\/wp\/v2\/product_tag?post=7167"}],"curies":[{"name":"wp","href":"https:\/\/api.w.org\/{rel}","templated":true}]}}