{"id":7194,"date":"2024-03-21T08:13:26","date_gmt":"2024-03-21T00:13:26","guid":{"rendered":"https:\/\/www.stvvalves.com\/?post_type=product&#038;p=7194"},"modified":"2024-03-21T08:21:55","modified_gmt":"2024-03-21T00:21:55","slug":"trunnion-mounted-ball-valve-28-inch-24-inch-300lb-wcb-gear-box-op","status":"publish","type":"product","link":"https:\/\/www.stvvalves.com\/fr\/products\/trunnion-mounted-ball-valve-28-inch-24-inch-300lb-wcb-gear-box-op\/","title":{"rendered":"Trunnion Mounted Ball Valve,28 Inchx24 Inch,300LB,WCB,Gear Box Op"},"content":{"rendered":"<p>Cast Trunnion Mounted Ball Valve is designed in accordance with API 6D featuring 3 PC split body, side entry or top entry design. Side entry trunnion ball valve is wide range of sealing material including PTFE, PEEK, DEVLON, NYLON, etc, API 6D full bore split body trunnion ball valve can be used in working temperature range -46\u00baC~ 500\u00baC.<\/p>\n<p><strong>Sp\u00e9cifications du robinet \u00e0 tournant sph\u00e9rique mont\u00e9 sur tourillon forg\u00e9\u00a0:\u00a0<\/strong><\/p>\n<table border=\"1\" cellspacing=\"0\">\n<tbody>\n<tr>\n<td>Vanne \u00e0 boisseau sph\u00e9rique mont\u00e9e sur tourillon Taille<\/td>\n<td>NPS 2\u2033 \u2013 NPS 56\u2033<\/td>\n<\/tr>\n<tr>\n<td>Note de pression<\/td>\n<td>Classe 150LB \u2013 Classe 2500LB<\/td>\n<\/tr>\n<tr>\n<td>Mat\u00e9riel<\/td>\n<td>WCB, LCB, CF8, CF8M, CF3, CF3M, A105, LF2, F304, F316, F304L, F316L<\/td>\n<\/tr>\n<tr>\n<td>Norme de conception et de fabrication<\/td>\n<td>API 608, API 6D, BS 5351, ASME B16.34, DIN, GOST, JIS<\/td>\n<\/tr>\n<tr>\n<td>Fait \u00e0 face<\/td>\n<td>ASME B16.5, API 6D<\/td>\n<\/tr>\n<tr>\n<td>Terminer la connexion<\/td>\n<td>ASME B16.5, ASME B16.47, ASME B16.25<\/td>\n<\/tr>\n<tr>\n<td>Tests et inspections<\/td>\n<td>ISO 5208, API 6D<\/td>\n<\/tr>\n<tr>\n<td>M\u00e9thode d&#039;op\u00e9ration<\/td>\n<td>Manuel, engrenage \u00e0 vis sans fin, actionneur \u00e9lectrique, actionneur pneumatique<\/td>\n<\/tr>\n<\/tbody>\n<\/table>\n<p><strong>Sp\u00e9cifications techniques du robinet \u00e0 tournant sph\u00e9rique mont\u00e9 sur tourillon forg\u00e9<\/strong><br \/>\n-Conception\u00a0:\u00a0ASME 16.34\/API 6D<br \/>\n-Face \u00e0 face\u00a0: ASME B16.10<br \/>\n-Bride d&#039;extr\u00e9mit\u00e9\u00a0: ASME B16.5<br \/>\n-BW Fin\u00a0: ASME B16.25<br \/>\n-Test\u00a0:\u00a0API 598\/BS 6755<br \/>\n-Test de s\u00e9curit\u00e9 incendie\u00a0: API 607\/API 6FA<br \/>\n-Sp\u00e9cial\u00a0: NACE MR-01-75<\/p>\n<p><strong>Robinet \u00e0 bille mont\u00e9 sur tourillon forg\u00e9Caract\u00e9ristiques de conception<\/strong><br \/>\n-Port complet ou port r\u00e9duit<br \/>\n-Conception s\u00e9curis\u00e9e contre le feu<br \/>\n-Boule mont\u00e9e sur tourillon<br \/>\n-Double blocage et purge<br \/>\n-Injection de mastic d&#039;urgence<br \/>\n-Auto-soulagement de la pression de la cavit\u00e9<br \/>\n-Tige anti-\u00e9ruption<br \/>\n-Dispositif antistatique<br \/>\n-Conception \u00e0 double piston en option<\/p>","protected":false},"excerpt":{"rendered":"<p>STV Valve Technology Group Co., Ltd is a professional leader China 300LB Cast Steel Ball Valve,10 Inch API 6D Cast Steel Trunnion Mounted Ball Valves,API 6D Reducer Trunnion Mounted Ball Valves,3-Piece Trunnion Mounted Ball Valve,Gear Box Cast Trunnion Mounted Ball Valve,28 Inch Trunnion Mounted Ball Valve Manufacturer with high quality and competitive price.<\/p>","protected":false},"featured_media":7196,"template":"","meta":[],"product_brand":[],"product_cat":[43,56],"product_tag":[2412,2416,2414,2413,2411,2415],"class_list":{"0":"post-7194","1":"product","2":"type-product","3":"status-publish","4":"has-post-thumbnail","6":"product_cat-ball-valve","7":"product_cat-trunnion-ball-valve","8":"product_tag-10-inch-api-6d-cast-steel-trunnion-mounted-ball-valves","9":"product_tag-28-inch-trunnion-mounted-ball-valve-manufacturer","10":"product_tag-3-piece-trunnion-mounted-ball-valve","11":"product_tag-api-6d-reducer-trunnion-mounted-ball-valves","12":"product_tag-china-300lb-cast-steel-ball-valve","13":"product_tag-gear-box-cast-trunnion-mounted-ball-valve","15":"first","16":"instock","17":"shipping-taxable","18":"product-type-simple"},"_links":{"self":[{"href":"https:\/\/www.stvvalves.com\/fr\/wp-json\/wp\/v2\/product\/7194","targetHints":{"allow":["GET"]}}],"collection":[{"href":"https:\/\/www.stvvalves.com\/fr\/wp-json\/wp\/v2\/product"}],"about":[{"href":"https:\/\/www.stvvalves.com\/fr\/wp-json\/wp\/v2\/types\/product"}],"wp:featuredmedia":[{"embeddable":true,"href":"https:\/\/www.stvvalves.com\/fr\/wp-json\/wp\/v2\/media\/7196"}],"wp:attachment":[{"href":"https:\/\/www.stvvalves.com\/fr\/wp-json\/wp\/v2\/media?parent=7194"}],"wp:term":[{"taxonomy":"product_brand","embeddable":true,"href":"https:\/\/www.stvvalves.com\/fr\/wp-json\/wp\/v2\/product_brand?post=7194"},{"taxonomy":"product_cat","embeddable":true,"href":"https:\/\/www.stvvalves.com\/fr\/wp-json\/wp\/v2\/product_cat?post=7194"},{"taxonomy":"product_tag","embeddable":true,"href":"https:\/\/www.stvvalves.com\/fr\/wp-json\/wp\/v2\/product_tag?post=7194"}],"curies":[{"name":"wp","href":"https:\/\/api.w.org\/{rel}","templated":true}]}}