{"id":7199,"date":"2024-03-21T08:32:36","date_gmt":"2024-03-21T00:32:36","guid":{"rendered":"https:\/\/www.stvvalves.com\/?post_type=product&#038;p=7199"},"modified":"2024-12-24T15:28:38","modified_gmt":"2024-12-24T07:28:38","slug":"2pc-trunnion-mounted-ball-valve-10-inch-300lb-cf8m","status":"publish","type":"product","link":"https:\/\/www.stvvalves.com\/fr\/products\/2pc-trunnion-mounted-ball-valve-10-inch-300lb-cf8m\/","title":{"rendered":"2pc Trunnion Mounted Ball Valve,10 Inch,300LB,CF8M"},"content":{"rendered":"<p><b>Caract\u00e9ristiques de conception<\/b><\/p>\n<p>Conception de corps divis\u00e9 \u00e0 entr\u00e9e lat\u00e9rale<\/p>\n<p>Conception ignifuge, dispositif antistatique<\/p>\n<p>Conception anti-\u00e9clatement de la tige<\/p>\n<p>Conception antistatique<\/p>\n<p>Conception des \u00e9missions fugitives<\/p>\n<p>La preuve de l&#039;usure de la tige et de la mauvaise utilisation<\/p>\n<p>Bride de montage ISO 5211 pour l&#039;actionnement.<\/p>\n<p>Extension de tige pour service souterrain.<\/p>\n<p><b>Sp\u00e9cifications techniques<\/b><\/p>\n<p>Application:<\/p>\n<p>Conception et fabrication selon\u00a0:API 6D<\/p>\n<p>Face \u00e0 Face selon\u00a0:ASME B16.10<\/p>\n<p>Dimensions des brides selon : ASME B16.5<\/p>\n<p>Pression et temp\u00e9rature selon\u00a0: ASME B16.34<\/p>\n<p>Test et inspection selon\u00a0:API 6D \/ API 598<\/p>\n<p>Inspection visuelle selon\u00a0MSS SP-55<\/p>\n<p>Marquage selon\u00a0MSS SP-25<\/p>\n<p>&nbsp;<\/p>\n<p>Pi\u00e8ces mat\u00e9rielles principales\u00a0:<\/p>\n<table>\n<tbody>\n<tr>\n<td width=\"123\">Acier Carbone<\/td>\n<td width=\"452\">A216 Gr. WCB, COE, WCA, etc.<\/td>\n<\/tr>\n<tr>\n<td width=\"123\">Acier basse temp\u00e9rature<\/td>\n<td width=\"452\">A352 Gr. LCB, LCC, LC1, etc.<\/td>\n<\/tr>\n<tr>\n<td width=\"123\">Acier Cr-Mo<\/td>\n<td width=\"452\">A217 Gr. WC6, WC9, C5, C12, C12A, etc.<\/td>\n<\/tr>\n<tr>\n<td width=\"123\">Acier inoxydable<\/td>\n<td width=\"452\">A351 Gr. CF8, CF8M, CF3, CF3M, CF8C, etc.<\/td>\n<\/tr>\n<tr>\n<td width=\"123\">Acier alli\u00e9<\/td>\n<td width=\"452\">Alliage CN7M 20, alliage CN3M 20 modifi\u00e9, CT15C, etc.<\/td>\n<\/tr>\n<tr>\n<td width=\"123\">Super duplex<\/td>\n<td width=\"452\">A995 Gr. 4A, 5A, CE8MN, CD6MN, CD3MN, etc.<\/td>\n<\/tr>\n<tr>\n<td width=\"123\">Bronze d&#039;aluminium<\/td>\n<td width=\"452\">B148C95500, C95600, C95800, etc.<\/td>\n<\/tr>\n<tr>\n<td width=\"123\">Monel<\/td>\n<td width=\"452\">M30C, M35-1, CZ100, etc.<\/td>\n<\/tr>\n<tr>\n<td width=\"123\">Inconel<\/td>\n<td width=\"452\">CY40 inconel 600, etc.<\/td>\n<\/tr>\n<tr>\n<td width=\"123\">Hastelloy<\/td>\n<td width=\"452\">CW2m Hastelly C4, N12MV Hastelloy B, CW12MW Hastelloy C276, etc.<\/td>\n<\/tr>\n<tr>\n<td width=\"123\">Incoloy<\/td>\n<td width=\"452\">CU5MCuC Incoloy 825, CW6MC Incoloy 625, etc.<\/td>\n<\/tr>\n<\/tbody>\n<\/table>\n<p>Remarque\u00a0:\u00a0La dimension de la bride de connexion peut \u00eatre con\u00e7ue selon les exigences du client.<\/p>\n<p>Fabrication selon NACE MR-01-75 sur demande.<\/p>","protected":false},"excerpt":{"rendered":"<p>STV Valve Technology Group Co., Ltd is a professional leader China 300LB Stainless Steel Ball Valve,10 Inch API 6D Stainless Steel Trunnion Mounted Ball Valves,API 6D Cast Steel Trunnion Mounted Ball Valves,2-Piece Trunnion Mounted Ball Valve,316 Trunnion Mounted Ball Valve,2pc Trunnion Mounted Ball Valve Manufacturer with high quality and competitive price.<\/p>","protected":false},"featured_media":7200,"template":"","meta":[],"product_brand":[],"product_cat":[43,56],"product_tag":[2420,605,2421,606,2311],"class_list":{"0":"post-7199","1":"product","2":"type-product","3":"status-publish","4":"has-post-thumbnail","6":"product_cat-ball-valve","7":"product_cat-trunnion-ball-valve","8":"product_tag-10-inch-api-6d-stainless-steel-trunnion-mounted-ball-valves","9":"product_tag-2-piece-trunnion-mounted-ball-valve","10":"product_tag-316-trunnion-mounted-ball-valve-manufacturer","11":"product_tag-api-6d-cast-steel-trunnion-mounted-ball-valves","12":"product_tag-china-300lb-stainless-steel-ball-valve","14":"first","15":"instock","16":"shipping-taxable","17":"product-type-simple"},"_links":{"self":[{"href":"https:\/\/www.stvvalves.com\/fr\/wp-json\/wp\/v2\/product\/7199","targetHints":{"allow":["GET"]}}],"collection":[{"href":"https:\/\/www.stvvalves.com\/fr\/wp-json\/wp\/v2\/product"}],"about":[{"href":"https:\/\/www.stvvalves.com\/fr\/wp-json\/wp\/v2\/types\/product"}],"wp:featuredmedia":[{"embeddable":true,"href":"https:\/\/www.stvvalves.com\/fr\/wp-json\/wp\/v2\/media\/7200"}],"wp:attachment":[{"href":"https:\/\/www.stvvalves.com\/fr\/wp-json\/wp\/v2\/media?parent=7199"}],"wp:term":[{"taxonomy":"product_brand","embeddable":true,"href":"https:\/\/www.stvvalves.com\/fr\/wp-json\/wp\/v2\/product_brand?post=7199"},{"taxonomy":"product_cat","embeddable":true,"href":"https:\/\/www.stvvalves.com\/fr\/wp-json\/wp\/v2\/product_cat?post=7199"},{"taxonomy":"product_tag","embeddable":true,"href":"https:\/\/www.stvvalves.com\/fr\/wp-json\/wp\/v2\/product_tag?post=7199"}],"curies":[{"name":"wp","href":"https:\/\/api.w.org\/{rel}","templated":true}]}}