{"id":7227,"date":"2024-03-21T11:19:58","date_gmt":"2024-03-21T03:19:58","guid":{"rendered":"https:\/\/www.stvvalves.com\/?post_type=product&#038;p=7227"},"modified":"2024-03-21T11:29:17","modified_gmt":"2024-03-21T03:29:17","slug":"gate-valve-din-pn100-dn400-wcb-din-3356","status":"publish","type":"product","link":"https:\/\/www.stvvalves.com\/fr\/products\/gate-valve-din-pn100-dn400-wcb-din-3356\/","title":{"rendered":"Gate Valve DIN PN100,DN400,150 LB,DIN 3356"},"content":{"rendered":"<p>Din Globe Valve High Pressure To Pn100, Pn160, Bolted Cover or Pressure Seal Bonnet, Rising Stem, Carbon Steel and Stainless Steel Plug Type Globe Valves, Handwheel, Gear Operated Flanged Steel Shut-off Valve Supplier And Manufacturer.<\/p>\n<p><strong>High Pressure Globe Valve Dimensions For DIN PN100 &#8211; PN160<\/strong><br \/>\nBody Material: Cast Steel: GS-C25, WCB, Cast Stainless Steel: 1.4308, 1.4408, A351-CF8, A351-CF8M<br \/>\nDesign and Manufacture: DIN 3356.<br \/>\nFace to Face: DIN3202.<br \/>\nFlange Ends: RF, RTJ to DIN2501.<br \/>\nInspection and Test: DIN3230.<br \/>\nPlage de pression\u00a0: Classe 150 ~ 2\u00a0500 (PN16 ~ PN420)<br \/>\nTemp\u00e9rature de fonctionnement\u00a0:\u00a0-196 \u2103 ~ + 560 \u2103<\/p>\n<p>&nbsp;<\/p>\n<table width=\"751\">\n<tbody>\n<tr>\n<td>Nom du produit\u00a0:<\/td>\n<td>Gate Valve DIN PN100,DN400,150 LB,DIN 3356<\/td>\n<\/tr>\n<tr>\n<td>1.Mat\u00e9riel:<\/td>\n<td>WCB<\/td>\n<\/tr>\n<tr>\n<td>2. Taille\u00a0:<\/td>\n<td>16\u2033<\/td>\n<\/tr>\n<tr>\n<td>3.Port\u00a0:<\/td>\n<td>COMPLET<\/td>\n<\/tr>\n<tr>\n<td>4. Temp\u00e9rature de fonctionnement\u00a0:<\/td>\n<td>-29 \u00b0C-600 \u00b0C<\/td>\n<\/tr>\n<tr>\n<td>5.Fin de connexion\u00a0:<\/td>\n<td>RF<\/td>\n<\/tr>\n<tr>\n<td>6. Pression de travail\u00a0:<\/td>\n<td>PN100<\/td>\n<\/tr>\n<tr>\n<td>7. Support appropri\u00e9\u00a0:<\/td>\n<td>Eau, gaz naturel, p\u00e9trole et certains liquides corrosifs<\/td>\n<\/tr>\n<tr>\n<td>8.Exploit\u00e9\u00a0:<\/td>\n<td>\/<\/td>\n<\/tr>\n<tr>\n<td>9. Inspection et tests<\/td>\n<td>Selon API 598<\/td>\n<\/tr>\n<tr>\n<td>Certificat:<\/td>\n<td>OIN, CE\/API 6D<\/td>\n<\/tr>\n<tr>\n<td><strong>Exp\u00e9dition<\/strong><\/td>\n<td><\/td>\n<\/tr>\n<tr>\n<td>D\u00e9lai de livraison<\/td>\n<td>30 jours<\/td>\n<\/tr>\n<tr>\n<td>Emballer<\/td>\n<td>Caisse en contreplaqu\u00e9 d&#039;exportation standard<\/td>\n<\/tr>\n<tr>\n<td>Port d&#039;exp\u00e9dition<\/td>\n<td>Ningbo\/Shanghai, Chine<\/td>\n<\/tr>\n<tr>\n<td>Conditions d&#039;exp\u00e9dition<\/td>\n<td>Exw, FOB, CFR, CIF, etc.<\/td>\n<\/tr>\n<tr>\n<td>Modalit\u00e9s de paiement<\/td>\n<td>T\/T, Western Union, PayPal, etc.<\/td>\n<\/tr>\n<tr>\n<td><\/td>\n<td>Pr\u00e9paiement 30%, solde 70% pay\u00e9 avant l&#039;exp\u00e9dition<\/td>\n<\/tr>\n<tr>\n<td>Pays d&#039;origine<\/td>\n<td>Ville de Wenzhou, Chine<\/td>\n<\/tr>\n<tr>\n<td>Capacit\u00e9 de production<\/td>\n<td>6000 tonnes\/an<\/td>\n<\/tr>\n<tr>\n<td>MOQ<\/td>\n<td>10 pi\u00e8ces\/taille<\/td>\n<\/tr>\n<\/tbody>\n<\/table>","protected":false},"excerpt":{"rendered":"<p>STV Valve Technology Group Co., Ltd is China Gate Valve DIN PN100, DIN3356 Gate Valve DIN PN100, DN400 Gate Valve DIN PN100,\u00a0 Bolt Bonnet Gate Valve, RF Flange Gate Valve DIN PN100, DIN3230 Gate Valve DIN PN100 manufacturer with high quality and low price.<\/p>\n<p>&nbsp;<\/p>","protected":false},"featured_media":7228,"template":"","meta":[],"product_brand":[],"product_cat":[44,58],"product_tag":[196,2470,2474,2471,2472,2473],"class_list":{"0":"post-7227","1":"product","2":"type-product","3":"status-publish","4":"has-post-thumbnail","6":"product_cat-gate-valve","7":"product_cat-cast-steel-gate-valve","8":"product_tag-bolt-bonnet-gate-valve","9":"product_tag-china-gate-valve-din-pn100","10":"product_tag-din3230-gate-valve-din-pn100-manufacturer","11":"product_tag-din3356-gate-valve-din-pn100","12":"product_tag-dn400-gate-valve-din-pn100","13":"product_tag-rf-flange-gate-valve-din-pn100","15":"first","16":"instock","17":"shipping-taxable","18":"product-type-simple"},"_links":{"self":[{"href":"https:\/\/www.stvvalves.com\/fr\/wp-json\/wp\/v2\/product\/7227","targetHints":{"allow":["GET"]}}],"collection":[{"href":"https:\/\/www.stvvalves.com\/fr\/wp-json\/wp\/v2\/product"}],"about":[{"href":"https:\/\/www.stvvalves.com\/fr\/wp-json\/wp\/v2\/types\/product"}],"wp:featuredmedia":[{"embeddable":true,"href":"https:\/\/www.stvvalves.com\/fr\/wp-json\/wp\/v2\/media\/7228"}],"wp:attachment":[{"href":"https:\/\/www.stvvalves.com\/fr\/wp-json\/wp\/v2\/media?parent=7227"}],"wp:term":[{"taxonomy":"product_brand","embeddable":true,"href":"https:\/\/www.stvvalves.com\/fr\/wp-json\/wp\/v2\/product_brand?post=7227"},{"taxonomy":"product_cat","embeddable":true,"href":"https:\/\/www.stvvalves.com\/fr\/wp-json\/wp\/v2\/product_cat?post=7227"},{"taxonomy":"product_tag","embeddable":true,"href":"https:\/\/www.stvvalves.com\/fr\/wp-json\/wp\/v2\/product_tag?post=7227"}],"curies":[{"name":"wp","href":"https:\/\/api.w.org\/{rel}","templated":true}]}}