{"id":7268,"date":"2024-04-06T11:53:37","date_gmt":"2024-04-06T03:53:37","guid":{"rendered":"https:\/\/www.stvvalves.com\/?post_type=product&#038;p=7268"},"modified":"2024-12-25T14:57:17","modified_gmt":"2024-12-25T06:57:17","slug":"1500lb-weld-bonnet-gate-valve-a105n-body-dn50-butt-weld-end","status":"publish","type":"product","link":"https:\/\/www.stvvalves.com\/fr\/products\/1500lb-weld-bonnet-gate-valve-a105n-body-dn50-butt-weld-end\/","title":{"rendered":"1500LB Weld Bonnet Gate Valve,A105N Body,DN50,Butt Weld End"},"content":{"rendered":"<p>Caract\u00e9ristiques de conception<br \/>\n1. Port complet ou port conventionnel<br \/>\n2. Vis et joug ext\u00e9rieurs (OS&amp;Y)<br \/>\n3. Presse-\u00e9toupe auto-alignant en deux parties<br \/>\n4. Chapeau boulonn\u00e9 avec joint enroul\u00e9 en spirale, chapeau filet\u00e9 et soud\u00e9 par joint ou chapeau filet\u00e9 et scell\u00e9 par pression<br \/>\n5. Banquette arri\u00e8re int\u00e9gr\u00e9e<br \/>\n6. Disponible en ANSI 150-2500LB, tailles : 1\/2\u2033 \u00e0 2\u2033.<br \/>\n7.Mat\u00e9riaux : A105N, LF2, F304, F316, F11, F22, F5, F91, acier alli\u00e9, etc.<br \/>\n8. Plage de temp\u00e9rature : 0\u00b0C \u00e0 538\u00b0C.<br \/>\n9.Port\u00a0: port r\u00e9ducteur et port complet.<br \/>\n10. Fin de connexion\u00a0; NPT, BW, SW, RF, RTJ.<\/p>\n<table>\n<tbody>\n<tr>\n<td width=\"200\"><strong><b>Nom du produit<\/b><\/strong><\/td>\n<td width=\"481\">1500LB Weld Bonnet Gate Valve,A105N Body,DN50,Butt Weld End<\/td>\n<\/tr>\n<tr>\n<td width=\"200\">1. Mat\u00e9riel<\/td>\n<td width=\"481\">A105N<\/td>\n<\/tr>\n<tr>\n<td width=\"200\">2. Taille<\/td>\n<td width=\"481\">2&quot;<\/td>\n<\/tr>\n<tr>\n<td width=\"200\">4. Port<\/td>\n<td width=\"481\">Port r\u00e9ducteur<\/td>\n<\/tr>\n<tr>\n<td width=\"200\">5. Pression de travail<\/td>\n<td width=\"481\">1500LB<\/td>\n<\/tr>\n<tr>\n<td width=\"200\">6. Fin de la connexion<\/td>\n<td width=\"481\">Butt Weld End<\/td>\n<\/tr>\n<tr>\n<td width=\"200\">7. Temp\u00e9rature de travail.<\/td>\n<td width=\"481\">-29~425\u00baC,<\/td>\n<\/tr>\n<tr>\n<td width=\"200\">8. Support appropri\u00e9<\/td>\n<td width=\"481\">Eau, gaz naturel, p\u00e9trole et certains liquides corrosifs<\/td>\n<\/tr>\n<tr>\n<td width=\"200\">9. Exploit\u00e9<\/td>\n<td width=\"481\">Volant<\/td>\n<\/tr>\n<tr>\n<td width=\"200\">10. Inspection et tests<\/td>\n<td width=\"481\">SelonAPI 598<\/td>\n<\/tr>\n<tr>\n<td width=\"200\"><strong><b>Exp\u00e9dition<\/b><\/strong><\/td>\n<td width=\"481\"><\/td>\n<\/tr>\n<tr>\n<td width=\"200\">D\u00e9lai de livraison<\/td>\n<td width=\"481\">30 jours<\/td>\n<\/tr>\n<tr>\n<td width=\"200\">Emballer<\/td>\n<td width=\"481\">Caisse en contreplaqu\u00e9 d&#039;exportation standard<\/td>\n<\/tr>\n<tr>\n<td width=\"200\">Port d&#039;exp\u00e9dition<\/td>\n<td width=\"481\">Ningbo\/Shanghai, Chine<\/td>\n<\/tr>\n<tr>\n<td width=\"200\">Conditions d&#039;exp\u00e9dition<\/td>\n<td width=\"481\">Exw, FOB, CFR, CIF, etc.<\/td>\n<\/tr>\n<tr>\n<td width=\"200\">Modalit\u00e9s de paiement<\/td>\n<td width=\"481\">T\/T, Western Union, PayPal, etc.<\/td>\n<\/tr>\n<tr>\n<td width=\"200\"><\/td>\n<td width=\"481\">Pr\u00e9paiement 30%, solde 70% pay\u00e9 avant l&#039;exp\u00e9dition<\/td>\n<\/tr>\n<tr>\n<td width=\"200\">Pays d&#039;origine<\/td>\n<td width=\"481\">Ville de Wenzhou, Chine<\/td>\n<\/tr>\n<tr>\n<td width=\"200\">Capacit\u00e9 de production<\/td>\n<td width=\"481\">6000 tonnes\/an<\/td>\n<\/tr>\n<tr>\n<td width=\"200\">MOQ<\/td>\n<td width=\"481\">10 pi\u00e8ces\/taille<\/td>\n<\/tr>\n<\/tbody>\n<\/table>","protected":false},"excerpt":{"rendered":"<p>Mod\u00e8le : STV-Z61YW-1500LB-A105N-2\u2033<\/p>\n<p>La vanne \u00e0 guillotine \u00e0 chapeau soud\u00e9 en acier forg\u00e9 de 1 500 lb du volant transmet le couple \u00e0 la tige de la vanne \u00e0 travers l&#039;\u00e9crou de tige. la tige de valve est forg\u00e9e et tremp\u00e9e avec A182F6 (1Cr13) et a une duret\u00e9 de HB220-250. afin de r\u00e9duire la perte de puissance pendant le processus de transmission, l&#039;\u00e9crou de tige est en fonte ductile \u00e0 haute teneur en nickel A439GR.D2 ou en alliage de cuivre (la fonte ductile \u00e0 haute teneur en nickel a certaines propri\u00e9t\u00e9s autolubrifiantes) et la duret\u00e9 est d&#039;environ HB50 plus petit que la tige de valve.<\/p>\n<p>Les robinets-vannes en acier forg\u00e9 conviennent aux tuyaux de petit diam\u00e8tre avec des temp\u00e9ratures de fonctionnement de -29-450\u00b0C (acier au carbone) ou -29-500\u00b0C (acier inoxydable). Il est utilis\u00e9 pour couper ou connecter les m\u00e9dias dans le tuyau. Diff\u00e9rents mat\u00e9riaux peuvent \u00eatre utilis\u00e9s. Dans l&#039;eau, la vapeur, l&#039;huile, l&#039;acide nitrique, l&#039;acide ac\u00e9tique, le milieu oxydant, l&#039;ur\u00e9e et d&#039;autres milieux.<\/p>\n<p>STV Valve Technology Group Co., Ltd est un leader professionnel en Chine. qualit\u00e9 et prix comp\u00e9titif.<\/p>\n<p>&nbsp;<\/p>","protected":false},"featured_media":7269,"template":"","meta":[],"product_brand":[],"product_cat":[59,44],"product_tag":[658,657,654,656,655],"class_list":{"0":"post-7268","1":"product","2":"type-product","3":"status-publish","4":"has-post-thumbnail","6":"product_cat-forged-steel-gate-valve","7":"product_cat-gate-valve","8":"product_tag-dn50-gate-valve","9":"product_tag-forged-steel-gate-valve-to-api-602","10":"product_tag-forged-steel-gate-valves-welded-bonnet-class-1500","11":"product_tag-forged-steel-weld-bonnet-gate-valve","12":"product_tag-welded-bonnet-forged-steel-valves","14":"first","15":"instock","16":"shipping-taxable","17":"product-type-simple"},"_links":{"self":[{"href":"https:\/\/www.stvvalves.com\/fr\/wp-json\/wp\/v2\/product\/7268","targetHints":{"allow":["GET"]}}],"collection":[{"href":"https:\/\/www.stvvalves.com\/fr\/wp-json\/wp\/v2\/product"}],"about":[{"href":"https:\/\/www.stvvalves.com\/fr\/wp-json\/wp\/v2\/types\/product"}],"wp:featuredmedia":[{"embeddable":true,"href":"https:\/\/www.stvvalves.com\/fr\/wp-json\/wp\/v2\/media\/7269"}],"wp:attachment":[{"href":"https:\/\/www.stvvalves.com\/fr\/wp-json\/wp\/v2\/media?parent=7268"}],"wp:term":[{"taxonomy":"product_brand","embeddable":true,"href":"https:\/\/www.stvvalves.com\/fr\/wp-json\/wp\/v2\/product_brand?post=7268"},{"taxonomy":"product_cat","embeddable":true,"href":"https:\/\/www.stvvalves.com\/fr\/wp-json\/wp\/v2\/product_cat?post=7268"},{"taxonomy":"product_tag","embeddable":true,"href":"https:\/\/www.stvvalves.com\/fr\/wp-json\/wp\/v2\/product_tag?post=7268"}],"curies":[{"name":"wp","href":"https:\/\/api.w.org\/{rel}","templated":true}]}}