{"id":7280,"date":"2024-04-20T00:06:07","date_gmt":"2024-04-19T16:06:07","guid":{"rendered":"https:\/\/www.stvvalves.com\/?post_type=product&#038;p=7280"},"modified":"2025-02-17T17:50:30","modified_gmt":"2025-02-17T09:50:30","slug":"bolt-bonnet-gate-valve-600lb-16-inch-api-600-flanged-end","status":"publish","type":"product","link":"https:\/\/www.stvvalves.com\/fr\/products\/bolt-bonnet-gate-valve-600lb-16-inch-api-600-flanged-end\/","title":{"rendered":"Bolt Bonnet Gate Valve 600LB,16 Inch,API 600,Flanged End"},"content":{"rendered":"<p>Vanne \u00e0 vanne en acier moul\u00e9 de classe 150 ~ 1500<br \/>\nOS&amp;Y, tige montante, cale flexible<br \/>\nChapeau boulonn\u00e9, anneau de si\u00e8ge filet\u00e9 ou soud\u00e9<br \/>\nASTM A216 WCB, A217 WC6, A351 CF8, A351 CF8M,<br \/>\nA351 CF3, A351 CF3M, A351 CN7M<\/p>\n<p>Conformit\u00e9 aux normes<br \/>\nConception et fabrication\u00a0:ANSIB16.34,API600 API6D,API603,BS1414<br \/>\nFace \u00e0 face (de bout en bout):ANSIB16.10,API6D<br \/>\nConnexion \u00e0 bride : 2\u2033~24\u2033\u00e0 ANSIB16.5,22\u2033,26\u2033~36\u2033\u00e0 MSS-SP-44 \u00e0 API605 sur demande<br \/>\nTest et inspection\u00a0: API598, API6D<br \/>\nExtr\u00e9mit\u00e9 soud\u00e9e bout \u00e0 bout\u00a0: ANSIB16.5<\/p>\n<table>\n<tbody>\n<tr>\n<td width=\"200\"><strong>Nom du produit<\/strong><\/td>\n<td width=\"481\">Bolt Bonnet Gate Valve 600LB,16 Inch,API 600,Flanged End<\/td>\n<\/tr>\n<tr>\n<td width=\"200\">1. Mat\u00e9riel<\/td>\n<td width=\"481\">WCB<\/td>\n<\/tr>\n<tr>\n<td width=\"200\">2. Taille<\/td>\n<td width=\"481\">3&quot;<\/td>\n<\/tr>\n<tr>\n<td width=\"200\">4. Port<\/td>\n<td width=\"481\">Port complet<\/td>\n<\/tr>\n<tr>\n<td width=\"200\">5. Pression de travail<\/td>\n<td width=\"481\">600 livres<\/td>\n<\/tr>\n<tr>\n<td width=\"200\">6. Fin de la connexion<\/td>\n<td width=\"481\">RF<\/td>\n<\/tr>\n<tr>\n<td width=\"200\">7. Temp\u00e9rature de travail.<\/td>\n<td width=\"481\">-29~425\u00baC,<\/td>\n<\/tr>\n<tr>\n<td width=\"200\">8. Support appropri\u00e9<\/td>\n<td width=\"481\">Eau, gaz naturel, p\u00e9trole et certains liquides corrosifs<\/td>\n<\/tr>\n<tr>\n<td width=\"200\">9. Exploit\u00e9<\/td>\n<td width=\"481\">Volant<\/td>\n<\/tr>\n<tr>\n<td width=\"200\">10. Inspection et tests<\/td>\n<td width=\"481\">Selon API598<\/td>\n<\/tr>\n<tr>\n<td width=\"200\"><strong>Exp\u00e9dition<\/strong><\/td>\n<td width=\"481\"><\/td>\n<\/tr>\n<tr>\n<td width=\"200\">D\u00e9lai de livraison<\/td>\n<td width=\"481\">30 jours<\/td>\n<\/tr>\n<tr>\n<td width=\"200\">Emballer<\/td>\n<td width=\"481\">Caisse en contreplaqu\u00e9 d&#039;exportation standard<\/td>\n<\/tr>\n<tr>\n<td width=\"200\">Port d&#039;exp\u00e9dition<\/td>\n<td width=\"481\">Ningbo\/Shanghai, Chine<\/td>\n<\/tr>\n<tr>\n<td width=\"200\">Conditions d&#039;exp\u00e9dition<\/td>\n<td width=\"481\">Exw, FOB, CFR, CIF, etc.<\/td>\n<\/tr>\n<tr>\n<td width=\"200\">Modalit\u00e9s de paiement<\/td>\n<td width=\"481\">T\/T, Western Union, PayPal, etc.<\/td>\n<\/tr>\n<tr>\n<td width=\"200\"><\/td>\n<td width=\"481\">Pr\u00e9paiement 30%, solde 70% pay\u00e9 avant l&#039;exp\u00e9dition<\/td>\n<\/tr>\n<tr>\n<td width=\"200\">Pays d&#039;origine<\/td>\n<td width=\"481\">Ville de Wenzhou, Chine<\/td>\n<\/tr>\n<tr>\n<td width=\"200\">Capacit\u00e9 de production<\/td>\n<td width=\"481\">6000 tonnes\/an<\/td>\n<\/tr>\n<tr>\n<td width=\"200\">MOQ<\/td>\n<td width=\"481\">1 pi\u00e8ces\/taille<\/td>\n<\/tr>\n<\/tbody>\n<\/table>","protected":false},"excerpt":{"rendered":"<p>Model:STV-Z541Y-600LB-16&#8243;-WCB<\/p>\n<p>STV Valve Technology Group Co., Ltd is a professional leader China Cast steel gate valve 600Lb,API 600 Cast Steel Gate Valves,Cast Steel Gate Valve,16 Inch\u00a0Bolt Bonnet Gate Valve Asme B16.34 Class 600 Lb Cast Steel Gate Valve,China Cast Steel Gate Valves Manufacturer with high quality and competitive price.<\/p>\n<p>&nbsp;<\/p>","protected":false},"featured_media":7281,"template":"","meta":[],"product_brand":[],"product_cat":[58,44],"product_tag":[2527,615,613,616,614,617],"class_list":{"0":"post-7280","1":"product","2":"type-product","3":"status-publish","4":"has-post-thumbnail","6":"product_cat-cast-steel-gate-valve","7":"product_cat-gate-valve","8":"product_tag-16-inch-bolt-bonnet-gate-valve","9":"product_tag-api-600-cast-steel-gate-valves","10":"product_tag-asme-b16-34-class-600-lb-cast-steel-gate-valve","11":"product_tag-cast-steel-gate-valve","12":"product_tag-cast-steel-gate-valve-600lb","13":"product_tag-china-cast-steel-gate-valves-manufacturer","15":"first","16":"instock","17":"shipping-taxable","18":"product-type-simple"},"_links":{"self":[{"href":"https:\/\/www.stvvalves.com\/fr\/wp-json\/wp\/v2\/product\/7280","targetHints":{"allow":["GET"]}}],"collection":[{"href":"https:\/\/www.stvvalves.com\/fr\/wp-json\/wp\/v2\/product"}],"about":[{"href":"https:\/\/www.stvvalves.com\/fr\/wp-json\/wp\/v2\/types\/product"}],"wp:featuredmedia":[{"embeddable":true,"href":"https:\/\/www.stvvalves.com\/fr\/wp-json\/wp\/v2\/media\/7281"}],"wp:attachment":[{"href":"https:\/\/www.stvvalves.com\/fr\/wp-json\/wp\/v2\/media?parent=7280"}],"wp:term":[{"taxonomy":"product_brand","embeddable":true,"href":"https:\/\/www.stvvalves.com\/fr\/wp-json\/wp\/v2\/product_brand?post=7280"},{"taxonomy":"product_cat","embeddable":true,"href":"https:\/\/www.stvvalves.com\/fr\/wp-json\/wp\/v2\/product_cat?post=7280"},{"taxonomy":"product_tag","embeddable":true,"href":"https:\/\/www.stvvalves.com\/fr\/wp-json\/wp\/v2\/product_tag?post=7280"}],"curies":[{"name":"wp","href":"https:\/\/api.w.org\/{rel}","templated":true}]}}