{"id":7291,"date":"2024-04-28T08:14:40","date_gmt":"2024-04-28T00:14:40","guid":{"rendered":"https:\/\/www.stvvalves.com\/?post_type=product&#038;p=7291"},"modified":"2024-12-24T22:46:30","modified_gmt":"2024-12-24T14:46:30","slug":"bs-1868-swing-check-valve-astm-a216-wcb-24-inch-cl300-rf","status":"publish","type":"product","link":"https:\/\/www.stvvalves.com\/fr\/products\/bs-1868-swing-check-valve-astm-a216-wcb-24-inch-cl300-rf\/","title":{"rendered":"BS 1868 Swing Check Valve, ASTM A216 WCB, 24 Inch, CL300, RF"},"content":{"rendered":"<p>Conception et fabrication\u00a0: BS 1868, ASME B16.34, API 6D<\/p>\n<p>Inspection et test\u00a0: API598, API600 ou API 6D<\/p>\n<p>Dimension de la bride d&#039;extr\u00e9mit\u00e9\u00a0: ASME B16.5 (pour NPS \u2264 24, ASME B 16.47 s\u00e9rie B, API 605, ASME B16.47 s\u00e9rie A, MSS SP-44 (pour NPS &gt; 24)<\/p>\n<p>Dimension d&#039;extr\u00e9mit\u00e9 BW \uff1a ASME B16.25<\/p>\n<p>Face \u00e0 face et bout \u00e0 bout \uff1a ASME B16.10<\/p>\n<p>Indices de pression et de temp\u00e9rature\u00a0:\u00a0ASME B16.34<\/p>\n<p>Dimension d&#039;\u00e9paisseur de paroi\u00a0: API 600,BS 1868<\/p>\n<p>Gamme de produits<\/p>\n<p>Mat\u00e9riau du corps : acier au carbone, acier inoxydable, acier alli\u00e9, bronze<\/p>\n<p>Diam\u00e8tre nominal\u00a0: 1\/2\u2033~48\u2033 (DN15~DN1200)<\/p>\n<p>Connexion d&#039;extr\u00e9mit\u00e9\u00a0: RF, RTJ, BW<\/p>\n<p>Plage de pression\u00a0: Classe 150 ~ 2\u00a0500 (PN16 ~ PN420)<\/p>\n<p>Temp\u00e9rature de fonctionnement\u00a0:\u00a0-196 \u2103 ~ + 560 \u2103<\/p>\n<table>\n<tbody>\n<tr>\n<td width=\"200\"><strong>Nom du produit<\/strong><\/td>\n<td width=\"481\">BS 1868 Swing Check Valve, ASTM A216 WCB, 24 Inch, CL300, RF<\/td>\n<\/tr>\n<tr>\n<td width=\"200\">1. Mat\u00e9riel<\/td>\n<td width=\"481\">WCB<\/td>\n<\/tr>\n<tr>\n<td width=\"200\">2. Taille<\/td>\n<td width=\"481\">24&quot;<\/td>\n<\/tr>\n<tr>\n<td width=\"200\">4. Port<\/td>\n<td width=\"481\">Port complet<\/td>\n<\/tr>\n<tr>\n<td width=\"200\">5. Pression de travail<\/td>\n<td width=\"481\">300LB<\/td>\n<\/tr>\n<tr>\n<td width=\"200\">6. Fin de la connexion<\/td>\n<td width=\"481\">RF<\/td>\n<\/tr>\n<tr>\n<td width=\"200\">7. Temp\u00e9rature de travail.<\/td>\n<td width=\"481\">-29~425\u00baC,<\/td>\n<\/tr>\n<tr>\n<td width=\"200\">8. Support appropri\u00e9<\/td>\n<td width=\"481\">Eau, gaz naturel, p\u00e9trole et certains liquides corrosifs<\/td>\n<\/tr>\n<tr>\n<td width=\"200\">9. Exploit\u00e9<\/td>\n<td width=\"481\">\/<\/td>\n<\/tr>\n<tr>\n<td width=\"200\">10. Inspection et tests<\/td>\n<td width=\"481\">SelonAPI 598<\/td>\n<\/tr>\n<tr>\n<td width=\"200\"><strong>Exp\u00e9dition<\/strong><\/td>\n<td width=\"481\"><\/td>\n<\/tr>\n<tr>\n<td width=\"200\">D\u00e9lai de livraison<\/td>\n<td width=\"481\">30 jours<\/td>\n<\/tr>\n<tr>\n<td width=\"200\">Emballer<\/td>\n<td width=\"481\">Caisse en contreplaqu\u00e9 d&#039;exportation standard<\/td>\n<\/tr>\n<tr>\n<td width=\"200\">Port d&#039;exp\u00e9dition<\/td>\n<td width=\"481\">Ningbo\/Shanghai, Chine<\/td>\n<\/tr>\n<tr>\n<td width=\"200\">Conditions d&#039;exp\u00e9dition<\/td>\n<td width=\"481\">Exw, FOB, CFR, CIF, etc.<\/td>\n<\/tr>\n<tr>\n<td width=\"200\">Modalit\u00e9s de paiement<\/td>\n<td width=\"481\">T\/T, Western Union, PayPal, etc.<\/td>\n<\/tr>\n<tr>\n<td width=\"200\"><\/td>\n<td width=\"481\">Pr\u00e9paiement 30%, solde 70% pay\u00e9 avant l&#039;exp\u00e9dition<\/td>\n<\/tr>\n<tr>\n<td width=\"200\">Pays d&#039;origine<\/td>\n<td width=\"481\">Ville de Wenzhou, Chine<\/td>\n<\/tr>\n<tr>\n<td width=\"200\">Capacit\u00e9 de production<\/td>\n<td width=\"481\">6000 tonnes\/an<\/td>\n<\/tr>\n<tr>\n<td width=\"200\">MOQ<\/td>\n<td width=\"481\">10 pi\u00e8ces\/taille<\/td>\n<\/tr>\n<\/tbody>\n<\/table>","protected":false},"excerpt":{"rendered":"<p>Mod\u00e8le\u00a0: H64Y-600LB-DN400-WCB<\/p>\n<p>STV Valve Technology Group Co., Ltd is a professional leader China Swing Check Valve,BS 1868 Swing Check Valve,API 6D Swing Check Valve,Cast Steel Swing Check Valve,Class 300 Swing Check Valve ,24 Inch Swing Check Valve,API Swing Check Valve manufacturer with high quality and competitive price.<\/p>\n<p>&nbsp;<\/p>","protected":false},"featured_media":7292,"template":"","meta":[],"product_brand":[],"product_cat":[83,46],"product_tag":[2542,1034,2543,1033,337,2343,2541],"class_list":{"0":"post-7291","1":"product","2":"type-product","3":"status-publish","4":"has-post-thumbnail","6":"product_cat-cast-steel-check-valve","7":"product_cat-check-valves","8":"product_tag-24-inch-swing-check-valve","9":"product_tag-api-6d-swing-check-valve","10":"product_tag-api-swing-check-valve-manufacturer","11":"product_tag-bs-1868-swing-check-valve","12":"product_tag-cast-steel-swing-check-valve","13":"product_tag-china-swing-check-valve","14":"product_tag-class-300-swing-check-valve","16":"first","17":"instock","18":"shipping-taxable","19":"product-type-simple"},"_links":{"self":[{"href":"https:\/\/www.stvvalves.com\/fr\/wp-json\/wp\/v2\/product\/7291","targetHints":{"allow":["GET"]}}],"collection":[{"href":"https:\/\/www.stvvalves.com\/fr\/wp-json\/wp\/v2\/product"}],"about":[{"href":"https:\/\/www.stvvalves.com\/fr\/wp-json\/wp\/v2\/types\/product"}],"wp:featuredmedia":[{"embeddable":true,"href":"https:\/\/www.stvvalves.com\/fr\/wp-json\/wp\/v2\/media\/7292"}],"wp:attachment":[{"href":"https:\/\/www.stvvalves.com\/fr\/wp-json\/wp\/v2\/media?parent=7291"}],"wp:term":[{"taxonomy":"product_brand","embeddable":true,"href":"https:\/\/www.stvvalves.com\/fr\/wp-json\/wp\/v2\/product_brand?post=7291"},{"taxonomy":"product_cat","embeddable":true,"href":"https:\/\/www.stvvalves.com\/fr\/wp-json\/wp\/v2\/product_cat?post=7291"},{"taxonomy":"product_tag","embeddable":true,"href":"https:\/\/www.stvvalves.com\/fr\/wp-json\/wp\/v2\/product_tag?post=7291"}],"curies":[{"name":"wp","href":"https:\/\/api.w.org\/{rel}","templated":true}]}}