{"id":7322,"date":"2024-04-30T14:59:47","date_gmt":"2024-04-30T06:59:47","guid":{"rendered":"https:\/\/www.stvvalves.com\/?post_type=product&#038;p=7322"},"modified":"2024-12-24T14:32:43","modified_gmt":"2024-12-24T06:32:43","slug":"600lb-cast-steel-trunnion-ball-valve-6-inch-api-6d","status":"publish","type":"product","link":"https:\/\/www.stvvalves.com\/fr\/products\/600lb-cast-steel-trunnion-ball-valve-6-inch-api-6d\/","title":{"rendered":"600LB Cast Steel Trunnion Ball Valve,6 Inch,API 6D"},"content":{"rendered":"<p>China trunnion ball valve manufacturer,factory,company and supplier for WCB A105 trunnion ball valve 24 inch,which is trunnion mounted structure, 3PC split body,full bore or reduced bore with different material and different pressure class.<\/p>\n<p><strong>Cast Steel Trunnion Ball Valve specification<\/strong><\/p>\n<table>\n<tbody>\n<tr>\n<td>Nom du produit<\/td>\n<td>600LB Cast Steel Trunnion Ball Valve,6 Inch,API 6D<\/td>\n<\/tr>\n<tr>\n<td>1. Mat\u00e9riel<\/td>\n<td>A351 CF8M\/CF8\/CF3, A216 WCB, A352 LCB\/LCC<\/td>\n<\/tr>\n<tr>\n<td>2. Taille<\/td>\n<td>2&#8221;~48&#8221; (\u00a0DN50~DN1200)<\/td>\n<\/tr>\n<tr>\n<td>4. Port<\/td>\n<td>Port complet<\/td>\n<\/tr>\n<tr>\n<td>5. Pression de travail<\/td>\n<td>150LB~2500LB<\/td>\n<\/tr>\n<tr>\n<td>6. Fin de la connexion<\/td>\n<td>Bride<\/td>\n<\/tr>\n<tr>\n<td>7. Temp\u00e9rature de travail.<\/td>\n<td>-196\u00baC~450\u00baC<\/td>\n<\/tr>\n<tr>\n<td>8. Support appropri\u00e9<\/td>\n<td>Eau, gaz naturel, p\u00e9trole et certains liquides corrosifs<\/td>\n<\/tr>\n<tr>\n<td>9. Seal<\/td>\n<td>PTFE, RPTFE, PPL<\/td>\n<\/tr>\n<tr>\n<td>10. Locking<\/td>\n<td>Option<\/td>\n<\/tr>\n<tr>\n<td>11. Inspection &amp;\u00a0Testing<\/td>\n<td>Selon API598<\/td>\n<\/tr>\n<\/tbody>\n<\/table>\n<p><strong>Cast Steel Trunnion Ball Valve feature<\/strong><\/p>\n<p>Full Bore &amp; Reduced Bore<br \/>\nAnti-static Device<br \/>\nBlow-out Proof Stem<br \/>\nFire Safe Design<br \/>\nEmergency Sealant Injector<br \/>\nVent Valve, Drain Valve<br \/>\nLifting lugs and supporting feets(8&#8243; &amp; larger)<br \/>\nOptional Lockable Handle Lever; Gear Box, Electric, Pneumatic &amp; Hydraulic<br \/>\n<strong>Robinet \u00e0 tournant sph\u00e9rique en acier moul\u00e9 <\/strong><strong>standard<\/strong><br \/>\nDesign And Manufacture\u00a0: ASME B16.34\/API 6D<br \/>\nValve Structural Length\u00a0: ASME B16.10<br \/>\nFlange Connection Dimension\u00a0: ASME B 16.5<br \/>\nValve Check Up And Manufacture Test: API 598<br \/>\nFire Safe\u00a0Test: API 607\/API6FA<br \/>\nSpecial: NACE MR-01-75<\/p>","protected":false},"excerpt":{"rendered":"<p>STV Valve Technology Group Co., Ltd is a professional leader China 600LB Cast\u00a0 Steel Ball Valve,6 Inch API 6D Cast Steel Trunnion Mounted Ball Valves,API 6D Cast Steel Trunnion Mounted Ball Valves,2-Piece Trunnion Mounted Ball Valve,WCB Trunnion Mounted Ball Valve Manufacturer with high quality and competitive price.<\/p>","protected":false},"featured_media":7323,"template":"","meta":[],"product_brand":[],"product_cat":[43,56],"product_tag":[605,2577,606,2576,2578],"class_list":{"0":"post-7322","1":"product","2":"type-product","3":"status-publish","4":"has-post-thumbnail","6":"product_cat-ball-valve","7":"product_cat-trunnion-ball-valve","8":"product_tag-2-piece-trunnion-mounted-ball-valve","9":"product_tag-6-inch-api-6d-cast-steel-trunnion-mounted-ball-valves","10":"product_tag-api-6d-cast-steel-trunnion-mounted-ball-valves","11":"product_tag-china-600lb-cast-steel-ball-valve","12":"product_tag-wcb-trunnion-mounted-ball-valve-manufacturer","14":"first","15":"instock","16":"shipping-taxable","17":"product-type-simple"},"_links":{"self":[{"href":"https:\/\/www.stvvalves.com\/fr\/wp-json\/wp\/v2\/product\/7322","targetHints":{"allow":["GET"]}}],"collection":[{"href":"https:\/\/www.stvvalves.com\/fr\/wp-json\/wp\/v2\/product"}],"about":[{"href":"https:\/\/www.stvvalves.com\/fr\/wp-json\/wp\/v2\/types\/product"}],"wp:featuredmedia":[{"embeddable":true,"href":"https:\/\/www.stvvalves.com\/fr\/wp-json\/wp\/v2\/media\/7323"}],"wp:attachment":[{"href":"https:\/\/www.stvvalves.com\/fr\/wp-json\/wp\/v2\/media?parent=7322"}],"wp:term":[{"taxonomy":"product_brand","embeddable":true,"href":"https:\/\/www.stvvalves.com\/fr\/wp-json\/wp\/v2\/product_brand?post=7322"},{"taxonomy":"product_cat","embeddable":true,"href":"https:\/\/www.stvvalves.com\/fr\/wp-json\/wp\/v2\/product_cat?post=7322"},{"taxonomy":"product_tag","embeddable":true,"href":"https:\/\/www.stvvalves.com\/fr\/wp-json\/wp\/v2\/product_tag?post=7322"}],"curies":[{"name":"wp","href":"https:\/\/api.w.org\/{rel}","templated":true}]}}