{"id":7330,"date":"2024-04-30T15:35:18","date_gmt":"2024-04-30T07:35:18","guid":{"rendered":"https:\/\/www.stvvalves.com\/?post_type=product&#038;p=7330"},"modified":"2025-08-18T13:55:29","modified_gmt":"2025-08-18T05:55:29","slug":"long-pattern-ball-valve-a105-1-inch-rf-end","status":"publish","type":"product","link":"https:\/\/www.stvvalves.com\/fr\/products\/long-pattern-ball-valve-a105-1-inch-rf-end\/","title":{"rendered":"Long Pattern Ball Valve,A105,1 Inch,RF End"},"content":{"rendered":"<p>1. Taille : 1\/2~2&quot; (DN15~DN50)<\/p>\n<p>2. \u00c9valuation : 150 ~ 2 500 LB (PN16 ~ PN420)<\/p>\n<p>3. Mat\u00e9riau du corps : A105, F304, F316 ; LF2 ; 304L ; 316L ; F347 ; F321.<\/p>\n<p>4. Si\u00e8ge\u00a0:\u00a0PTFE, RPTFE<\/p>\n<p>5. Pour l&#039;al\u00e9sage et la r\u00e9duction de l&#039;al\u00e9sage.<\/p>\n<p>6. Tige anti-\u00e9clatement<\/p>\n<p>7. Support de montage ISO5211<\/p>\n<p>8. Niveau, engrenage \u00e0 vis sans fin, actionneur<\/p>\n<p>Design confirms: BS 5352 or API 6D<\/p>\n<p>Extr\u00e9mit\u00e9s soud\u00e9es : ANSI B16.11\u00a0;<\/p>\n<p>Extr\u00e9mit\u00e9s des vis\u00a0:ANSI B 1.20.1\u00a0;<\/p>\n<p>Extr\u00e9mit\u00e9s soud\u00e9es bout \u00e0 bout\u00a0: ANSI B16.25\u00a0;<\/p>\n<p>Extr\u00e9mit\u00e9s \u00e0 bride\u00a0: ANSI B 16.5\u00a0;<\/p>\n<p>Confirmation des tests et de l&#039;inspection\u00a0: API598\u00a0;<\/p>\n<table>\n<tbody>\n<tr>\n<td width=\"200\"><strong>Nom du produit<\/strong><\/td>\n<td width=\"481\">Long Pattern Ball Valve,A105,1 Inch,RF End<\/td>\n<\/tr>\n<tr>\n<td width=\"200\">1. Mat\u00e9riel<\/td>\n<td width=\"481\">A105<\/td>\n<\/tr>\n<tr>\n<td width=\"200\">2. Taille<\/td>\n<td width=\"481\">1&quot;<\/td>\n<\/tr>\n<tr>\n<td width=\"200\">4. Port<\/td>\n<td width=\"481\">Port complet<\/td>\n<\/tr>\n<tr>\n<td width=\"200\">5. Pression de travail<\/td>\n<td width=\"481\">600 livres<\/td>\n<\/tr>\n<tr>\n<td width=\"200\">6. Fin de la connexion<\/td>\n<td width=\"481\">RF<\/td>\n<\/tr>\n<tr>\n<td width=\"200\">7. Temp\u00e9rature de travail.<\/td>\n<td width=\"481\">-29~120\u00baC,<\/td>\n<\/tr>\n<tr>\n<td width=\"200\">8. Support appropri\u00e9<\/td>\n<td width=\"481\">Eau, gaz naturel, p\u00e9trole et certains liquides corrosifs<\/td>\n<\/tr>\n<tr>\n<td width=\"200\">9. Exploit\u00e9<\/td>\n<td width=\"481\">VOLANT<\/td>\n<\/tr>\n<tr>\n<td width=\"200\">10. Inspection et tests<\/td>\n<td width=\"481\">Selon API 598<\/td>\n<\/tr>\n<tr>\n<td width=\"200\"><strong>Exp\u00e9dition<\/strong><\/td>\n<td width=\"481\"><\/td>\n<\/tr>\n<tr>\n<td width=\"200\">D\u00e9lai de livraison<\/td>\n<td width=\"481\">30 jours<\/td>\n<\/tr>\n<tr>\n<td width=\"200\">Emballer<\/td>\n<td width=\"481\">Caisse en contreplaqu\u00e9 d&#039;exportation standard<\/td>\n<\/tr>\n<tr>\n<td width=\"200\">Port d&#039;exp\u00e9dition<\/td>\n<td width=\"481\">Ningbo\/Shanghai, Chine<\/td>\n<\/tr>\n<tr>\n<td width=\"200\">Conditions d&#039;exp\u00e9dition<\/td>\n<td width=\"481\">Exw, FOB, CFR, CIF, etc.<\/td>\n<\/tr>\n<tr>\n<td width=\"200\">Modalit\u00e9s de paiement<\/td>\n<td width=\"481\">T\/T, Western Union, PayPal, etc.<\/td>\n<\/tr>\n<tr>\n<td width=\"200\"><\/td>\n<td width=\"481\">Pr\u00e9paiement 30%, solde 70% pay\u00e9 avant l&#039;exp\u00e9dition<\/td>\n<\/tr>\n<tr>\n<td width=\"200\">Pays d&#039;origine<\/td>\n<td width=\"481\">Ville de Wenzhou, Chine<\/td>\n<\/tr>\n<tr>\n<td width=\"200\">Capacit\u00e9 de production<\/td>\n<td width=\"481\">6000 tonnes\/an<\/td>\n<\/tr>\n<tr>\n<td width=\"200\">MOQ<\/td>\n<td width=\"481\">1 pi\u00e8ces\/taille<\/td>\n<\/tr>\n<\/tbody>\n<\/table>","protected":false},"excerpt":{"rendered":"<p>Model:STV-Q41F-600LB-DN25<\/p>\n<p>STV Valve Technology Group Co., Ltd is a professional leader China Long Pattern Ball Valve,Forged steel Long Pattern Ball Valve ,A105 Long Pattern Ball Valve,High pressure Long Pattern Ball Valve,2PC Long Pattern Ball Valve, 2 pc ball valves,600LB Long Pattern Ball Valve,Peek Long Pattern Ball Valve, 1 Inch Long Pattern Ball Valve,RF End Long Pattern Ball Valve \u00a0manufacturer with high quality and competitive price.<\/p>","protected":false},"featured_media":8344,"template":"","meta":[],"product_brand":[],"product_cat":[43,55],"product_tag":[3678,3675,3674,3676,3672,3670,3671,3673,3677,3679],"class_list":{"0":"post-7330","1":"product","2":"type-product","3":"status-publish","4":"has-post-thumbnail","6":"product_cat-ball-valve","7":"product_cat-forged-steel-ball-valve","8":"product_tag-1-inch-long-pattern-ball-valve","9":"product_tag-2-pc-ball-valves","10":"product_tag-2pc-long-pattern-ball-valve","11":"product_tag-600lb-long-pattern-ball-valve","12":"product_tag-a105-long-pattern-ball-valve","13":"product_tag-china-long-pattern-ball-valve","14":"product_tag-forged-steel-long-pattern-ball-valve","15":"product_tag-high-pressure-long-pattern-ball-valve","16":"product_tag-peek-long-pattern-ball-valve","17":"product_tag-rf-end-long-pattern-ball-valve-manufacturer","19":"first","20":"instock","21":"shipping-taxable","22":"product-type-simple"},"_links":{"self":[{"href":"https:\/\/www.stvvalves.com\/fr\/wp-json\/wp\/v2\/product\/7330","targetHints":{"allow":["GET"]}}],"collection":[{"href":"https:\/\/www.stvvalves.com\/fr\/wp-json\/wp\/v2\/product"}],"about":[{"href":"https:\/\/www.stvvalves.com\/fr\/wp-json\/wp\/v2\/types\/product"}],"wp:featuredmedia":[{"embeddable":true,"href":"https:\/\/www.stvvalves.com\/fr\/wp-json\/wp\/v2\/media\/8344"}],"wp:attachment":[{"href":"https:\/\/www.stvvalves.com\/fr\/wp-json\/wp\/v2\/media?parent=7330"}],"wp:term":[{"taxonomy":"product_brand","embeddable":true,"href":"https:\/\/www.stvvalves.com\/fr\/wp-json\/wp\/v2\/product_brand?post=7330"},{"taxonomy":"product_cat","embeddable":true,"href":"https:\/\/www.stvvalves.com\/fr\/wp-json\/wp\/v2\/product_cat?post=7330"},{"taxonomy":"product_tag","embeddable":true,"href":"https:\/\/www.stvvalves.com\/fr\/wp-json\/wp\/v2\/product_tag?post=7330"}],"curies":[{"name":"wp","href":"https:\/\/api.w.org\/{rel}","templated":true}]}}