{"id":7344,"date":"2024-05-06T17:03:46","date_gmt":"2024-05-06T09:03:46","guid":{"rendered":"https:\/\/www.stvvalves.com\/?post_type=product&#038;p=7344"},"modified":"2024-05-13T17:04:29","modified_gmt":"2024-05-13T09:04:29","slug":"28-inch-api-600-flanged-gate-valve-wcb-ansi-150lb-gear-box-op","status":"publish","type":"product","link":"https:\/\/www.stvvalves.com\/fr\/products\/28-inch-api-600-flanged-gate-valve-wcb-ansi-150lb-gear-box-op\/","title":{"rendered":"28 Inch API 600 Flanged Gate Valve, WCB,ANSI 150lb,Gear Box OP"},"content":{"rendered":"<p>Sp\u00e9cifications techniques<br \/>\n-Conception\u00a0:\u00a0ASME 16.34\/API 6D\/API 600\/BS 1414<br \/>\n-Face \u00e0 face\u00a0: ASME B16.10<br \/>\n-Bride d&#039;extr\u00e9mit\u00e9\u00a0: ASME B16.5, ASME B16.47<br \/>\n-BW Fin\u00a0: ASME B16.25<br \/>\n-Test\u00a0:\u00a0API 598\/API 6D\/BS 6755<br \/>\n-Sp\u00e9cial\u00a0: NACE MR-01-75<\/p>\n<p>Caract\u00e9ristiques de conception<br \/>\n-OS &amp; Y, tige montante<br \/>\n\u2013 Chapeau boulonn\u00e9 avec joint en spirale<br \/>\n-Cale flexible<br \/>\n-Si\u00e8ge arri\u00e8re d\u00e9pos\u00e9 par soudure<br \/>\n-Bague de si\u00e8ge filet\u00e9e ou soud\u00e9e<br \/>\n-Anneaux de si\u00e8ge renouvelables<br \/>\n-Capot \u00e9tendu pour service cryog\u00e9nique<br \/>\n-Extr\u00e9mit\u00e9s \u00e0 brides ou soud\u00e9es bout \u00e0 bout.<br \/>\n-By Pass sur demande<br \/>\n-Dispositif de verrouillage en option<\/p>\n<p>Gamme de produits<br \/>\n-Taille de la vanne\u00a0:<br \/>\n2\u2033 ~ 48\u2033 (DN50-DN1200)<br \/>\n-Pression:<br \/>\nClasse ANSI 150 ~ 2500 (PN16-PN420)<br \/>\n-Temp\u00e9rature:<br \/>\n-196 \u00baC ~ 500 \u00baC<br \/>\n-Mat\u00e9riaux du corps\u00a0:<br \/>\nAcier au carbone, acier inoxydable, acier alli\u00e9, acier duplex<br \/>\n-Garniture (disque\/tige)\u00a0:<br \/>\nAcier au carbone, acier inoxydable, acier duplex, acier alli\u00e9<\/p>\n<p>&nbsp;<\/p>\n<table>\n<tbody>\n<tr>\n<td width=\"200\"><strong>Nom du produit<\/strong><\/td>\n<td width=\"481\">\u00a032 Inch API 600 Carbon Steel Flanged Gate Valve,ANSI 150lb,Gear Box OP<\/td>\n<\/tr>\n<tr>\n<td width=\"200\">1. Mat\u00e9riel<\/td>\n<td width=\"481\">WCB<\/td>\n<\/tr>\n<tr>\n<td width=\"200\">2. Taille<\/td>\n<td width=\"481\">32&quot;<\/td>\n<\/tr>\n<tr>\n<td width=\"200\">4. Port<\/td>\n<td width=\"481\">Port complet<\/td>\n<\/tr>\n<tr>\n<td width=\"200\">5. Pression de travail<\/td>\n<td width=\"481\">150 livres<\/td>\n<\/tr>\n<tr>\n<td width=\"200\">6. Fin de la connexion<\/td>\n<td width=\"481\">RF<\/td>\n<\/tr>\n<tr>\n<td width=\"200\">7. Temp\u00e9rature de travail.<\/td>\n<td width=\"481\">-29~425\u00baC,<\/td>\n<\/tr>\n<tr>\n<td width=\"200\">8. Support appropri\u00e9<\/td>\n<td width=\"481\">Eau, gaz naturel, p\u00e9trole et certains liquides corrosifs<\/td>\n<\/tr>\n<tr>\n<td width=\"200\">9. Exploit\u00e9<\/td>\n<td width=\"481\">Bo\u00eete de vitesses OP<\/td>\n<\/tr>\n<tr>\n<td width=\"200\">10. Inspection et tests<\/td>\n<td width=\"481\">Selon API598<\/td>\n<\/tr>\n<tr>\n<td width=\"200\"><strong>Exp\u00e9dition<\/strong><\/td>\n<td width=\"481\"><\/td>\n<\/tr>\n<tr>\n<td width=\"200\">D\u00e9lai de livraison<\/td>\n<td width=\"481\">30 jours<\/td>\n<\/tr>\n<tr>\n<td width=\"200\">Emballer<\/td>\n<td width=\"481\">Caisse en contreplaqu\u00e9 d&#039;exportation standard<\/td>\n<\/tr>\n<tr>\n<td width=\"200\">Port d&#039;exp\u00e9dition<\/td>\n<td width=\"481\">Ningbo\/Shanghai, Chine<\/td>\n<\/tr>\n<tr>\n<td width=\"200\">Conditions d&#039;exp\u00e9dition<\/td>\n<td width=\"481\">Exw, FOB, CFR, CIF, etc.<\/td>\n<\/tr>\n<tr>\n<td width=\"200\">Modalit\u00e9s de paiement<\/td>\n<td width=\"481\">T\/T, Western Union, PayPal, etc.<\/td>\n<\/tr>\n<tr>\n<td width=\"200\"><\/td>\n<td width=\"481\">Pr\u00e9paiement 30%, solde 70% pay\u00e9 avant l&#039;exp\u00e9dition<\/td>\n<\/tr>\n<tr>\n<td width=\"200\">Pays d&#039;origine<\/td>\n<td width=\"481\">Ville de Wenzhou, Chine<\/td>\n<\/tr>\n<tr>\n<td width=\"200\">Capacit\u00e9 de production<\/td>\n<td width=\"481\">6000 tonnes\/an<\/td>\n<\/tr>\n<tr>\n<td width=\"200\">MOQ<\/td>\n<td width=\"481\">1 pi\u00e8ces\/taille<\/td>\n<\/tr>\n<\/tbody>\n<\/table>","protected":false},"excerpt":{"rendered":"<p>Model:STV-Z541H-150LB-28\u2033-WCB<br \/>\n28 Inch API 600 Carbon Steel Flanged Gate Valve that opens by lifting a round or rectangular gate\/wedge out of the path of the fluid. The distinct feature of a gate valve is the sealing surfaces between the gate and seats are planar. The gate faces can form a wedge shape or they can be parallel. Typical gate valves should never be used for regulating flow, unless they are specifically designed for that purpose. On opening the gate valve, the flow path is enlarged in a highly nonlinear manner with respect to percent of opening.<\/p>\n<p>STV Valve Technology Group Co., Ltd is a professional leader China Class150 28 inch Carbon Steel Flange Gate Valve,ASTM A216 150LB WCB Gate valve to API 600,astm a216 wcb flanged gate valve, carbon steel wedge gate valve,Flexible Wedge Cast Steel Gate Valve,API 600 Cast Steel Gate Valves,China Flanged Bolted Bonnet Gate Valve Manufacturer with high quality and competitive price.<\/p>\n<p>&nbsp;<\/p>\n<p>&nbsp;<\/p>","protected":false},"featured_media":7369,"template":"","meta":[],"product_brand":[],"product_cat":[44,58],"product_tag":[2606,615,623,624,2598,2599,625],"class_list":{"0":"post-7344","1":"product","2":"type-product","3":"status-publish","4":"has-post-thumbnail","6":"product_cat-gate-valve","7":"product_cat-cast-steel-gate-valve","8":"product_tag-28-inch-carbon-steel-flange-gate-valve","9":"product_tag-api-600-cast-steel-gate-valves","10":"product_tag-astm-a216-150lb-wcb-gate-valve-to-api-600","11":"product_tag-astm-a216-wcb-flanged-gate-valve","12":"product_tag-carbon-steel-wedge-gate-valve","13":"product_tag-china-flanged-bolted-bonnet-gate-valve-manufacturer","14":"product_tag-flexible-wedge-cast-steel-gate-valve","16":"first","17":"instock","18":"shipping-taxable","19":"product-type-simple"},"_links":{"self":[{"href":"https:\/\/www.stvvalves.com\/fr\/wp-json\/wp\/v2\/product\/7344","targetHints":{"allow":["GET"]}}],"collection":[{"href":"https:\/\/www.stvvalves.com\/fr\/wp-json\/wp\/v2\/product"}],"about":[{"href":"https:\/\/www.stvvalves.com\/fr\/wp-json\/wp\/v2\/types\/product"}],"wp:featuredmedia":[{"embeddable":true,"href":"https:\/\/www.stvvalves.com\/fr\/wp-json\/wp\/v2\/media\/7369"}],"wp:attachment":[{"href":"https:\/\/www.stvvalves.com\/fr\/wp-json\/wp\/v2\/media?parent=7344"}],"wp:term":[{"taxonomy":"product_brand","embeddable":true,"href":"https:\/\/www.stvvalves.com\/fr\/wp-json\/wp\/v2\/product_brand?post=7344"},{"taxonomy":"product_cat","embeddable":true,"href":"https:\/\/www.stvvalves.com\/fr\/wp-json\/wp\/v2\/product_cat?post=7344"},{"taxonomy":"product_tag","embeddable":true,"href":"https:\/\/www.stvvalves.com\/fr\/wp-json\/wp\/v2\/product_tag?post=7344"}],"curies":[{"name":"wp","href":"https:\/\/api.w.org\/{rel}","templated":true}]}}