{"id":7376,"date":"2024-05-15T16:00:58","date_gmt":"2024-05-15T08:00:58","guid":{"rendered":"https:\/\/www.stvvalves.com\/?post_type=product&#038;p=7376"},"modified":"2024-12-07T09:45:41","modified_gmt":"2024-12-07T01:45:41","slug":"2500lb-cf8c-globe-valve-4-inch-psb-bw-end","status":"publish","type":"product","link":"https:\/\/www.stvvalves.com\/fr\/products\/2500lb-cf8c-globe-valve-4-inch-psb-bw-end\/","title":{"rendered":"2500LB CF8C Globe Valve,4 Inch,PSB,BW End"},"content":{"rendered":"<p>Conception et fabrication\u00a0: API 603\u3001ASME B16.34<br \/>\nFace \u00e0 face (de bout en bout) : ANSI B16.10, API 6D, etc.<br \/>\nConnexion \u00e0 bride\u00a0: ANSI B16.5, ASME B16.47, etc.<br \/>\nExtr\u00e9mit\u00e9 soud\u00e9e bout \u00e0 bout\u00a0: ANSI B16.25, etc.<br \/>\nTest et inspection\u00a0: API 598, API 6D, etc.<\/p>\n<p>Taille : 1\/2\u2033-30\u2033<br \/>\nPressure:150LB~2500LB<br \/>\nMat\u00e9riau du corps\u00a0: acier au carbone A216 WCB WCC, LCB, LCC, WC6, WC9, C5, C12, A351 CF8, CF8M, CF3, CF3M, CF8C, acier duplex A890 GR.4A GR.5A, etc.<\/p>\n<p>Mat\u00e9riel d&#039;\u00e9quilibre : 13Cr, SS304, SS316, SS304L, SS316L, F11, F22 etc.<br \/>\nType : tige montante, BB, FB, OS&amp;Y<br \/>\nFonctionnement : Volant. Appareils \u00e0 engrenages, \u00e9lectricit\u00e9, etc.<br \/>\nFin\u00a0: RF \u00e0 bride\/RTJ\/FM\/FF, soudage bout \u00e0 bout (BW)<\/p>\n<table>\n<tbody>\n<tr>\n<td width=\"200\"><strong>Nom du produit<\/strong><\/td>\n<td width=\"481\">2500LB CF8C Globe Valve,4 Inch,PSB,BW End<\/td>\n<\/tr>\n<tr>\n<td width=\"200\">1. Mat\u00e9riel<\/td>\n<td width=\"481\">CF8C<\/td>\n<\/tr>\n<tr>\n<td width=\"200\">2. Taille<\/td>\n<td width=\"481\">4&quot;<\/td>\n<\/tr>\n<tr>\n<td width=\"200\">4. Port<\/td>\n<td width=\"481\">Port complet<\/td>\n<\/tr>\n<tr>\n<td width=\"200\">5. Pression de travail<\/td>\n<td width=\"481\">250lb<\/td>\n<\/tr>\n<tr>\n<td width=\"200\">6. Fin de la connexion<\/td>\n<td width=\"481\">PC<\/td>\n<\/tr>\n<tr>\n<td width=\"200\">7. Temp\u00e9rature de travail.<\/td>\n<td width=\"481\">-29~540\u00baC,<\/td>\n<\/tr>\n<tr>\n<td width=\"200\">8. Support appropri\u00e9<\/td>\n<td width=\"481\">Eau, gaz naturel, p\u00e9trole et certains liquides corrosifs<\/td>\n<\/tr>\n<tr>\n<td width=\"200\">9. Exploit\u00e9<\/td>\n<td width=\"481\">Volant<\/td>\n<\/tr>\n<tr>\n<td width=\"200\">10. Inspection et tests<\/td>\n<td width=\"481\">Selon API598<\/td>\n<\/tr>\n<tr>\n<td width=\"200\"><strong>Exp\u00e9dition<\/strong><\/td>\n<td width=\"481\"><\/td>\n<\/tr>\n<tr>\n<td width=\"200\">D\u00e9lai de livraison<\/td>\n<td width=\"481\">30 jours<\/td>\n<\/tr>\n<tr>\n<td width=\"200\">Emballer<\/td>\n<td width=\"481\">Caisse en contreplaqu\u00e9 d&#039;exportation standard<\/td>\n<\/tr>\n<tr>\n<td width=\"200\">Port d&#039;exp\u00e9dition<\/td>\n<td width=\"481\">Ningbo\/Shanghai, Chine<\/td>\n<\/tr>\n<tr>\n<td width=\"200\">Conditions d&#039;exp\u00e9dition<\/td>\n<td width=\"481\">Exw, FOB, CFR, CIF, etc.<\/td>\n<\/tr>\n<tr>\n<td width=\"200\">Modalit\u00e9s de paiement<\/td>\n<td width=\"481\">T\/T, Western Union, PayPal, etc.<\/td>\n<\/tr>\n<tr>\n<td width=\"200\"><\/td>\n<td width=\"481\">Pr\u00e9paiement 30%, solde 70% pay\u00e9 avant l&#039;exp\u00e9dition<\/td>\n<\/tr>\n<tr>\n<td width=\"200\">Pays d&#039;origine<\/td>\n<td width=\"481\">Ville de Wenzhou, Chine<\/td>\n<\/tr>\n<tr>\n<td width=\"200\">Capacit\u00e9 de production<\/td>\n<td width=\"481\">6000 tonnes\/an<\/td>\n<\/tr>\n<tr>\n<td width=\"200\">MOQ<\/td>\n<td width=\"481\">1 pi\u00e8ces\/taille<\/td>\n<\/tr>\n<\/tbody>\n<\/table>\n<p>&nbsp;<\/p>","protected":false},"excerpt":{"rendered":"<p>Model:STV-J61Y-2500LB-CF8C-4\u2033<\/p>\n<p>STV Valve Technology Group Co., Ltd is a professional leader China CF8C Globe Valves,4 Inch CF8C Globe Valves,Class2500 CF8C Globe Valves, OS&amp;Y CF8C Globe Valves,\u00a0 BS 1873 CF8C Globe Valves,stainless steel CF8C globe valve Manufacturer with high quality and competitive price.<\/p>","protected":false},"featured_media":7630,"template":"","meta":[],"product_brand":[],"product_cat":[45,189],"product_tag":[3023,3026,2621,3024,3025,3027],"class_list":{"0":"post-7376","1":"product","2":"type-product","3":"status-publish","4":"has-post-thumbnail","6":"product_cat-globe-valve","7":"product_cat-stainless-steel-globe-valve","8":"product_tag-4-inch-cf8c-globe-valves","9":"product_tag-bs-1873-cf8c-globe-valves","10":"product_tag-china-cf8c-globe-valves","11":"product_tag-class2500-cf8c-globe-valves","12":"product_tag-osy-cf8c-globe-valves","13":"product_tag-stainless-steel-cf8c-globe-valve-manufacturer","15":"first","16":"instock","17":"shipping-taxable","18":"product-type-simple"},"_links":{"self":[{"href":"https:\/\/www.stvvalves.com\/fr\/wp-json\/wp\/v2\/product\/7376","targetHints":{"allow":["GET"]}}],"collection":[{"href":"https:\/\/www.stvvalves.com\/fr\/wp-json\/wp\/v2\/product"}],"about":[{"href":"https:\/\/www.stvvalves.com\/fr\/wp-json\/wp\/v2\/types\/product"}],"wp:featuredmedia":[{"embeddable":true,"href":"https:\/\/www.stvvalves.com\/fr\/wp-json\/wp\/v2\/media\/7630"}],"wp:attachment":[{"href":"https:\/\/www.stvvalves.com\/fr\/wp-json\/wp\/v2\/media?parent=7376"}],"wp:term":[{"taxonomy":"product_brand","embeddable":true,"href":"https:\/\/www.stvvalves.com\/fr\/wp-json\/wp\/v2\/product_brand?post=7376"},{"taxonomy":"product_cat","embeddable":true,"href":"https:\/\/www.stvvalves.com\/fr\/wp-json\/wp\/v2\/product_cat?post=7376"},{"taxonomy":"product_tag","embeddable":true,"href":"https:\/\/www.stvvalves.com\/fr\/wp-json\/wp\/v2\/product_tag?post=7376"}],"curies":[{"name":"wp","href":"https:\/\/api.w.org\/{rel}","templated":true}]}}