{"id":7407,"date":"2024-05-26T21:58:40","date_gmt":"2024-05-26T13:58:40","guid":{"rendered":"https:\/\/www.stvvalves.com\/?post_type=product&#038;p=7407"},"modified":"2025-02-17T17:49:01","modified_gmt":"2025-02-17T09:49:01","slug":"thin-wafer-check-valve-astm-b148-c95800-8-in-cl150-api-594","status":"publish","type":"product","link":"https:\/\/www.stvvalves.com\/fr\/products\/thin-wafer-check-valve-astm-b148-c95800-8-in-cl150-api-594\/","title":{"rendered":"Thin Wafer Check Valve, ASTM B148 C95800, 8 IN CL150, API 594"},"content":{"rendered":"<p>Conception et fabrication\u00a0: API594,API 6D<br \/>\nFace \u00e0 face et bout \u00e0 bout\u00a0:API594,API6D,DIN3202<br \/>\nIndice de pression-temp\u00e9rature\u00a0: ASME B16.34, DIN2410<br \/>\nInspection et test\u00a0: API598<br \/>\nBride de tuyau : ASME B16.5, DIN2543~2548, GB\/T13402, API605, ASME B16.47.<\/p>\n<p>Gamme de produits<\/p>\n<p>Body material: C95800,C95400,C92200,C95500<\/p>\n<p>Diam\u00e8tre nominal\u00a0: 1\/2\u2033~48\u2033 (DN15~DN1200)<\/p>\n<p>Connexion d&#039;extr\u00e9mit\u00e9\u00a0: plaquette<\/p>\n<p>Plage de pression\u00a0: Classe 150 ~ 900 (PN16 ~ PN150)<\/p>\n<p>Temp\u00e9rature de fonctionnement\u00a0:\u00a0-196 \u2103 ~ + 560 \u2103<\/p>\n<table>\n<tbody>\n<tr>\n<td width=\"200\"><strong>Nom du produit<\/strong><\/td>\n<td width=\"481\">Thin Wafer Check Valve, ASTM B148 C95800, 8 IN CL150, API 594<\/td>\n<\/tr>\n<tr>\n<td width=\"200\">1. Mat\u00e9riel<\/td>\n<td width=\"481\">C95800<\/td>\n<\/tr>\n<tr>\n<td width=\"200\">2. Taille<\/td>\n<td width=\"481\">8&quot;<\/td>\n<\/tr>\n<tr>\n<td width=\"200\">4. Port<\/td>\n<td width=\"481\">Port r\u00e9ducteur<\/td>\n<\/tr>\n<tr>\n<td width=\"200\">5. Pression de travail<\/td>\n<td width=\"481\">150 livres<\/td>\n<\/tr>\n<tr>\n<td width=\"200\">6. Fin de la connexion<\/td>\n<td width=\"481\">Tranche<\/td>\n<\/tr>\n<tr>\n<td width=\"200\">7. Temp\u00e9rature de travail.<\/td>\n<td width=\"481\">-29~200\u00baC,<\/td>\n<\/tr>\n<tr>\n<td width=\"200\">8. Support appropri\u00e9<\/td>\n<td width=\"481\">Eau, gaz naturel, p\u00e9trole et certains liquides corrosifs<\/td>\n<\/tr>\n<tr>\n<td width=\"200\">9. Exploit\u00e9<\/td>\n<td width=\"481\">\/<\/td>\n<\/tr>\n<tr>\n<td width=\"200\">10. Inspection et tests<\/td>\n<td width=\"481\">Selon API594<\/td>\n<\/tr>\n<tr>\n<td width=\"200\"><strong>Exp\u00e9dition<\/strong><\/td>\n<td width=\"481\"><\/td>\n<\/tr>\n<tr>\n<td width=\"200\">D\u00e9lai de livraison<\/td>\n<td width=\"481\">30 jours<\/td>\n<\/tr>\n<tr>\n<td width=\"200\">Emballer<\/td>\n<td width=\"481\">Caisse en contreplaqu\u00e9 d&#039;exportation standard<\/td>\n<\/tr>\n<tr>\n<td width=\"200\">Port d&#039;exp\u00e9dition<\/td>\n<td width=\"481\">Ningbo\/Shanghai, Chine<\/td>\n<\/tr>\n<tr>\n<td width=\"200\">Conditions d&#039;exp\u00e9dition<\/td>\n<td width=\"481\">Exw, FOB, CFR, CIF, etc.<\/td>\n<\/tr>\n<tr>\n<td width=\"200\">Modalit\u00e9s de paiement<\/td>\n<td width=\"481\">T\/T, Western Union, PayPal, etc.<\/td>\n<\/tr>\n<tr>\n<td width=\"200\"><\/td>\n<td width=\"481\">Pr\u00e9paiement 30%, solde 70% pay\u00e9 avant l&#039;exp\u00e9dition<\/td>\n<\/tr>\n<tr>\n<td width=\"200\">Pays d&#039;origine<\/td>\n<td width=\"481\">Ville de Wenzhou, Chine<\/td>\n<\/tr>\n<tr>\n<td width=\"200\">Capacit\u00e9 de production<\/td>\n<td width=\"481\">6000 tonnes\/an<\/td>\n<\/tr>\n<tr>\n<td width=\"200\">MOQ<\/td>\n<td width=\"481\">1 pi\u00e8ces\/taille<\/td>\n<\/tr>\n<\/tbody>\n<\/table>","protected":false},"excerpt":{"rendered":"<p>Our C95800 Thin Check Valve 150LB\u00a0 is an ultra-thin check valve, which has the advantages of simple structure, beautiful appearance, light weight and convenient installation. Thin check valves are mainly suitable for water supply systems, petroleum, chemical, metallurgical and other industrial sectors, where installation space is limited.<\/p>\n<p>Explore the advanced technology of thin wafer check valves, engineered for optimal performance and space-saving applications. Our innovative designs ensure reliable flow control with minimal pressure drop, making them ideal for a variety of industries. Learn about the benefits, specifications, and applications of these versatile components in your systems.<\/p>\n<p>STV Valve Technology Group Co., Ltd is a professional leader China\u00a0 Single thin Check Valve,C95800 Single Disc Swing Check Valve,C95800 Single thin Check Valve,,150LB C95800 Single thin Check Valve,8 Inch C95800 dual check valve Manufacturer with high quality and competitive price.<\/p>\n<p>&nbsp;<\/p>","protected":false},"featured_media":7408,"template":"","meta":[],"product_brand":[],"product_cat":[46,84],"product_tag":[2662,2663,2660,2661,2659],"class_list":{"0":"post-7407","1":"product","2":"type-product","3":"status-publish","4":"has-post-thumbnail","6":"product_cat-check-valves","7":"product_cat-wafer-check-valve","8":"product_tag-150lb-c95800-single-thin-check-valve","9":"product_tag-8-inch-c95800-dual-check-valve-manufacturer","10":"product_tag-c95800-single-disc-swing-check-valve","11":"product_tag-c95800-single-thin-check-valve","12":"product_tag-china-single-thin-check-valve","14":"first","15":"instock","16":"shipping-taxable","17":"product-type-simple"},"_links":{"self":[{"href":"https:\/\/www.stvvalves.com\/fr\/wp-json\/wp\/v2\/product\/7407","targetHints":{"allow":["GET"]}}],"collection":[{"href":"https:\/\/www.stvvalves.com\/fr\/wp-json\/wp\/v2\/product"}],"about":[{"href":"https:\/\/www.stvvalves.com\/fr\/wp-json\/wp\/v2\/types\/product"}],"wp:featuredmedia":[{"embeddable":true,"href":"https:\/\/www.stvvalves.com\/fr\/wp-json\/wp\/v2\/media\/7408"}],"wp:attachment":[{"href":"https:\/\/www.stvvalves.com\/fr\/wp-json\/wp\/v2\/media?parent=7407"}],"wp:term":[{"taxonomy":"product_brand","embeddable":true,"href":"https:\/\/www.stvvalves.com\/fr\/wp-json\/wp\/v2\/product_brand?post=7407"},{"taxonomy":"product_cat","embeddable":true,"href":"https:\/\/www.stvvalves.com\/fr\/wp-json\/wp\/v2\/product_cat?post=7407"},{"taxonomy":"product_tag","embeddable":true,"href":"https:\/\/www.stvvalves.com\/fr\/wp-json\/wp\/v2\/product_tag?post=7407"}],"curies":[{"name":"wp","href":"https:\/\/api.w.org\/{rel}","templated":true}]}}