{"id":7412,"date":"2024-05-28T20:10:20","date_gmt":"2024-05-28T12:10:20","guid":{"rendered":"https:\/\/www.stvvalves.com\/?post_type=product&#038;p=7412"},"modified":"2025-03-04T20:51:01","modified_gmt":"2025-03-04T12:51:01","slug":"600lb-cast-steel-ball-valve-2-inch-rf-end","status":"publish","type":"product","link":"https:\/\/www.stvvalves.com\/fr\/products\/600lb-cast-steel-ball-valve-2-inch-rf-end\/","title":{"rendered":"600LB Cast Steel Ball Valve,2 Inch,RF End"},"content":{"rendered":"<p>Conception et fabrication\u00a0: API 6D, ASME B16.34 (BS5351), API 608, MSS-SP-72<\/p>\n<p>Dimension face \u00e0 face \uff1a ASME B16.10, API 6D<\/p>\n<p>Dimension de connexion \u00e0 bride \uff1a ASME B 16.5<\/p>\n<p>Dimension de connexion BW \uff1a ASME B16.25<\/p>\n<p>Test et inspection\u00a0: API 598, API 6D<\/p>\n<p>Conception ignifuge\u00a0: API 607\/6FA<\/p>\n<p>Conception antistatique et tige anti-\u00e9ruption<\/p>\n<p>Gamme de produits<\/p>\n<p>Mat\u00e9riau du corps : acier au carbone, acier inoxydable, acier alli\u00e9<\/p>\n<p>Conception \u00e0 passage int\u00e9gral et \u00e0 passage r\u00e9duit<\/p>\n<p>Diam\u00e8tre nominal\u00a0: 1\/2\u2033~10\u2033\uff08DN15~DN250\uff09<\/p>\n<p>Connexion d&#039;extr\u00e9mit\u00e9\u00a0: RF, RTJ, BW<\/p>\n<p>Plage de pression\u00a0: Classe 150 ~ 600 (PN16 ~ PN100)<\/p>\n<p>Temp\u00e9rature de fonctionnement\u00a0: -46 \u2103 ~ + 200 \u2103<\/p>\n<p>Fonctionnement : Poign\u00e9e, Engrenage, Actionneur \u00e9lectrique, etc.<\/p>\n<p>&nbsp;<\/p>\n<table>\n<tbody>\n<tr>\n<td width=\"200\"><strong>Nom du produit<\/strong><\/td>\n<td width=\"481\">600LB Cast Steel Ball Valve,2 Inch,RF End<\/td>\n<\/tr>\n<tr>\n<td width=\"200\">1. Mat\u00e9riel<\/td>\n<td width=\"481\">WCB<\/td>\n<\/tr>\n<tr>\n<td width=\"200\">2. Taille<\/td>\n<td width=\"481\">2&quot;<\/td>\n<\/tr>\n<tr>\n<td width=\"200\">4. Port<\/td>\n<td width=\"481\">Port complet<\/td>\n<\/tr>\n<tr>\n<td width=\"200\">5. Pression de travail<\/td>\n<td width=\"481\">600 livres<\/td>\n<\/tr>\n<tr>\n<td width=\"200\">6. Fin de la connexion<\/td>\n<td width=\"481\">RF<\/td>\n<\/tr>\n<tr>\n<td width=\"200\">7. Temp\u00e9rature de travail.<\/td>\n<td width=\"481\">-29~120\u00baC,<\/td>\n<\/tr>\n<tr>\n<td width=\"200\">8. Support appropri\u00e9<\/td>\n<td width=\"481\">Eau, gaz naturel, p\u00e9trole et certains liquides corrosifs<\/td>\n<\/tr>\n<tr>\n<td width=\"200\">9. Exploit\u00e9<\/td>\n<td width=\"481\">Volant<\/td>\n<\/tr>\n<tr>\n<td width=\"200\">10. Inspection et tests<\/td>\n<td width=\"481\">Selon API598<\/td>\n<\/tr>\n<tr>\n<td width=\"200\"><strong>Exp\u00e9dition<\/strong><\/td>\n<td width=\"481\"><\/td>\n<\/tr>\n<tr>\n<td width=\"200\">D\u00e9lai de livraison<\/td>\n<td width=\"481\">30 jours<\/td>\n<\/tr>\n<tr>\n<td width=\"200\">Emballer<\/td>\n<td width=\"481\">Caisse en contreplaqu\u00e9 d&#039;exportation standard<\/td>\n<\/tr>\n<tr>\n<td width=\"200\">Port d&#039;exp\u00e9dition<\/td>\n<td width=\"481\">Ningbo\/Shanghai, Chine<\/td>\n<\/tr>\n<tr>\n<td width=\"200\">Conditions d&#039;exp\u00e9dition<\/td>\n<td width=\"481\">Exw, FOB, CFR, CIF, etc.<\/td>\n<\/tr>\n<tr>\n<td width=\"200\">Modalit\u00e9s de paiement<\/td>\n<td width=\"481\">T\/T, Western Union, PayPal, etc.<\/td>\n<\/tr>\n<tr>\n<td width=\"200\"><\/td>\n<td width=\"481\">Pr\u00e9paiement 30%, solde 70% pay\u00e9 avant l&#039;exp\u00e9dition<\/td>\n<\/tr>\n<tr>\n<td width=\"200\">Pays d&#039;origine<\/td>\n<td width=\"481\">Ville de Wenzhou, Chine<\/td>\n<\/tr>\n<tr>\n<td width=\"200\">Capacit\u00e9 de production<\/td>\n<td width=\"481\">6000 tonnes\/an<\/td>\n<\/tr>\n<tr>\n<td width=\"200\">MOQ<\/td>\n<td width=\"481\">1 pi\u00e8ces\/taille<\/td>\n<\/tr>\n<\/tbody>\n<\/table>","protected":false},"excerpt":{"rendered":"<p>Model:Q41F-600LB-WCB-2&#8243;<\/p>\n<p>Our 600LB Cast Steel Floating Ball Valve With ANSI 600# full bore 2 piece Ball Valve. A WCB body and stainless steel 316 ball, with RPTFE seats for High Temperatures.<br \/>\nPrincipe du robinet \u00e0 tournant sph\u00e9rique flottant en fonte d&#039;acier : Ce type de robinet \u00e0 tournant sph\u00e9rique comporte une boule flottante soutenue par deux si\u00e8ges de robinet. Sous l&#039;effet de la moyenne pression, un certain d\u00e9placement peut \u00eatre g\u00e9n\u00e9r\u00e9 par la bille elle-m\u00eame pour venir s&#039;appuyer sur le joint d&#039;\u00e9tanch\u00e9it\u00e9 du si\u00e8ge en sortie, garantissant l&#039;\u00e9tanch\u00e9it\u00e9 en sortie.<br \/>\nLe robinet \u00e0 tournant sph\u00e9rique flottant est principalement utilis\u00e9 dans les applications \u00e0 moyenne ou basse pression.<\/p>\n<p>STV Valve Technology Group Co., Ltd is a professional leader China 600LB Cast Steel Floating Ball Valve, Floating Ball Valve,Floating Ball Valves Full Port,Cast Steel Floating Ball Valve,API6D Cast Steel Ball Valve ,2 Inch 600LB Flange End Ball Valve manufacturer with high quality and low price.To learn more about these valve Welcome to contact our sales@stvvalve.com<\/p>\n<p>&nbsp;<\/p>\n<p>&nbsp;<\/p>","protected":false},"featured_media":7413,"template":"","meta":[],"product_brand":[],"product_cat":[43,54,80,78],"product_tag":[2667,2666,530,2665,125,529],"class_list":{"0":"post-7412","1":"product","2":"type-product","3":"status-publish","4":"has-post-thumbnail","6":"product_cat-ball-valve","7":"product_cat-cast-steel-ball-valve","8":"product_cat-flange-ball-valve","9":"product_cat-floating-ball-valve","10":"product_tag-2-inch-600lb-flange-end-ball-valve-manufacturer","11":"product_tag-api6d-cast-steel-ball-valve","12":"product_tag-cast-steel-floating-ball-valve","13":"product_tag-china-600lb-cast-steel-floating-ball-valve","14":"product_tag-floating-ball-valve","15":"product_tag-floating-ball-valves-full-port","17":"first","18":"instock","19":"shipping-taxable","20":"product-type-simple"},"_links":{"self":[{"href":"https:\/\/www.stvvalves.com\/fr\/wp-json\/wp\/v2\/product\/7412","targetHints":{"allow":["GET"]}}],"collection":[{"href":"https:\/\/www.stvvalves.com\/fr\/wp-json\/wp\/v2\/product"}],"about":[{"href":"https:\/\/www.stvvalves.com\/fr\/wp-json\/wp\/v2\/types\/product"}],"wp:featuredmedia":[{"embeddable":true,"href":"https:\/\/www.stvvalves.com\/fr\/wp-json\/wp\/v2\/media\/7413"}],"wp:attachment":[{"href":"https:\/\/www.stvvalves.com\/fr\/wp-json\/wp\/v2\/media?parent=7412"}],"wp:term":[{"taxonomy":"product_brand","embeddable":true,"href":"https:\/\/www.stvvalves.com\/fr\/wp-json\/wp\/v2\/product_brand?post=7412"},{"taxonomy":"product_cat","embeddable":true,"href":"https:\/\/www.stvvalves.com\/fr\/wp-json\/wp\/v2\/product_cat?post=7412"},{"taxonomy":"product_tag","embeddable":true,"href":"https:\/\/www.stvvalves.com\/fr\/wp-json\/wp\/v2\/product_tag?post=7412"}],"curies":[{"name":"wp","href":"https:\/\/api.w.org\/{rel}","templated":true}]}}