{"id":7466,"date":"2024-07-29T11:09:15","date_gmt":"2024-07-29T03:09:15","guid":{"rendered":"https:\/\/www.stvvalves.com\/?post_type=product&#038;p=7466"},"modified":"2024-12-24T15:31:28","modified_gmt":"2024-12-24T07:31:28","slug":"top-entry-ball-valve-300lb-4-inch-flange-end","status":"publish","type":"product","link":"https:\/\/www.stvvalves.com\/fr\/products\/top-entry-ball-valve-300lb-4-inch-flange-end\/","title":{"rendered":"Top Entry Ball Valve,300LB ,4 Inch,Flange End"},"content":{"rendered":"<p>Top entry ball valves are typically used in process systems where in-line maintenance is preferred over full valve removal. As such, it is common for top entry ball valves to be used in high-pressure applications that require infrequent maintenance, like high integrity pressure protection system (HIPPS) valves.<\/p>\n<p><strong>Advantage &amp; Benefit:<\/strong><\/p>\n<p>\u2022 Self-Adjusting Seats: Compensate for Wear &amp; Temperature Fluctuations<br \/>\n\u2022 Spring Loaded Low Pressure Seals<br \/>\n\u2022 Pressure Activated Seating<br \/>\n\u2022 Built-In Antistatic Feature<br \/>\n\u2022 Simplified In-line maintenance\/reparability<\/p>\n<p><strong>Robinet \u00e0 tournant sph\u00e9rique \u00e0 entr\u00e9e sup\u00e9rieure<\/strong> with a one-piece body design that allows in-line maintenance. <strong>top entry trunnion mounted ball valves\u00a0<\/strong>are manufactured\u00a0to ensure bi-directional sealing with two independent floating seats.<\/p>\n<p>Top entry trunnion mounted ball valve feature a double block and bleed, fire safe design and an anti blow-out stem. Top entry trunnion mounted ball valve with seat retraction technique gives the convenience of in-line repair or replace valve internal components without dismantling it from pipe line.<\/p>\n<p>Size: from 2\u2033 to 24\u2033<br \/>\nPression : 150 \u2013 1500LB<br \/>\nMat\u00e9riel\u00a0: nous pouvons proposer des vannes r\u00e9alis\u00e9es en Duplex S31803\u3001Super Duplex S32750\u3001Super Duplex S32760,Super Duplex S2205,Super Duplex S2207<br \/>\n1A, 2A, 3A, 4A, 5A, 6A, 1B, 1C<br \/>\nCD4MCu, CD4MCuN, CD3MCuN, CE8MN, CD6MN, CD3MN, CE3MN, CD3MWCuN<br \/>\nF51, F53, F55, F60<br \/>\nNorme de conception et de production : API 594 ou DIN<br \/>\nFire safe :BS 6755 and API 6FA.<br \/>\nDistance entre brides : ASME B16.10, EN558, DIN3202<br \/>\nConnect\u00e9 conform\u00e9ment \u00e0 la norme : ANSI, API, DIN<br \/>\nNorme d&#039;essai\u00a0: API598, API 600, ISO5208<br \/>\nFluide\u00a0: La vanne convient \u00e0 plusieurs fluides, notamment l&#039;eau, la vapeur, le p\u00e9trole, le gaz, les produits p\u00e9troliers, l&#039;acide nitrique, l&#039;acide ac\u00e9tique, etc.<br \/>\nTemp\u00e9rature de fonctionnement : de -46\u00baC ou -50\u00baC (constructions en acier inoxydable) et -29\u00baC ou -46\u00baC (constructions en acier au carbone) jusqu&#039;\u00e0 600\u2103<\/p>\n<table>\n<tbody>\n<tr>\n<td width=\"200\"><strong>Nom du produit<\/strong><\/td>\n<td width=\"481\">Robinet \u00e0 tournant sph\u00e9rique \u00e0 bride Duplex 2507, 600 LB, 3 pouces, extr\u00e9mit\u00e9 \u00e0 bride<\/td>\n<\/tr>\n<tr>\n<td width=\"200\">1. Mat\u00e9riel<\/td>\n<td width=\"481\">2207<\/td>\n<\/tr>\n<tr>\n<td width=\"200\">2. Taille<\/td>\n<td width=\"481\">3&quot;<\/td>\n<\/tr>\n<tr>\n<td width=\"200\">4. Port<\/td>\n<td width=\"481\">Port complet<\/td>\n<\/tr>\n<tr>\n<td width=\"200\">5. Pression de travail<\/td>\n<td width=\"481\">600 livres<\/td>\n<\/tr>\n<tr>\n<td width=\"200\">6. Fin de la connexion<\/td>\n<td width=\"481\">RF<\/td>\n<\/tr>\n<tr>\n<td width=\"200\">7. Temp\u00e9rature de travail.<\/td>\n<td width=\"481\">-29~120\u00baC,<\/td>\n<\/tr>\n<tr>\n<td width=\"200\">8. Support appropri\u00e9<\/td>\n<td width=\"481\">Eau, gaz naturel, p\u00e9trole et certains liquides corrosifs<\/td>\n<\/tr>\n<tr>\n<td width=\"200\">9. Exploit\u00e9<\/td>\n<td width=\"481\">\/<\/td>\n<\/tr>\n<tr>\n<td width=\"200\">10. Inspection et tests<\/td>\n<td width=\"481\">Selon API598<\/td>\n<\/tr>\n<tr>\n<td width=\"200\"><strong>Exp\u00e9dition<\/strong><\/td>\n<td width=\"481\"><\/td>\n<\/tr>\n<tr>\n<td width=\"200\">D\u00e9lai de livraison<\/td>\n<td width=\"481\">30 jours<\/td>\n<\/tr>\n<tr>\n<td width=\"200\">Emballer<\/td>\n<td width=\"481\">Caisse en contreplaqu\u00e9 d&#039;exportation standard<\/td>\n<\/tr>\n<tr>\n<td width=\"200\">Port d&#039;exp\u00e9dition<\/td>\n<td width=\"481\">Ningbo\/Shanghai, Chine<\/td>\n<\/tr>\n<tr>\n<td width=\"200\">Conditions d&#039;exp\u00e9dition<\/td>\n<td width=\"481\">Exw, FOB, CFR, CIF, etc.<\/td>\n<\/tr>\n<tr>\n<td width=\"200\">Modalit\u00e9s de paiement<\/td>\n<td width=\"481\">T\/T, Western Union, PayPal, etc.<\/td>\n<\/tr>\n<tr>\n<td width=\"200\"><\/td>\n<td width=\"481\">Pr\u00e9paiement 30%, solde 70% pay\u00e9 avant l&#039;exp\u00e9dition<\/td>\n<\/tr>\n<tr>\n<td width=\"200\">Pays d&#039;origine<\/td>\n<td width=\"481\">Ville de Wenzhou, Chine<\/td>\n<\/tr>\n<tr>\n<td width=\"200\">Capacit\u00e9 de production<\/td>\n<td width=\"481\">6000 tonnes\/an<\/td>\n<\/tr>\n<tr>\n<td width=\"200\">MOQ<\/td>\n<td width=\"481\">1 pi\u00e8ces\/taille<\/td>\n<\/tr>\n<\/tbody>\n<\/table>","protected":false},"excerpt":{"rendered":"<p>China API 608 2205 Ball Valve, STV Ball Valve Supplier Offers Top Entry Ball Valve , 300LB Top Entry Ball Valve , 4 Inch Top Entry Ball Valve , CF8M Top Entry Ball Valve ,China Top Entry Ball Valve Manufacture.<\/p>","protected":false},"featured_media":7467,"template":"","meta":[],"product_brand":[],"product_cat":[43,53],"product_tag":[2763,2764,2765,2766,2762],"class_list":{"0":"post-7466","1":"product","2":"type-product","3":"status-publish","4":"has-post-thumbnail","6":"product_cat-ball-valve","7":"product_cat-stainless-steel-ball-valve","8":"product_tag-300lb-top-entry-ball-valve","9":"product_tag-4-inch-top-entry-ball-valve","10":"product_tag-cf8m-top-entry-ball-valve","11":"product_tag-china-top-entry-ball-valve-manufacture","12":"product_tag-top-entry-ball-valve","14":"first","15":"instock","16":"shipping-taxable","17":"product-type-simple"},"_links":{"self":[{"href":"https:\/\/www.stvvalves.com\/fr\/wp-json\/wp\/v2\/product\/7466","targetHints":{"allow":["GET"]}}],"collection":[{"href":"https:\/\/www.stvvalves.com\/fr\/wp-json\/wp\/v2\/product"}],"about":[{"href":"https:\/\/www.stvvalves.com\/fr\/wp-json\/wp\/v2\/types\/product"}],"wp:featuredmedia":[{"embeddable":true,"href":"https:\/\/www.stvvalves.com\/fr\/wp-json\/wp\/v2\/media\/7467"}],"wp:attachment":[{"href":"https:\/\/www.stvvalves.com\/fr\/wp-json\/wp\/v2\/media?parent=7466"}],"wp:term":[{"taxonomy":"product_brand","embeddable":true,"href":"https:\/\/www.stvvalves.com\/fr\/wp-json\/wp\/v2\/product_brand?post=7466"},{"taxonomy":"product_cat","embeddable":true,"href":"https:\/\/www.stvvalves.com\/fr\/wp-json\/wp\/v2\/product_cat?post=7466"},{"taxonomy":"product_tag","embeddable":true,"href":"https:\/\/www.stvvalves.com\/fr\/wp-json\/wp\/v2\/product_tag?post=7466"}],"curies":[{"name":"wp","href":"https:\/\/api.w.org\/{rel}","templated":true}]}}