{"id":7504,"date":"2024-08-18T19:58:31","date_gmt":"2024-08-18T11:58:31","guid":{"rendered":"https:\/\/www.stvvalves.com\/?post_type=product&#038;p=7504"},"modified":"2025-02-17T17:48:09","modified_gmt":"2025-02-17T09:48:09","slug":"duplex-stainless-steel-5a-gate-valve-10-inch-900lb-rf-end","status":"publish","type":"product","link":"https:\/\/www.stvvalves.com\/fr\/products\/duplex-stainless-steel-5a-gate-valve-10-inch-900lb-rf-end\/","title":{"rendered":"Duplex Stainless Steel 5A Gate Valve,10 Inch,900LB,RF End"},"content":{"rendered":"<p>Pression nominale\u00a0: PN 1,0 \u00e0 25 Mpa, classe 150 \u00e0 2\u00a0500<\/p>\n<p>Taille : DN15 \u00e0 200 mm, NPS 1\/4\u2033 \u00e0 20\u2033<\/p>\n<p>Temp\u00e9rature : -198\u00b0c \u00e0 +450\u00b0c<\/p>\n<p>Conception et fabrication\u00a0: ANSI B16.34, API 600, API 6D, API 603, BS 1414, BS 5352, DIN 3352<\/p>\n<p>Face \u00e0 face (bout \u00e0 bout) : ANSI B16.10, API 6D, ASME B16.10, EN 558, DIN 3202<\/p>\n<p>Connexion \u00e0 bride : 2\u2033 \u00e0 24\u2033, ANSI B16.5, 26\u2033 \u00e0 36\u2033, MSS-SP-44 \u00e0 API605<\/p>\n<p>Test et inspection\u00a0: API 598, API 6D, DIN 3230<\/p>\n<p>Extr\u00e9mit\u00e9 soud\u00e9e bout \u00e0 bout\u00a0: ANSI B16.5<\/p>\n<p><strong>Pi\u00e8ces et mat\u00e9riaux\u00a0:<\/strong><\/p>\n<p>Corps\u00a0: Titane TA1, TA2, TA10, TC4, GR2, GR3, GR5, acier inoxydable duplex, acier inoxydable super duplex, alliage<\/p>\n<p>20, CN7M, Hastelloy, acier au carbone, WC6, WC9, C5, C12, LCB, CF3M<\/p>\n<p>Bonnet, portail\u00a0: acier inoxydable duplex, acier inoxydable super duplex, alliage 20, CN7M, Hastelloy, acier au carbone, WC6,<\/p>\n<p>WC9, C5, C12, LCB, CF3M, Titane TA1, TA2, TA10, TC4, GR2, GR3, GR5<\/p>\n<p>Garniture\u00a0:\u00a0Incoloy 800, Incoloy 800H, Incoloy 825, SS304, SS316, SS304L, SS316L, 13%Cr.Steel, Stellite, Hastelloy,<\/p>\n<p>Alliage 20, acier inoxydable duplex, acier inoxydable super duplex<\/p>\n<p>Garniture de presse-\u00e9toupe\u00a0: graphite, PTFE<\/p>\n<p>Connexions d&#039;extr\u00e9mit\u00e9\u00a0: \u00e0 bride, \u00e0 douille, \u00e0 souder bout \u00e0 bout<\/p>\n<p>Op\u00e9rations\u00a0: Actionnement par volant, actionnement \u00e9lectrique, actionnement pneumatique<\/p>\n<table>\n<tbody>\n<tr>\n<td width=\"200\"><strong>Nom du produit<\/strong><\/td>\n<td width=\"481\">Duplex Stainless Steel 5A Gate Valve,10 Inch,900LB,RF End<\/td>\n<\/tr>\n<tr>\n<td width=\"200\">1. Mat\u00e9riel<\/td>\n<td width=\"481\">5a<\/td>\n<\/tr>\n<tr>\n<td width=\"200\">2. Taille<\/td>\n<td width=\"481\">dix&quot;<\/td>\n<\/tr>\n<tr>\n<td width=\"200\">4. Port<\/td>\n<td width=\"481\">Port complet<\/td>\n<\/tr>\n<tr>\n<td width=\"200\">5. Pression de travail<\/td>\n<td width=\"481\">900 lb<\/td>\n<\/tr>\n<tr>\n<td width=\"200\">6. Fin de la connexion<\/td>\n<td width=\"481\">RF<\/td>\n<\/tr>\n<tr>\n<td width=\"200\">7. Temp\u00e9rature de travail.<\/td>\n<td width=\"481\">-29~425\u00baC,<\/td>\n<\/tr>\n<tr>\n<td width=\"200\">8. Support appropri\u00e9<\/td>\n<td width=\"481\">Eau, gaz naturel, p\u00e9trole et certains liquides corrosifs<\/td>\n<\/tr>\n<tr>\n<td width=\"200\">9. Exploit\u00e9<\/td>\n<td width=\"481\">Bo\u00eete de vitesses<\/td>\n<\/tr>\n<tr>\n<td width=\"200\">10. Inspection et tests<\/td>\n<td width=\"481\">Selon API598<\/td>\n<\/tr>\n<tr>\n<td width=\"200\"><strong>Exp\u00e9dition<\/strong><\/td>\n<td width=\"481\"><\/td>\n<\/tr>\n<tr>\n<td width=\"200\">D\u00e9lai de livraison<\/td>\n<td width=\"481\">30 jours<\/td>\n<\/tr>\n<tr>\n<td width=\"200\">Emballer<\/td>\n<td width=\"481\">Caisse en contreplaqu\u00e9 d&#039;exportation standard<\/td>\n<\/tr>\n<tr>\n<td width=\"200\">Port d&#039;exp\u00e9dition<\/td>\n<td width=\"481\">Ningbo\/Shanghai, Chine<\/td>\n<\/tr>\n<tr>\n<td width=\"200\">Conditions d&#039;exp\u00e9dition<\/td>\n<td width=\"481\">Exw, FOB, CFR, CIF, etc.<\/td>\n<\/tr>\n<tr>\n<td width=\"200\">Modalit\u00e9s de paiement<\/td>\n<td width=\"481\">T\/T, Western Union, PayPal, etc.<\/td>\n<\/tr>\n<tr>\n<td width=\"200\"><\/td>\n<td width=\"481\">Pr\u00e9paiement 30%, solde 70% pay\u00e9 avant l&#039;exp\u00e9dition<\/td>\n<\/tr>\n<tr>\n<td width=\"200\">Pays d&#039;origine<\/td>\n<td width=\"481\">Ville de Wenzhou, Chine<\/td>\n<\/tr>\n<tr>\n<td width=\"200\">Capacit\u00e9 de production<\/td>\n<td width=\"481\">6000 tonnes\/an<\/td>\n<\/tr>\n<tr>\n<td width=\"200\">MOQ<\/td>\n<td width=\"481\">1 pi\u00e8ces\/taille<\/td>\n<\/tr>\n<\/tbody>\n<\/table>","protected":false},"excerpt":{"rendered":"<p>STV Valve Technology Group Co., Ltd est un leader professionnel en Chine. Vanne \u00e0 vanne duplex en acier inoxydable, vanne \u00e0 vanne 2505, vanne \u00e0 vanne de 2 pouces, vanne \u00e0 vanne de 150 LB, fabricant de vanne \u00e0 vanne d&#039;extr\u00e9mit\u00e9 RF de haute qualit\u00e9 et \u00e0 prix comp\u00e9titif.<\/p>","protected":false},"featured_media":7505,"template":"","meta":[],"product_brand":[],"product_cat":[44,60],"product_tag":[663,1602,1873,1872,1874],"class_list":{"0":"post-7504","1":"product","2":"type-product","3":"status-publish","4":"has-post-thumbnail","6":"product_cat-gate-valve","7":"product_cat-stainless-steel-gate-valve","8":"product_tag-150lb-gate-valve","9":"product_tag-2-inch-gate-valve","10":"product_tag-2505-gate-valve","11":"product_tag-duplex-stainless-steel-gate-valve","12":"product_tag-rf-end-gate-valve","14":"first","15":"instock","16":"shipping-taxable","17":"product-type-simple"},"_links":{"self":[{"href":"https:\/\/www.stvvalves.com\/fr\/wp-json\/wp\/v2\/product\/7504","targetHints":{"allow":["GET"]}}],"collection":[{"href":"https:\/\/www.stvvalves.com\/fr\/wp-json\/wp\/v2\/product"}],"about":[{"href":"https:\/\/www.stvvalves.com\/fr\/wp-json\/wp\/v2\/types\/product"}],"wp:featuredmedia":[{"embeddable":true,"href":"https:\/\/www.stvvalves.com\/fr\/wp-json\/wp\/v2\/media\/7505"}],"wp:attachment":[{"href":"https:\/\/www.stvvalves.com\/fr\/wp-json\/wp\/v2\/media?parent=7504"}],"wp:term":[{"taxonomy":"product_brand","embeddable":true,"href":"https:\/\/www.stvvalves.com\/fr\/wp-json\/wp\/v2\/product_brand?post=7504"},{"taxonomy":"product_cat","embeddable":true,"href":"https:\/\/www.stvvalves.com\/fr\/wp-json\/wp\/v2\/product_cat?post=7504"},{"taxonomy":"product_tag","embeddable":true,"href":"https:\/\/www.stvvalves.com\/fr\/wp-json\/wp\/v2\/product_tag?post=7504"}],"curies":[{"name":"wp","href":"https:\/\/api.w.org\/{rel}","templated":true}]}}