{"id":7524,"date":"2024-08-22T12:20:04","date_gmt":"2024-08-22T04:20:04","guid":{"rendered":"https:\/\/www.stvvalves.com\/?post_type=product&#038;p=7524"},"modified":"2025-02-17T17:47:51","modified_gmt":"2025-02-17T09:47:51","slug":"300lb-c95800-basket-strainer-12-inch-s31803-screen-40-mesch-rf","status":"publish","type":"product","link":"https:\/\/www.stvvalves.com\/fr\/products\/300lb-c95800-basket-strainer-12-inch-s31803-screen-40-mesch-rf\/","title":{"rendered":"300LB C95800 Basket Strainer,12 Inch,S31803 Screen,40 mesch, RF"},"content":{"rendered":"<p>Normes<br \/>\nConception et fabrication\u00a0: API6D et ANSI B16.34<br \/>\nDimension face \u00e0 face\u00a0: ASME B16.10<br \/>\nDimension de la bride d&#039;extr\u00e9mit\u00e9\u00a0: ASME B16.5<br \/>\nDimension soud\u00e9e bout \u00e0 bout\u00a0: ASME B16.25<br \/>\nTest et inspection\u00a0: API598<br \/>\nMat\u00e9riel:C95800,C95400,C92200,C90500<br \/>\nTemp\u00e9rature\u00a0;\u00a0-196\u00b0C+545\u00b0C Service\u00a0: Eau de mer<\/p>\n<p>300LB C95800 Basket Strainer With S31803\u00a0 40 Mesh (mesh size is 40 mesh or 400 micron). Allows a large flow rate with minimal pressure drop. This basket strainer is great for petrochemical or other applications where straining needs to occur with as little as possible pressure drop. Much less than the equivalent size y strainer. All cast steel basket strainers are sand blasted then coated with a heat resistant primer. Designed to ANSI B16.34 with flanges to ANSI B16.5 and tested in accordance with API 598.<\/p>\n<table>\n<tbody>\n<tr>\n<td width=\"200\"><strong>Nom du produit<\/strong><\/td>\n<td width=\"481\">300LB C95800 Basket Strainer, S31803 Screen,40 mesch, RF<\/td>\n<\/tr>\n<tr>\n<td width=\"200\">1. Mat\u00e9riel<\/td>\n<td width=\"481\">C95800<\/td>\n<\/tr>\n<tr>\n<td width=\"200\">2. Taille<\/td>\n<td width=\"481\">12&quot;<\/td>\n<\/tr>\n<tr>\n<td width=\"200\">4. Port<\/td>\n<td width=\"481\">Port complet<\/td>\n<\/tr>\n<tr>\n<td width=\"200\">5. Pression de travail<\/td>\n<td width=\"481\">3000lb<\/td>\n<\/tr>\n<tr>\n<td width=\"200\">6. Fin de la connexion<\/td>\n<td width=\"481\">RF<\/td>\n<\/tr>\n<tr>\n<td width=\"200\">7. Temp\u00e9rature de travail.<\/td>\n<td width=\"481\">-29~300\u00baC,<\/td>\n<\/tr>\n<tr>\n<td width=\"200\">8. Support appropri\u00e9<\/td>\n<td width=\"481\">Eau, gaz naturel, p\u00e9trole et certains liquides corrosifs<\/td>\n<\/tr>\n<tr>\n<td width=\"200\">9. Exploit\u00e9<\/td>\n<td width=\"481\">\/<\/td>\n<\/tr>\n<tr>\n<td width=\"200\">10. Inspection et tests<\/td>\n<td width=\"481\">Selon API598<\/td>\n<\/tr>\n<tr>\n<td width=\"200\"><strong>Exp\u00e9dition<\/strong><\/td>\n<td width=\"481\"><\/td>\n<\/tr>\n<tr>\n<td width=\"200\">D\u00e9lai de livraison<\/td>\n<td width=\"481\">30 jours<\/td>\n<\/tr>\n<tr>\n<td width=\"200\">Emballer<\/td>\n<td width=\"481\">Caisse en contreplaqu\u00e9 d&#039;exportation standard<\/td>\n<\/tr>\n<tr>\n<td width=\"200\">Port d&#039;exp\u00e9dition<\/td>\n<td width=\"481\">Ningbo\/Shanghai, Chine<\/td>\n<\/tr>\n<tr>\n<td width=\"200\">Conditions d&#039;exp\u00e9dition<\/td>\n<td width=\"481\">Exw, FOB, CFR, CIF, etc.<\/td>\n<\/tr>\n<tr>\n<td width=\"200\">Modalit\u00e9s de paiement<\/td>\n<td width=\"481\">T\/T, Western Union, PayPal, etc.<\/td>\n<\/tr>\n<tr>\n<td width=\"200\"><\/td>\n<td width=\"481\">Pr\u00e9paiement 30%, solde 70% pay\u00e9 avant l&#039;exp\u00e9dition<\/td>\n<\/tr>\n<tr>\n<td width=\"200\">Pays d&#039;origine<\/td>\n<td width=\"481\">Ville de Wenzhou, Chine<\/td>\n<\/tr>\n<tr>\n<td width=\"200\">Capacit\u00e9 de production<\/td>\n<td width=\"481\">6000 tonnes\/an<\/td>\n<\/tr>\n<tr>\n<td width=\"200\">MOQ<\/td>\n<td width=\"481\">1 pi\u00e8ces\/taille<\/td>\n<\/tr>\n<\/tbody>\n<\/table>","protected":false},"excerpt":{"rendered":"<p>STV Valve Technology Group Co., Ltd is a professional leader China 300LB Basket Strainer , C95800 Basket Strainer,S31803 Screen Basket Strainer,40 mesch Basket Strainer,12 Inch C95800 Basket Strainer, RF C95800 Basket Strainer, Flanged\u00a0 C95800 Basket Strainer Manufacturer with high quality and competitive price.<\/p>","protected":false},"featured_media":7525,"template":"","meta":[],"product_brand":[],"product_cat":[48,85],"product_tag":[2843,2842,2840,2839,2845,2844,2841],"class_list":{"0":"post-7524","1":"product","2":"type-product","3":"status-publish","4":"has-post-thumbnail","6":"product_cat-y-strainer","7":"product_cat-stainless-steel-y-type-strainer","8":"product_tag-12-inch-c95800-basket-strainer","9":"product_tag-40-mesch-basket-strainer","10":"product_tag-c95800-basket-strainer","11":"product_tag-china-300lb-basket-strainer","12":"product_tag-flanged-c95800-basket-strainer-manufacturer","13":"product_tag-rf-c95800-basket-strainer","14":"product_tag-s31803-screen-basket-strainer","16":"first","17":"instock","18":"shipping-taxable","19":"product-type-simple"},"_links":{"self":[{"href":"https:\/\/www.stvvalves.com\/fr\/wp-json\/wp\/v2\/product\/7524","targetHints":{"allow":["GET"]}}],"collection":[{"href":"https:\/\/www.stvvalves.com\/fr\/wp-json\/wp\/v2\/product"}],"about":[{"href":"https:\/\/www.stvvalves.com\/fr\/wp-json\/wp\/v2\/types\/product"}],"wp:featuredmedia":[{"embeddable":true,"href":"https:\/\/www.stvvalves.com\/fr\/wp-json\/wp\/v2\/media\/7525"}],"wp:attachment":[{"href":"https:\/\/www.stvvalves.com\/fr\/wp-json\/wp\/v2\/media?parent=7524"}],"wp:term":[{"taxonomy":"product_brand","embeddable":true,"href":"https:\/\/www.stvvalves.com\/fr\/wp-json\/wp\/v2\/product_brand?post=7524"},{"taxonomy":"product_cat","embeddable":true,"href":"https:\/\/www.stvvalves.com\/fr\/wp-json\/wp\/v2\/product_cat?post=7524"},{"taxonomy":"product_tag","embeddable":true,"href":"https:\/\/www.stvvalves.com\/fr\/wp-json\/wp\/v2\/product_tag?post=7524"}],"curies":[{"name":"wp","href":"https:\/\/api.w.org\/{rel}","templated":true}]}}