{"id":7526,"date":"2024-08-22T12:34:50","date_gmt":"2024-08-22T04:34:50","guid":{"rendered":"https:\/\/www.stvvalves.com\/?post_type=product&#038;p=7526"},"modified":"2024-12-24T14:03:53","modified_gmt":"2024-12-24T06:03:53","slug":"astm-a182-f20-y-strainer-2-inch-150-lb-bw-end","status":"publish","type":"product","link":"https:\/\/www.stvvalves.com\/fr\/products\/astm-a182-f20-y-strainer-2-inch-150-lb-bw-end\/","title":{"rendered":"ASTM A182 F20 Y Strainer,2 Inch,150 LB,BW End"},"content":{"rendered":"<p>Conception selon API602,BS5352<br \/>\nFace \u00e0 face\/de bout en bout\u00a0: Fabrication, ASME B16.10<br \/>\nDimensions de la bride\u00a0: ASME B16.5<br \/>\nExtr\u00e9mit\u00e9 \u00e0 souder\u00a0: ASME B.16.25<br \/>\nFin NPT\u00a0: ANSI 1.20.1<br \/>\nTest selon API 598<\/p>\n<p>Taille:1\/4\u2033~2\u201d<\/p>\n<p>Pression nominale\u00a0: classe 150-2500LB<\/p>\n<p>Mat\u00e9riau du corps\u00a0: A105N, LF2, F304, F316, F11, F22, F5, F91, acier alli\u00e9, etc. etc.<\/p>\n<p>Connexion d&#039;extr\u00e9mit\u00e9\u00a0: NPT, BW, SW, RF, RTJ.<\/p>\n<p>Temp\u00e9rature de fonctionnement\u00a0: -29 \u2103 ~ 650 \u2103<\/p>\n<table>\n<tbody>\n<tr>\n<td width=\"200\"><strong>Nom du produit<\/strong><\/td>\n<td width=\"481\">ASTM A182 F20 Y Strainer,2 Inch,150 LB,BW End<\/td>\n<\/tr>\n<tr>\n<td width=\"200\">1. Mat\u00e9riel<\/td>\n<td width=\"481\">F20<\/td>\n<\/tr>\n<tr>\n<td width=\"200\">2. Taille<\/td>\n<td width=\"481\">2&quot;<\/td>\n<\/tr>\n<tr>\n<td width=\"200\">4. Port<\/td>\n<td width=\"481\">\u00a0Port r\u00e9ducteur<\/td>\n<\/tr>\n<tr>\n<td width=\"200\">5. Pression de travail<\/td>\n<td width=\"481\">800 livres<\/td>\n<\/tr>\n<tr>\n<td width=\"200\">6. Fin de la connexion<\/td>\n<td width=\"481\">PC<\/td>\n<\/tr>\n<tr>\n<td width=\"200\">7. Temp\u00e9rature de travail.<\/td>\n<td width=\"481\">-29~425\u00baC,<\/td>\n<\/tr>\n<tr>\n<td width=\"200\">8. Support appropri\u00e9<\/td>\n<td width=\"481\">Eau, gaz naturel, p\u00e9trole et certains liquides corrosifs<\/td>\n<\/tr>\n<tr>\n<td width=\"200\">9. Exploit\u00e9<\/td>\n<td width=\"481\"><\/td>\n<\/tr>\n<tr>\n<td width=\"200\">10. Inspection et tests<\/td>\n<td width=\"481\">Selon API598<\/td>\n<\/tr>\n<tr>\n<td width=\"200\"><strong>Exp\u00e9dition<\/strong><\/td>\n<td width=\"481\"><\/td>\n<\/tr>\n<tr>\n<td width=\"200\">D\u00e9lai de livraison<\/td>\n<td width=\"481\">30 jours<\/td>\n<\/tr>\n<tr>\n<td width=\"200\">Emballer<\/td>\n<td width=\"481\">Caisse en contreplaqu\u00e9 d&#039;exportation standard<\/td>\n<\/tr>\n<tr>\n<td width=\"200\">Port d&#039;exp\u00e9dition<\/td>\n<td width=\"481\">Ningbo\/Shanghai, Chine<\/td>\n<\/tr>\n<tr>\n<td width=\"200\">Conditions d&#039;exp\u00e9dition<\/td>\n<td width=\"481\">Exw, FOB, CFR, CIF, etc.<\/td>\n<\/tr>\n<tr>\n<td width=\"200\">Modalit\u00e9s de paiement<\/td>\n<td width=\"481\">T\/T, Western Union, PayPal, etc.<\/td>\n<\/tr>\n<tr>\n<td width=\"200\"><\/td>\n<td width=\"481\">Pr\u00e9paiement 30%, solde 70% pay\u00e9 avant l&#039;exp\u00e9dition<\/td>\n<\/tr>\n<tr>\n<td width=\"200\">Pays d&#039;origine<\/td>\n<td width=\"481\">Ville de Wenzhou, Chine<\/td>\n<\/tr>\n<tr>\n<td width=\"200\">Capacit\u00e9 de production<\/td>\n<td width=\"481\">6000 tonnes\/an<\/td>\n<\/tr>\n<tr>\n<td width=\"200\">MOQ<\/td>\n<td width=\"481\">1 pi\u00e8ces\/taille<\/td>\n<\/tr>\n<\/tbody>\n<\/table>","protected":false},"excerpt":{"rendered":"<p>STV Valve Technology Group Co., Ltd is a professional leader China F20 Steel Y Strainer,F20\u00a0 CLASS 150 Y Strainer. F20 BOLT COVER STRAINER,F20 Forged Steel Y Type Strainer,Forged Steel F20 Y Type Strainer, F20 Y- Type Strainers,F20 Y-Pattern Strainer,F20 NPT or BW END Y Type Strainers ,F20 Y-type strainer Manufacturer with high quality and competitive price.<\/p>","protected":false},"featured_media":7527,"template":"","meta":[],"product_brand":[],"product_cat":[48,964],"product_tag":[2846,2847,2848,2852,2850,2851,2853,2849],"class_list":{"0":"post-7526","1":"product","2":"type-product","3":"status-publish","4":"has-post-thumbnail","6":"product_cat-y-strainer","7":"product_cat-forged-steel-y-type-strainer","8":"product_tag-china-f20-steel-y-strainer","9":"product_tag-f20-class-150-y-strainer-f20-bolt-cover-strainer","10":"product_tag-f20-forged-steel-y-type-strainer","11":"product_tag-f20-npt-or-bw-end-y-type-strainers","12":"product_tag-f20-y-type-strainers","13":"product_tag-f20-y-pattern-strainer","14":"product_tag-f20-y-type-strainer-manufacturer","15":"product_tag-forged-steel-f20-y-type-strainer","17":"first","18":"instock","19":"shipping-taxable","20":"product-type-simple"},"_links":{"self":[{"href":"https:\/\/www.stvvalves.com\/fr\/wp-json\/wp\/v2\/product\/7526","targetHints":{"allow":["GET"]}}],"collection":[{"href":"https:\/\/www.stvvalves.com\/fr\/wp-json\/wp\/v2\/product"}],"about":[{"href":"https:\/\/www.stvvalves.com\/fr\/wp-json\/wp\/v2\/types\/product"}],"wp:featuredmedia":[{"embeddable":true,"href":"https:\/\/www.stvvalves.com\/fr\/wp-json\/wp\/v2\/media\/7527"}],"wp:attachment":[{"href":"https:\/\/www.stvvalves.com\/fr\/wp-json\/wp\/v2\/media?parent=7526"}],"wp:term":[{"taxonomy":"product_brand","embeddable":true,"href":"https:\/\/www.stvvalves.com\/fr\/wp-json\/wp\/v2\/product_brand?post=7526"},{"taxonomy":"product_cat","embeddable":true,"href":"https:\/\/www.stvvalves.com\/fr\/wp-json\/wp\/v2\/product_cat?post=7526"},{"taxonomy":"product_tag","embeddable":true,"href":"https:\/\/www.stvvalves.com\/fr\/wp-json\/wp\/v2\/product_tag?post=7526"}],"curies":[{"name":"wp","href":"https:\/\/api.w.org\/{rel}","templated":true}]}}