{"id":7533,"date":"2024-08-22T14:51:31","date_gmt":"2024-08-22T06:51:31","guid":{"rendered":"https:\/\/www.stvvalves.com\/?post_type=product&#038;p=7533"},"modified":"2024-12-24T13:58:48","modified_gmt":"2024-12-24T05:58:48","slug":"900-lb-swing-check-valve-14-inch-a216-wcb-api-6d-psb-rf","status":"publish","type":"product","link":"https:\/\/www.stvvalves.com\/fr\/products\/900-lb-swing-check-valve-14-inch-a216-wcb-api-6d-psb-rf\/","title":{"rendered":"900 LB Swing Check Valve,14 Inch,A216 WCB, API 6D, PSB, RF"},"content":{"rendered":"<p><strong>Clapet anti-retour \u00e0 battant<\/strong>, Ansi Class 600Lbs, Api 6d, Bolted, Pressure Sealing Bonnet, Flanged, Rf, Rtj, Bw Ends, Carbon Steel, Stainless Steel, Duplex Steel Swing Check Valves, Non Return Valve, Industrial Cast Steel Swing Check Valve Supplier, Exporter.<\/p>\n<p>Sp\u00e9cifications pour\u00a0<strong>Clapet anti-retour \u00e0 battant 900LBS (\u00e0 bride, extr\u00e9mit\u00e9s Bw)<\/strong><\/p>\n<p>1. Conception et fabrication\u00a0: API6D, ANSI B16.34, BS1868<br \/>\n2. Chapeau boulonn\u00e9, chapeau \u00e0 joint sous pression, disque de type pivotant,<br \/>\n3. Gamme de tailles : 2\u2033 \u00e0 24\u2033.<br \/>\n4. Pressure Ratings: ANSI 1500Lbs<br \/>\n5. Connexions d&#039;extr\u00e9mit\u00e9\u00a0: \u00e0 bride, soudure bout \u00e0 bout.<br \/>\n6. Mat\u00e9riaux\u00a0: WCB, LCB, CF8, CF8M, CF3, CF3M, WC6, WC9, C5, C12, 4A ou \u00e9quivalent,<br \/>\n7. Divers mat\u00e9riaux de garniture disponibles pour r\u00e9pondre aux conditions de service<br \/>\n8. NACE MR 0175 sur demande<\/p>\n<table>\n<tbody>\n<tr>\n<td width=\"200\"><strong>Nom du produit<\/strong><\/td>\n<td width=\"481\">900 LB Swing Check Valve,14 Inch,A216 WCB, API 6D, PSB, RF<\/td>\n<\/tr>\n<tr>\n<td width=\"200\">1. Mat\u00e9riel<\/td>\n<td width=\"481\">WCB<\/td>\n<\/tr>\n<tr>\n<td width=\"200\">2. Taille<\/td>\n<td width=\"481\">14&quot;<\/td>\n<\/tr>\n<tr>\n<td width=\"200\">4. Port<\/td>\n<td width=\"481\">Port complet<\/td>\n<\/tr>\n<tr>\n<td width=\"200\">5. Pression de travail<\/td>\n<td width=\"481\">900LB<\/td>\n<\/tr>\n<tr>\n<td width=\"200\">6. Fin de la connexion<\/td>\n<td width=\"481\">RF<\/td>\n<\/tr>\n<tr>\n<td width=\"200\">7. Temp\u00e9rature de travail.<\/td>\n<td width=\"481\">-29~425\u00baC,<\/td>\n<\/tr>\n<tr>\n<td width=\"200\">8. Support appropri\u00e9<\/td>\n<td width=\"481\">Eau, gaz naturel, p\u00e9trole et certains liquides corrosifs<\/td>\n<\/tr>\n<tr>\n<td width=\"200\">9. Exploit\u00e9<\/td>\n<td width=\"481\">\/<\/td>\n<\/tr>\n<tr>\n<td width=\"200\">10. Inspection et tests<\/td>\n<td width=\"481\">Selon API 598<\/td>\n<\/tr>\n<tr>\n<td width=\"200\"><strong>Exp\u00e9dition<\/strong><\/td>\n<td width=\"481\"><\/td>\n<\/tr>\n<tr>\n<td width=\"200\">D\u00e9lai de livraison<\/td>\n<td width=\"481\">30 jours<\/td>\n<\/tr>\n<tr>\n<td width=\"200\">Emballer<\/td>\n<td width=\"481\">Caisse en contreplaqu\u00e9 d&#039;exportation standard<\/td>\n<\/tr>\n<tr>\n<td width=\"200\">Port d&#039;exp\u00e9dition<\/td>\n<td width=\"481\">Ningbo\/Shanghai, Chine<\/td>\n<\/tr>\n<tr>\n<td width=\"200\">Conditions d&#039;exp\u00e9dition<\/td>\n<td width=\"481\">Exw, FOB, CFR, CIF, etc.<\/td>\n<\/tr>\n<tr>\n<td width=\"200\">Modalit\u00e9s de paiement<\/td>\n<td width=\"481\">T\/T, Western Union, PayPal, etc.<\/td>\n<\/tr>\n<tr>\n<td width=\"200\"><\/td>\n<td width=\"481\">Pr\u00e9paiement 30%, solde 70% pay\u00e9 avant l&#039;exp\u00e9dition<\/td>\n<\/tr>\n<tr>\n<td width=\"200\">Pays d&#039;origine<\/td>\n<td width=\"481\">Ville de Wenzhou, Chine<\/td>\n<\/tr>\n<tr>\n<td width=\"200\">Capacit\u00e9 de production<\/td>\n<td width=\"481\">6000 tonnes\/an<\/td>\n<\/tr>\n<tr>\n<td width=\"200\">MOQ<\/td>\n<td width=\"481\">10 pi\u00e8ces\/taille<\/td>\n<\/tr>\n<\/tbody>\n<\/table>","protected":false},"excerpt":{"rendered":"<p>STV Valve Technology Group Co., Ltd\u00a0 is Swing Check Valve, Ansi Class 900Lbs Swing Check Valve, Api 6d Swing Check Valve, Industrial Swing Check Valve, Carbon Steel Swing Check Valve,\u00a0 A216-WCB Swing Check Valve,\u00a0 Nace Mr0175 Swing Check Valve, 14 Inch Swing Check Valve, Bw Swing Check Valve, High Pressure Swing Check Valve, Pressure Seal Swing Check Valve, Self Sealing Cast Steel Swing Check manufacturer with high quality and low pric<\/p>","protected":false},"featured_media":7534,"template":"","meta":[],"product_brand":[],"product_cat":[46,83],"product_tag":[2863,2384,2862,1034,2386,2383,300,2382,2385,486,2387,152],"class_list":{"0":"post-7533","1":"product","2":"type-product","3":"status-publish","4":"has-post-thumbnail","6":"product_cat-check-valves","7":"product_cat-cast-steel-check-valve","8":"product_tag-14-inch-swing-check-valve","9":"product_tag-a216-wcb-swing-check-valve","10":"product_tag-ansi-class-900lbs-swing-check-valve","11":"product_tag-api-6d-swing-check-valve","12":"product_tag-bw-swing-check-valve","13":"product_tag-carbon-steel-swing-check-valve","14":"product_tag-high-pressure-swing-check-valve","15":"product_tag-industrial-swing-check-valve","16":"product_tag-nace-mr0175-swing-check-valve","17":"product_tag-pressure-seal-swing-check-valve","18":"product_tag-self-sealing-cast-steel-swing-check-manufacturer","19":"product_tag-swing-check-valve","21":"first","22":"instock","23":"shipping-taxable","24":"product-type-simple"},"_links":{"self":[{"href":"https:\/\/www.stvvalves.com\/fr\/wp-json\/wp\/v2\/product\/7533","targetHints":{"allow":["GET"]}}],"collection":[{"href":"https:\/\/www.stvvalves.com\/fr\/wp-json\/wp\/v2\/product"}],"about":[{"href":"https:\/\/www.stvvalves.com\/fr\/wp-json\/wp\/v2\/types\/product"}],"wp:featuredmedia":[{"embeddable":true,"href":"https:\/\/www.stvvalves.com\/fr\/wp-json\/wp\/v2\/media\/7534"}],"wp:attachment":[{"href":"https:\/\/www.stvvalves.com\/fr\/wp-json\/wp\/v2\/media?parent=7533"}],"wp:term":[{"taxonomy":"product_brand","embeddable":true,"href":"https:\/\/www.stvvalves.com\/fr\/wp-json\/wp\/v2\/product_brand?post=7533"},{"taxonomy":"product_cat","embeddable":true,"href":"https:\/\/www.stvvalves.com\/fr\/wp-json\/wp\/v2\/product_cat?post=7533"},{"taxonomy":"product_tag","embeddable":true,"href":"https:\/\/www.stvvalves.com\/fr\/wp-json\/wp\/v2\/product_tag?post=7533"}],"curies":[{"name":"wp","href":"https:\/\/api.w.org\/{rel}","templated":true}]}}