{"id":7557,"date":"2024-09-01T09:35:34","date_gmt":"2024-09-01T01:35:34","guid":{"rendered":"https:\/\/www.stvvalves.com\/?post_type=product&#038;p=7557"},"modified":"2024-12-24T13:55:07","modified_gmt":"2024-12-24T05:55:07","slug":"f304-swing-check-valve-api-602-1-inch-2500-lb-rf-end","status":"publish","type":"product","link":"https:\/\/www.stvvalves.com\/fr\/products\/f304-swing-check-valve-api-602-1-inch-2500-lb-rf-end\/","title":{"rendered":"F304 Swing Check Valve,API 602,1 Inch,2500 LB,RF End"},"content":{"rendered":"<p>F304 Swing Check Valve,API 602,1 Inch,2500 LB,RF End<br \/>\nConception\u00a0: API 602<br \/>\nBody: F304<br \/>\nTaille nominale: 1 pouce<br \/>\nNominal Class: 2500LB<br \/>\nConnexion d&#039;extr\u00e9mit\u00e9\u00a0: RF<br \/>\nFace \u00e0 Face : Fabrication<br \/>\nTest et inspection\u00a0: API 598<br \/>\nDiam\u00e8tre nominal : 1\/4 pouce \u2013 4 pouces<br \/>\nTemp\u00e9rature de conception : -196 \u2103 \u2013 573 \u2103<br \/>\nPression de conception\u00a0: Classe 150 LB \u2013 Classe 2\u00a0500 LB<br \/>\nMaterial: ASTM A105, ASTM A182 F304, ASTM A182 F304L, ASTM A182 F316, ASTM A182 F316L, ASTM A350 LF2, ASTM A182 F11, ASTM A182 F22, ASTM A182 F5, ASTM A182 F51, ASTM A182 F321.<br \/>\nNorme de conception\u00a0: API 602, BS 5352<br \/>\nFace \u00e0 face\u00a0: norme de fabrication, ASME B16.10<br \/>\nExtr\u00e9mit\u00e9 de connexion\u00a0: NPT, SW, BW, \u00e0 bride<br \/>\nNorme d&#039;essai\u00a0: API 598, ISO 5208<br \/>\nOperation: X<br \/>\nApplication\u00a0: centrale \u00e9lectrique, p\u00e9trole, g\u00e9nie chimique<\/p>\n<table>\n<tbody>\n<tr>\n<td width=\"200\"><strong><b>Nom du produit<\/b><\/strong><\/td>\n<td width=\"481\">F304 Swing Check Valve,API 602,1 Inch,2500 LB,RF End<\/td>\n<\/tr>\n<tr>\n<td width=\"200\">1. Mat\u00e9riel<\/td>\n<td width=\"481\">F304<\/td>\n<\/tr>\n<tr>\n<td width=\"200\">2. Taille<\/td>\n<td width=\"481\">1&quot;<\/td>\n<\/tr>\n<tr>\n<td width=\"200\">4. Port<\/td>\n<td width=\"481\">Port r\u00e9ducteur<\/td>\n<\/tr>\n<tr>\n<td width=\"200\">5. Pression de travail<\/td>\n<td width=\"481\">2500LB<\/td>\n<\/tr>\n<tr>\n<td width=\"200\">6. Fin de la connexion<\/td>\n<td width=\"481\">Fin RF<\/td>\n<\/tr>\n<tr>\n<td width=\"200\">7. Temp\u00e9rature de travail.<\/td>\n<td width=\"481\">-29~425\u00baC,<\/td>\n<\/tr>\n<tr>\n<td width=\"200\">8. Support appropri\u00e9<\/td>\n<td width=\"481\">Eau, gaz naturel, p\u00e9trole et certains liquides corrosifs<\/td>\n<\/tr>\n<tr>\n<td width=\"200\">9. Exploit\u00e9<\/td>\n<td width=\"481\">X<\/td>\n<\/tr>\n<tr>\n<td width=\"200\">10. Inspection et tests<\/td>\n<td width=\"481\">SelonAPI 598<\/td>\n<\/tr>\n<tr>\n<td width=\"200\"><strong><b>Exp\u00e9dition<\/b><\/strong><\/td>\n<td width=\"481\"><\/td>\n<\/tr>\n<tr>\n<td width=\"200\">D\u00e9lai de livraison<\/td>\n<td width=\"481\">30 jours<\/td>\n<\/tr>\n<tr>\n<td width=\"200\">Emballer<\/td>\n<td width=\"481\">Caisse en contreplaqu\u00e9 d&#039;exportation standard<\/td>\n<\/tr>\n<tr>\n<td width=\"200\">Port d&#039;exp\u00e9dition<\/td>\n<td width=\"481\">Ningbo\/Shanghai, Chine<\/td>\n<\/tr>\n<tr>\n<td width=\"200\">Conditions d&#039;exp\u00e9dition<\/td>\n<td width=\"481\">Exw, FOB, CFR, CIF, etc.<\/td>\n<\/tr>\n<tr>\n<td width=\"200\">Modalit\u00e9s de paiement<\/td>\n<td width=\"481\">T\/T, Western Union, PayPal, etc.<\/td>\n<\/tr>\n<tr>\n<td width=\"200\"><\/td>\n<td width=\"481\">Pr\u00e9paiement 30%, solde 70% pay\u00e9 avant l&#039;exp\u00e9dition<\/td>\n<\/tr>\n<tr>\n<td width=\"200\">Pays d&#039;origine<\/td>\n<td width=\"481\">Ville de Wenzhou, Chine<\/td>\n<\/tr>\n<tr>\n<td width=\"200\">Capacit\u00e9 de production<\/td>\n<td width=\"481\">6000 tonnes\/an<\/td>\n<\/tr>\n<tr>\n<td width=\"200\">MOQ<\/td>\n<td width=\"481\">10 pi\u00e8ces\/taille<\/td>\n<\/tr>\n<\/tbody>\n<\/table>","protected":false},"excerpt":{"rendered":"<p>STV Valve Technology Group Co., Ltd is a professional leader China F304 Swing \u00a0Check\u00a0 Valve,Pressure Seal Bonnet F304 Swing Check Valve , 1 Inch\u00a0 F304 Swing Check Valve,\u00a0 API 602 F304 Swing Check\u00a0 Valve, 2500LB F304 Swing Check Valve,2500LB Flange End Swing Check Valve Manufacturer with high quality and competitive price.<\/p>","protected":false},"featured_media":7558,"template":"","meta":[],"product_brand":[],"product_cat":[46,66],"product_tag":[2914,2916,2917,2915,2687,2913],"class_list":{"0":"post-7557","1":"product","2":"type-product","3":"status-publish","4":"has-post-thumbnail","6":"product_cat-check-valves","7":"product_cat-swing-check-valve","8":"product_tag-1-inch-f304-swing-check-valve","9":"product_tag-2500lb-f304-swing-check-valve","10":"product_tag-2500lb-flange-end-swing-check-valve-manufacturer","11":"product_tag-api-602-f304-swing-check-valve","12":"product_tag-china-f304-swing-check-valve","13":"product_tag-pressure-seal-bonnet-f304-swing-check-valve","15":"first","16":"instock","17":"shipping-taxable","18":"product-type-simple"},"_links":{"self":[{"href":"https:\/\/www.stvvalves.com\/fr\/wp-json\/wp\/v2\/product\/7557","targetHints":{"allow":["GET"]}}],"collection":[{"href":"https:\/\/www.stvvalves.com\/fr\/wp-json\/wp\/v2\/product"}],"about":[{"href":"https:\/\/www.stvvalves.com\/fr\/wp-json\/wp\/v2\/types\/product"}],"wp:featuredmedia":[{"embeddable":true,"href":"https:\/\/www.stvvalves.com\/fr\/wp-json\/wp\/v2\/media\/7558"}],"wp:attachment":[{"href":"https:\/\/www.stvvalves.com\/fr\/wp-json\/wp\/v2\/media?parent=7557"}],"wp:term":[{"taxonomy":"product_brand","embeddable":true,"href":"https:\/\/www.stvvalves.com\/fr\/wp-json\/wp\/v2\/product_brand?post=7557"},{"taxonomy":"product_cat","embeddable":true,"href":"https:\/\/www.stvvalves.com\/fr\/wp-json\/wp\/v2\/product_cat?post=7557"},{"taxonomy":"product_tag","embeddable":true,"href":"https:\/\/www.stvvalves.com\/fr\/wp-json\/wp\/v2\/product_tag?post=7557"}],"curies":[{"name":"wp","href":"https:\/\/api.w.org\/{rel}","templated":true}]}}