{"id":7560,"date":"2024-09-01T09:41:33","date_gmt":"2024-09-01T01:41:33","guid":{"rendered":"https:\/\/www.stvvalves.com\/?post_type=product&#038;p=7560"},"modified":"2024-12-24T23:08:32","modified_gmt":"2024-12-24T15:08:32","slug":"4a-swing-check-valve-8-inch-cl900-flange-end","status":"publish","type":"product","link":"https:\/\/www.stvvalves.com\/fr\/products\/4a-swing-check-valve-8-inch-cl900-flange-end\/","title":{"rendered":"4A Swing Check Valve,8 Inch,CL900,Flange End"},"content":{"rendered":"<p>Caract\u00e9ristiques de conception:<br \/>\nNorme de conception selon\u00a0: BS1868, ASME B16.34, API 600<br \/>\nDimensions face \u00e0 face\u00a0:ANSI B16.10.<br \/>\nDimension d&#039;extr\u00e9mit\u00e9 de bride : ANSI B16.5<br \/>\nDimensions soud\u00e9es bout \u00e0 bout\u00a0: ANSI B16.25<br \/>\nConception et fabrication\u00a0: BS1868<br \/>\nTest de pression\u00a0: API598<\/p>\n<p>Structure de produit compacte et raisonnable, \u00e9tanch\u00e9it\u00e9 fiable et bonnes performances\u00a0;<\/p>\n<p>Passage de fluide lisse et petite r\u00e9sistance aux fluides\u00a0;<\/p>\n<p>Disque de type swing.<\/p>\n<p>Peut \u00eatre con\u00e7u avec un cylindre d&#039;amortissement ou un disque \u00e9quilibr\u00e9.<\/p>\n<p>Passage de fluide lisse et petite r\u00e9sistance aux fluides.<\/p>\n<p>Gamme de produits<br \/>\nBody material: Material: Duplex S31803\u3001Super Duplex S32750\u3001Super Duplex S32760<br \/>\n1A, 2A, 3A, 4A, 5A, 6A, 1B, 1C<br \/>\nCD4MCu, CD4MCuN, CD3MCuN, CE8MN, CD6MN, CD3MN, CE3MN, CD3MWCuN<\/p>\n<p>Plage de pression\u00a0:\u00a0Classe 150\uff5e2500\uff08PN10~PN420\uff09<\/p>\n<p>Connexion finale\u00a0: RF, RTJ, BW<\/p>\n<p>Temp\u00e9rature de fonctionnement : -196 \u2103 ~ + 560 \u2103<\/p>\n<div>\n<p>&nbsp;<\/p>\n<table>\n<tbody>\n<tr>\n<td width=\"200\"><strong><b>Nom du produit<\/b><\/strong><\/td>\n<td width=\"481\">4A Swing Check Valve,8 Inch,CL900,Flange End<\/td>\n<\/tr>\n<tr>\n<td width=\"200\">1. Mat\u00e9riel<\/td>\n<td width=\"481\">4A<\/td>\n<\/tr>\n<tr>\n<td width=\"200\">2. Taille<\/td>\n<td width=\"481\">8&quot;<\/td>\n<\/tr>\n<tr>\n<td width=\"200\">4. Port<\/td>\n<td width=\"481\">Port complet<\/td>\n<\/tr>\n<tr>\n<td width=\"200\">5. Pression de travail<\/td>\n<td width=\"481\">900LB<\/td>\n<\/tr>\n<tr>\n<td width=\"200\">6. Fin de la connexion<\/td>\n<td width=\"481\">RF<\/td>\n<\/tr>\n<tr>\n<td width=\"200\">7. Temp\u00e9rature de travail.<\/td>\n<td width=\"481\">-29~250\u00baC,<\/td>\n<\/tr>\n<tr>\n<td width=\"200\">8. Support appropri\u00e9<\/td>\n<td width=\"481\">Eau, gaz naturel, p\u00e9trole et certains liquides corrosifs<\/td>\n<\/tr>\n<tr>\n<td width=\"200\">9. Exploit\u00e9<\/td>\n<td width=\"481\">\/<\/td>\n<\/tr>\n<tr>\n<td width=\"200\">10. Inspection et tests<\/td>\n<td width=\"481\">SelonAPI 598<\/td>\n<\/tr>\n<tr>\n<td width=\"200\"><strong><b>Exp\u00e9dition<\/b><\/strong><\/td>\n<td width=\"481\"><\/td>\n<\/tr>\n<tr>\n<td width=\"200\">D\u00e9lai de livraison<\/td>\n<td width=\"481\">30 jours<\/td>\n<\/tr>\n<tr>\n<td width=\"200\">Emballer<\/td>\n<td width=\"481\">Caisse en contreplaqu\u00e9 d&#039;exportation standard<\/td>\n<\/tr>\n<tr>\n<td width=\"200\">Port d&#039;exp\u00e9dition<\/td>\n<td width=\"481\">Ningbo\/Shanghai, Chine<\/td>\n<\/tr>\n<tr>\n<td width=\"200\">Conditions d&#039;exp\u00e9dition<\/td>\n<td width=\"481\">Exw, FOB, CFR, CIF, etc.<\/td>\n<\/tr>\n<tr>\n<td width=\"200\">Modalit\u00e9s de paiement<\/td>\n<td width=\"481\">T\/T, Western Union, PayPal, etc.<\/td>\n<\/tr>\n<tr>\n<td width=\"200\"><\/td>\n<td width=\"481\">Pr\u00e9paiement 30%, solde 70% pay\u00e9 avant l&#039;exp\u00e9dition<\/td>\n<\/tr>\n<tr>\n<td width=\"200\">Pays d&#039;origine<\/td>\n<td width=\"481\">Ville de Wenzhou, Chine<\/td>\n<\/tr>\n<tr>\n<td width=\"200\">Capacit\u00e9 de production<\/td>\n<td width=\"481\">6000 tonnes\/an<\/td>\n<\/tr>\n<tr>\n<td width=\"200\">MOQ<\/td>\n<td width=\"481\">10 pi\u00e8ces\/taille<\/td>\n<\/tr>\n<\/tbody>\n<\/table>\n<\/div>","protected":false},"excerpt":{"rendered":"<p>STV Valve Technology Group Co., Ltd is a professional leader China 4A Swing Check Valve, 8 Inch 4A Swing Check Valve, CL900 4A Swing Check Valve,4A Flange End Swing Check Valve,Bolt Bonnet 4A Swing Check Valve Manufacturer with high quality and competitive price.<\/p>\n<p>&nbsp;<\/p>","protected":false},"featured_media":7561,"template":"","meta":[],"product_brand":[],"product_cat":[46,67],"product_tag":[2814,2812,2815,2811,2918],"class_list":{"0":"post-7560","1":"product","2":"type-product","3":"status-publish","4":"has-post-thumbnail","6":"product_cat-check-valves","7":"product_cat-stainless-steel-check-valve","8":"product_tag-4a-flange-end-swing-check-valve","9":"product_tag-8-inch-4a-swing-check-valve","10":"product_tag-bolt-bonnet-4a-swing-check-valve-manufacturer","11":"product_tag-china-4a-swing-check-valve","12":"product_tag-cl900-4a-swing-check-valve","14":"first","15":"instock","16":"shipping-taxable","17":"product-type-simple"},"_links":{"self":[{"href":"https:\/\/www.stvvalves.com\/fr\/wp-json\/wp\/v2\/product\/7560","targetHints":{"allow":["GET"]}}],"collection":[{"href":"https:\/\/www.stvvalves.com\/fr\/wp-json\/wp\/v2\/product"}],"about":[{"href":"https:\/\/www.stvvalves.com\/fr\/wp-json\/wp\/v2\/types\/product"}],"wp:featuredmedia":[{"embeddable":true,"href":"https:\/\/www.stvvalves.com\/fr\/wp-json\/wp\/v2\/media\/7561"}],"wp:attachment":[{"href":"https:\/\/www.stvvalves.com\/fr\/wp-json\/wp\/v2\/media?parent=7560"}],"wp:term":[{"taxonomy":"product_brand","embeddable":true,"href":"https:\/\/www.stvvalves.com\/fr\/wp-json\/wp\/v2\/product_brand?post=7560"},{"taxonomy":"product_cat","embeddable":true,"href":"https:\/\/www.stvvalves.com\/fr\/wp-json\/wp\/v2\/product_cat?post=7560"},{"taxonomy":"product_tag","embeddable":true,"href":"https:\/\/www.stvvalves.com\/fr\/wp-json\/wp\/v2\/product_tag?post=7560"}],"curies":[{"name":"wp","href":"https:\/\/api.w.org\/{rel}","templated":true}]}}