{"id":7570,"date":"2024-09-01T13:44:12","date_gmt":"2024-09-01T05:44:12","guid":{"rendered":"https:\/\/www.stvvalves.com\/?post_type=product&#038;p=7570"},"modified":"2024-12-24T13:51:26","modified_gmt":"2024-12-24T05:51:26","slug":"1500lb-lift-check-valve-a105-2-inch-rf-end","status":"publish","type":"product","link":"https:\/\/www.stvvalves.com\/fr\/products\/1500lb-lift-check-valve-a105-2-inch-rf-end\/","title":{"rendered":"1500LB Lift Check Valve,A105,2 Inch,RF End"},"content":{"rendered":"<p>Conception et fabrication conformes \u00e0 BS5351, MSS SP-118<\/p>\n<p>Les extr\u00e9mit\u00e9s de connexion sont conformes \u00e0\u00a0:<\/p>\n<p>1. Les extr\u00e9mit\u00e9s soud\u00e9es sont conformes \u00e0 la norme ANSI B16.11.<\/p>\n<p>2. Les extr\u00e9mit\u00e9s des vis sont conformes \u00e0 ANSI B1.20.1<\/p>\n<p>3. Les extr\u00e9mit\u00e9s soud\u00e9es bout \u00e0 bout sont conformes \u00e0 la norme ANSI B16.25.<\/p>\n<p>4. Les extr\u00e9mit\u00e9s des brides sont conformes \u00e0 la norme ANSI B16.5<\/p>\n<p>5.Test et inspection conformes \u00e0\u00a0:API 598<\/p>\n<p>Caract\u00e9ristiques structurelles\u00a0:<\/p>\n<p>Chapeau boulonn\u00e9, chapeau soud\u00e9, chapeau \u00e0 joint de pression<\/p>\n<p>Type en acier forg\u00e9, \u00e0 piston, \u00e0 bille ou \u00e0 balan\u00e7oire<\/p>\n<p>Si\u00e8ge int\u00e9gral pour clapets anti-retour \u00e0 piston et \u00e0 bille<\/p>\n<p>Conception \u00e0 anneau de si\u00e8ge s\u00e9par\u00e9 pour clapets anti-retour \u00e0 battant<\/p>\n<p>Joint enroul\u00e9 en spirale ou joint \u00e0 joint ovale<\/p>\n<p>Al\u00e9sage r\u00e9duit ou port complet,<\/p>\n<p>Mod\u00e8le en T ou motif en Y,<\/p>\n<p>Gamme de produits<\/p>\n<p>Mat\u00e9riau du corps\u00a0:\u00a0A105,LF2,F5,F11,F22,304,304L,316,316L,F51,F91,20#,Inconel.Ect<\/p>\n<p>Diam\u00e8tre nominal\u00a0: 1\/2\u2033~2\u2033\uff08DN15~DN50\uff09<\/p>\n<p>Connexion d&#039;extr\u00e9mit\u00e9\u00a0: THR, SW, BW, RF, RTJ<\/p>\n<p>Temp\u00e9rature de fonctionnement\u00a0: -196 \u2103 ~ + 560 \u2103<\/p>\n<p>&nbsp;<\/p>\n<table>\n<tbody>\n<tr>\n<td width=\"200\"><strong>Nom du produit<\/strong><\/td>\n<td width=\"481\">1500LB Lift Check Valve,A105,2 Inch,RF End<\/td>\n<\/tr>\n<tr>\n<td width=\"200\">1. Mat\u00e9riel<\/td>\n<td width=\"481\">A105<\/td>\n<\/tr>\n<tr>\n<td width=\"200\">2. Taille<\/td>\n<td width=\"481\">2&quot;<\/td>\n<\/tr>\n<tr>\n<td width=\"200\">4. Port<\/td>\n<td width=\"481\">Port r\u00e9ducteur<\/td>\n<\/tr>\n<tr>\n<td width=\"200\">5. Pression de travail<\/td>\n<td width=\"481\">1 500 lb<\/td>\n<\/tr>\n<tr>\n<td width=\"200\">6. Fin de la connexion<\/td>\n<td width=\"481\">RF<\/td>\n<\/tr>\n<tr>\n<td width=\"200\">7. Temp\u00e9rature de travail.<\/td>\n<td width=\"481\">-29~425\u00baC,<\/td>\n<\/tr>\n<tr>\n<td width=\"200\">8. Support appropri\u00e9<\/td>\n<td width=\"481\">Eau, gaz naturel, p\u00e9trole et certains liquides corrosifs<\/td>\n<\/tr>\n<tr>\n<td width=\"200\">9. Exploit\u00e9<\/td>\n<td width=\"481\">\/<\/td>\n<\/tr>\n<tr>\n<td width=\"200\">10. Inspection et tests<\/td>\n<td width=\"481\">Selon API598<\/td>\n<\/tr>\n<tr>\n<td width=\"200\"><strong>Exp\u00e9dition<\/strong><\/td>\n<td width=\"481\"><\/td>\n<\/tr>\n<tr>\n<td width=\"200\">D\u00e9lai de livraison<\/td>\n<td width=\"481\">30 jours<\/td>\n<\/tr>\n<tr>\n<td width=\"200\">Emballer<\/td>\n<td width=\"481\">Caisse en contreplaqu\u00e9 d&#039;exportation standard<\/td>\n<\/tr>\n<tr>\n<td width=\"200\">Port d&#039;exp\u00e9dition<\/td>\n<td width=\"481\">Ningbo\/Shanghai, Chine<\/td>\n<\/tr>\n<tr>\n<td width=\"200\">Conditions d&#039;exp\u00e9dition<\/td>\n<td width=\"481\">Exw, FOB, CFR, CIF, etc.<\/td>\n<\/tr>\n<tr>\n<td width=\"200\">Modalit\u00e9s de paiement<\/td>\n<td width=\"481\">T\/T, Western Union, PayPal, etc.<\/td>\n<\/tr>\n<tr>\n<td width=\"200\"><\/td>\n<td width=\"481\">Pr\u00e9paiement 30%, solde 70% pay\u00e9 avant l&#039;exp\u00e9dition<\/td>\n<\/tr>\n<tr>\n<td width=\"200\">Pays d&#039;origine<\/td>\n<td width=\"481\">Ville de Wenzhou, Chine<\/td>\n<\/tr>\n<tr>\n<td width=\"200\">Capacit\u00e9 de production<\/td>\n<td width=\"481\">6000 tonnes\/an<\/td>\n<\/tr>\n<tr>\n<td width=\"200\">MOQ<\/td>\n<td width=\"481\">1 pi\u00e8ces\/taille<\/td>\n<\/tr>\n<\/tbody>\n<\/table>","protected":false},"excerpt":{"rendered":"<p>STV Valve Technology Group Co., Ltd is a professional leader\u00a0 China A105 1500LB Lift Check Valve,Pressure Seal Lift Check Valve , 2 Inch\u00a0 Lift Check Valve,\u00a0 API 602 Lift Check Valve, 1500LB Lift Check Valve,Flange End Lift Check Valve Manufacturer with high quality and competitive price.<\/p>","protected":false},"featured_media":7571,"template":"","meta":[],"product_brand":[],"product_cat":[46,66],"product_tag":[2715,2713,2714,2943,2716,2712],"class_list":{"0":"post-7570","1":"product","2":"type-product","3":"status-publish","4":"has-post-thumbnail","6":"product_cat-check-valves","7":"product_cat-swing-check-valve","8":"product_tag-1500lb-lift-check-valve","9":"product_tag-2-inch-lift-check-valve","10":"product_tag-api-602-lift-check-valve","11":"product_tag-china-a105-1500lb-lift-check-valve","12":"product_tag-flange-end-lift-check-valve-manufacturer","13":"product_tag-pressure-seal-lift-check-valve","15":"first","16":"instock","17":"shipping-taxable","18":"product-type-simple"},"_links":{"self":[{"href":"https:\/\/www.stvvalves.com\/fr\/wp-json\/wp\/v2\/product\/7570","targetHints":{"allow":["GET"]}}],"collection":[{"href":"https:\/\/www.stvvalves.com\/fr\/wp-json\/wp\/v2\/product"}],"about":[{"href":"https:\/\/www.stvvalves.com\/fr\/wp-json\/wp\/v2\/types\/product"}],"wp:featuredmedia":[{"embeddable":true,"href":"https:\/\/www.stvvalves.com\/fr\/wp-json\/wp\/v2\/media\/7571"}],"wp:attachment":[{"href":"https:\/\/www.stvvalves.com\/fr\/wp-json\/wp\/v2\/media?parent=7570"}],"wp:term":[{"taxonomy":"product_brand","embeddable":true,"href":"https:\/\/www.stvvalves.com\/fr\/wp-json\/wp\/v2\/product_brand?post=7570"},{"taxonomy":"product_cat","embeddable":true,"href":"https:\/\/www.stvvalves.com\/fr\/wp-json\/wp\/v2\/product_cat?post=7570"},{"taxonomy":"product_tag","embeddable":true,"href":"https:\/\/www.stvvalves.com\/fr\/wp-json\/wp\/v2\/product_tag?post=7570"}],"curies":[{"name":"wp","href":"https:\/\/api.w.org\/{rel}","templated":true}]}}