{"id":7590,"date":"2024-09-06T23:31:21","date_gmt":"2024-09-06T15:31:21","guid":{"rendered":"https:\/\/www.stvvalves.com\/?post_type=product&#038;p=7590"},"modified":"2024-12-24T22:44:20","modified_gmt":"2024-12-24T14:44:20","slug":"astm-a182-f11-forged-globe-valve-2-inch-1500-lb-sw-api-602","status":"publish","type":"product","link":"https:\/\/www.stvvalves.com\/fr\/products\/astm-a182-f11-forged-globe-valve-2-inch-1500-lb-sw-api-602\/","title":{"rendered":"ASTM A182 F11 Forged Globe Valve,2 Inch,1500 LB,SW,API 602"},"content":{"rendered":"<div>Products Name: ASTM A182 F11 Forged Globe Valve,2 Inch,1500 LB,SW,API 602<\/div>\n<div>Norme de conception\u00a0: API602.<br \/>\nMat\u00e9riau du corps\u00a0: F11<br \/>\nDiam\u00e8tre nominal : 2 pouces (DN50).<br \/>\nPression : Classe 1500.<br \/>\nConnexion finale\u00a0: SW.<br \/>\nFace \u00e0 face\u00a0: ASME B16.10.<br \/>\nTemp\u00e9rature de fonctionnement : -29 \u2103 ~ + 520 \u2103.<br \/>\nMode de fonctionnement : Volant.<br \/>\nTest et inspection\u00a0: API 598.<\/div>\n<div class=\"headline headline-md\">\n<h2>Gamme de produits<\/h2>\n<\/div>\n<div>Mat\u00e9riau du corps\u00a0: A105, LF2, F5, F11, F22, 304, 304L, 316, 316L, F51, F91, 20#, Inconel, etc.<br \/>\nDiam\u00e8tre normal\u00a0: 1\/2\u2033~2\u2033 (DN15~DN80).<br \/>\nConnexion d&#039;extr\u00e9mit\u00e9\u00a0: NPT, SW, soud\u00e9e bout \u00e0 bout, \u00e0 bride.<br \/>\nPlage de pression : 150 lb ~ 2 500 lb (PN10 ~ PN420).<br \/>\nFonctionnement\u00a0: volant, \u00e9lectrique, actionneur pneumatique<br \/>\nTemp\u00e9rature de fonctionnement : -196 \u2103 ~ +560 \u2103.<\/div>\n<div><\/div>\n<div>\n<table>\n<tbody>\n<tr>\n<td width=\"200\"><strong>Nom du produit<\/strong><\/td>\n<td width=\"481\">ASTM A182 F11 Forged Globe Valve,2 Inch,1500 LB,SW,API 602<\/td>\n<\/tr>\n<tr>\n<td width=\"200\">1. Mat\u00e9riel<\/td>\n<td width=\"481\">F11<\/td>\n<\/tr>\n<tr>\n<td width=\"200\">2. Taille<\/td>\n<td width=\"481\">2&quot;<\/td>\n<\/tr>\n<tr>\n<td width=\"200\">4. Port<\/td>\n<td width=\"481\">Port r\u00e9ducteur<\/td>\n<\/tr>\n<tr>\n<td width=\"200\">5. Pression de travail<\/td>\n<td width=\"481\">1 500 lb<\/td>\n<\/tr>\n<tr>\n<td width=\"200\">6. Fin de la connexion<\/td>\n<td width=\"481\">Logiciel<\/td>\n<\/tr>\n<tr>\n<td width=\"200\">7. Temp\u00e9rature de travail.<\/td>\n<td width=\"481\">-29~520\u00baC,<\/td>\n<\/tr>\n<tr>\n<td width=\"200\">8. Support appropri\u00e9<\/td>\n<td width=\"481\">Eau, gaz naturel, p\u00e9trole et certains liquides corrosifs<\/td>\n<\/tr>\n<tr>\n<td width=\"200\">9. Exploit\u00e9<\/td>\n<td width=\"481\">Volant<\/td>\n<\/tr>\n<tr>\n<td width=\"200\">10. Inspection et tests<\/td>\n<td width=\"481\">Selon API598<\/td>\n<\/tr>\n<tr>\n<td width=\"200\"><strong>Exp\u00e9dition<\/strong><\/td>\n<td width=\"481\"><\/td>\n<\/tr>\n<tr>\n<td width=\"200\">D\u00e9lai de livraison<\/td>\n<td width=\"481\">30 jours<\/td>\n<\/tr>\n<tr>\n<td width=\"200\">Emballer<\/td>\n<td width=\"481\">Caisse en contreplaqu\u00e9 d&#039;exportation standard<\/td>\n<\/tr>\n<tr>\n<td width=\"200\">Port d&#039;exp\u00e9dition<\/td>\n<td width=\"481\">Ningbo\/Shanghai, Chine<\/td>\n<\/tr>\n<tr>\n<td width=\"200\">Conditions d&#039;exp\u00e9dition<\/td>\n<td width=\"481\">Exw, FOB, CFR, CIF, etc.<\/td>\n<\/tr>\n<tr>\n<td width=\"200\">Modalit\u00e9s de paiement<\/td>\n<td width=\"481\">T\/T, Western Union, PayPal, etc.<\/td>\n<\/tr>\n<tr>\n<td width=\"200\"><\/td>\n<td width=\"481\">Pr\u00e9paiement 30%, solde 70% pay\u00e9 avant l&#039;exp\u00e9dition<\/td>\n<\/tr>\n<tr>\n<td width=\"200\">Pays d&#039;origine<\/td>\n<td width=\"481\">Ville de Wenzhou, Chine<\/td>\n<\/tr>\n<tr>\n<td width=\"200\">Capacit\u00e9 de production<\/td>\n<td width=\"481\">6000 tonnes\/an<\/td>\n<\/tr>\n<tr>\n<td width=\"200\">MOQ<\/td>\n<td width=\"481\">1 pi\u00e8ces\/taille<\/td>\n<\/tr>\n<\/tbody>\n<\/table>\n<\/div>","protected":false},"excerpt":{"rendered":"<p>STV Valve Technology Group Co., Ltd is a professional leader China 1500LB F11 Globe Valve ,ASTM A182 F11 Forged Globe Valve,F11 High Pressure Globe Valve ,2 Inch F11 Steel Globe Valve,API 602 F11 Globe Valve, ASTM A182 F11 Forged Globe Valve,2 Inch 1500LB Globe Valve,Pressure Seal F11 Globe Valve manufacturer with high quality and competitive price.<\/p>","protected":false},"featured_media":7563,"template":"","meta":[],"product_brand":[],"product_cat":[64,45],"product_tag":[2988,2986,2987,1686,2984,2985,2989],"class_list":{"0":"post-7590","1":"product","2":"type-product","3":"status-publish","4":"has-post-thumbnail","6":"product_cat-foreged-steel-globe-valve","7":"product_cat-globe-valve","8":"product_tag-2-inch-1500lb-globe-valve","9":"product_tag-2-inch-f11-steel-globe-valve","10":"product_tag-api-602-f11-globe-valve","11":"product_tag-astm-a182-f11-forged-globe-valve","12":"product_tag-china-1500lb-f11-globe-valve","13":"product_tag-f11-high-pressure-globe-valve","14":"product_tag-pressure-seal-f11-globe-valve-manufacturer","16":"first","17":"instock","18":"shipping-taxable","19":"product-type-simple"},"_links":{"self":[{"href":"https:\/\/www.stvvalves.com\/fr\/wp-json\/wp\/v2\/product\/7590","targetHints":{"allow":["GET"]}}],"collection":[{"href":"https:\/\/www.stvvalves.com\/fr\/wp-json\/wp\/v2\/product"}],"about":[{"href":"https:\/\/www.stvvalves.com\/fr\/wp-json\/wp\/v2\/types\/product"}],"wp:featuredmedia":[{"embeddable":true,"href":"https:\/\/www.stvvalves.com\/fr\/wp-json\/wp\/v2\/media\/7563"}],"wp:attachment":[{"href":"https:\/\/www.stvvalves.com\/fr\/wp-json\/wp\/v2\/media?parent=7590"}],"wp:term":[{"taxonomy":"product_brand","embeddable":true,"href":"https:\/\/www.stvvalves.com\/fr\/wp-json\/wp\/v2\/product_brand?post=7590"},{"taxonomy":"product_cat","embeddable":true,"href":"https:\/\/www.stvvalves.com\/fr\/wp-json\/wp\/v2\/product_cat?post=7590"},{"taxonomy":"product_tag","embeddable":true,"href":"https:\/\/www.stvvalves.com\/fr\/wp-json\/wp\/v2\/product_tag?post=7590"}],"curies":[{"name":"wp","href":"https:\/\/api.w.org\/{rel}","templated":true}]}}