{"id":7592,"date":"2024-09-06T23:38:00","date_gmt":"2024-09-06T15:38:00","guid":{"rendered":"https:\/\/www.stvvalves.com\/?post_type=product&#038;p=7592"},"modified":"2024-12-24T22:44:21","modified_gmt":"2024-12-24T14:44:21","slug":"a182-f11-gate-valve-1-inch-1500lb-npt-end","status":"publish","type":"product","link":"https:\/\/www.stvvalves.com\/fr\/products\/a182-f11-gate-valve-1-inch-1500lb-npt-end\/","title":{"rendered":"A182 F11 Gate Valve ,1 Inch,1500LB,NPT End"},"content":{"rendered":"<p>Name: A182 F11 Gate Valve ,1 Inch,1500LB,NPT End<br \/>\nConception\u00a0: API 602<br \/>\nBody: F11<br \/>\nTaille nominale: 1 pouce<br \/>\nNominal Class: 1500 LB<br \/>\nEnd Connection: NPT Ends<br \/>\nFace \u00e0 Face : Fabrication<br \/>\nTest et inspection\u00a0: API 598<br \/>\nParam\u00e8tres techniques et caract\u00e9ristiques<br \/>\nProduit\u00a0: Vanne \u00e0 vanne de petite taille<br \/>\nDiam\u00e8tre nominal : 1\/4 pouce \u2013 4 pouces<br \/>\nTemp\u00e9rature de conception : -196 \u2103 \u2013 573 \u2103<br \/>\nPression de conception\u00a0: Classe 150 LB \u2013 Classe 4\u00a0500 LB<br \/>\nMat\u00e9riau : acier au carbone, acier inoxydable, acier alli\u00e9, bronze.<br \/>\nNorme de conception\u00a0: API 602, BS 5352<br \/>\nFace \u00e0 face\u00a0: norme de fabrication, ASME B16.10<br \/>\nExtr\u00e9mit\u00e9 de connexion\u00a0: NPT, SW, BW, \u00e0 bride<br \/>\nNorme d&#039;essai\u00a0: API 598, ISO 5208<br \/>\nFonctionnement\u00a0: Volant<br \/>\nApplication\u00a0: centrale \u00e9lectrique, p\u00e9trole, g\u00e9nie chimique<\/p>\n<table>\n<tbody>\n<tr>\n<td width=\"200\"><strong><b>Nom du produit<\/b><\/strong><\/td>\n<td width=\"481\">A182 F11 Gate Valve ,1 Inch,1500LB,NPT End<\/td>\n<\/tr>\n<tr>\n<td width=\"200\">1. Mat\u00e9riel<\/td>\n<td width=\"481\">F11<\/td>\n<\/tr>\n<tr>\n<td width=\"200\">2. Taille<\/td>\n<td width=\"481\">1&quot;<\/td>\n<\/tr>\n<tr>\n<td width=\"200\">4. Port<\/td>\n<td width=\"481\">Port r\u00e9ducteur<\/td>\n<\/tr>\n<tr>\n<td width=\"200\">5. Pression de travail<\/td>\n<td width=\"481\">1500LB<\/td>\n<\/tr>\n<tr>\n<td width=\"200\">6. Fin de la connexion<\/td>\n<td width=\"481\">NPT End<\/td>\n<\/tr>\n<tr>\n<td width=\"200\">7. Temp\u00e9rature de travail.<\/td>\n<td width=\"481\">-29~520\u00baC,<\/td>\n<\/tr>\n<tr>\n<td width=\"200\">8. Support appropri\u00e9<\/td>\n<td width=\"481\">Eau, gaz naturel, p\u00e9trole et certains liquides corrosifs<\/td>\n<\/tr>\n<tr>\n<td width=\"200\">9. Exploit\u00e9<\/td>\n<td width=\"481\">Volant<\/td>\n<\/tr>\n<tr>\n<td width=\"200\">10. Inspection et tests<\/td>\n<td width=\"481\">SelonAPI 598<\/td>\n<\/tr>\n<tr>\n<td width=\"200\"><strong><b>Exp\u00e9dition<\/b><\/strong><\/td>\n<td width=\"481\"><\/td>\n<\/tr>\n<tr>\n<td width=\"200\">D\u00e9lai de livraison<\/td>\n<td width=\"481\">30 jours<\/td>\n<\/tr>\n<tr>\n<td width=\"200\">Emballer<\/td>\n<td width=\"481\">Caisse en contreplaqu\u00e9 d&#039;exportation standard<\/td>\n<\/tr>\n<tr>\n<td width=\"200\">Port d&#039;exp\u00e9dition<\/td>\n<td width=\"481\">Ningbo\/Shanghai, Chine<\/td>\n<\/tr>\n<tr>\n<td width=\"200\">Conditions d&#039;exp\u00e9dition<\/td>\n<td width=\"481\">Exw, FOB, CFR, CIF, etc.<\/td>\n<\/tr>\n<tr>\n<td width=\"200\">Modalit\u00e9s de paiement<\/td>\n<td width=\"481\">T\/T, Western Union, PayPal, etc.<\/td>\n<\/tr>\n<tr>\n<td width=\"200\"><\/td>\n<td width=\"481\">Pr\u00e9paiement 30%, solde 70% pay\u00e9 avant l&#039;exp\u00e9dition<\/td>\n<\/tr>\n<tr>\n<td width=\"200\">Pays d&#039;origine<\/td>\n<td width=\"481\">Ville de Wenzhou, Chine<\/td>\n<\/tr>\n<tr>\n<td width=\"200\">Capacit\u00e9 de production<\/td>\n<td width=\"481\">6000 tonnes\/an<\/td>\n<\/tr>\n<tr>\n<td width=\"200\">MOQ<\/td>\n<td width=\"481\">10 pi\u00e8ces\/taille<\/td>\n<\/tr>\n<\/tbody>\n<\/table>","protected":false},"excerpt":{"rendered":"<p>STV Valve Technology Group Co., Ltd is a professional leader China A182 F11 Forged Gate Valve, A182 F11 Forged Gate Valve Supplier in china, 1 Inch Gate Valve,\u00a0 API 602 Gate Valve, Class 2500 LB Gate Valve,Seal Bonnet Gate Valve, NPT End Gate Valve Manufacturer with high quality and competitive price.<\/p>","protected":false},"featured_media":7593,"template":"","meta":[],"product_brand":[],"product_cat":[59,44],"product_tag":[1566,2991,223,2990,1590,2992,1626],"class_list":{"0":"post-7592","1":"product","2":"type-product","3":"status-publish","4":"has-post-thumbnail","6":"product_cat-forged-steel-gate-valve","7":"product_cat-gate-valve","8":"product_tag-1-inch-gate-valve","9":"product_tag-a182-f11-forged-gate-valve-supplier-in-china","10":"product_tag-api-602-gate-valve","11":"product_tag-china-a182-f11-forged-gate-valve","12":"product_tag-class-2500-lb-gate-valve","13":"product_tag-npt-end-gate-valve-manufacturer","14":"product_tag-seal-bonnet-gate-valve","16":"first","17":"instock","18":"shipping-taxable","19":"product-type-simple"},"_links":{"self":[{"href":"https:\/\/www.stvvalves.com\/fr\/wp-json\/wp\/v2\/product\/7592","targetHints":{"allow":["GET"]}}],"collection":[{"href":"https:\/\/www.stvvalves.com\/fr\/wp-json\/wp\/v2\/product"}],"about":[{"href":"https:\/\/www.stvvalves.com\/fr\/wp-json\/wp\/v2\/types\/product"}],"wp:featuredmedia":[{"embeddable":true,"href":"https:\/\/www.stvvalves.com\/fr\/wp-json\/wp\/v2\/media\/7593"}],"wp:attachment":[{"href":"https:\/\/www.stvvalves.com\/fr\/wp-json\/wp\/v2\/media?parent=7592"}],"wp:term":[{"taxonomy":"product_brand","embeddable":true,"href":"https:\/\/www.stvvalves.com\/fr\/wp-json\/wp\/v2\/product_brand?post=7592"},{"taxonomy":"product_cat","embeddable":true,"href":"https:\/\/www.stvvalves.com\/fr\/wp-json\/wp\/v2\/product_cat?post=7592"},{"taxonomy":"product_tag","embeddable":true,"href":"https:\/\/www.stvvalves.com\/fr\/wp-json\/wp\/v2\/product_tag?post=7592"}],"curies":[{"name":"wp","href":"https:\/\/api.w.org\/{rel}","templated":true}]}}