{"id":7594,"date":"2024-09-13T20:04:43","date_gmt":"2024-09-13T12:04:43","guid":{"rendered":"https:\/\/www.stvvalves.com\/?post_type=product&#038;p=7594"},"modified":"2025-09-18T19:22:48","modified_gmt":"2025-09-18T11:22:48","slug":"f91-y-type-globe-valve-2500-lb-bw-ends-3-4-inch","status":"publish","type":"product","link":"https:\/\/www.stvvalves.com\/fr\/products\/f91-y-type-globe-valve-2500-lb-bw-ends-3-4-inch\/","title":{"rendered":"F91 Y Type Globe Valve,2500 Lb, BW Ends, 3\/4 Inch"},"content":{"rendered":"<p>Norme de conception\u00a0: API 602.<br \/>\nBody Material: F91<br \/>\nNominal Diameter: 3\/4 Inch (DN20).<br \/>\nPression : Classe 2500.<br \/>\nFin de la connexion\u00a0: BW.<br \/>\nFace \u00e0 face\u00a0: ASME B16.10.<br \/>\nWorking Temperature: -29\u00baC~+600\u00baC.<br \/>\nMode de fonctionnement : Volant.<br \/>\nTest et inspection\u00a0: API 598.<\/p>\n<p>Gamme de produits<br \/>\nMat\u00e9riau du corps\u00a0:\u00a0A105, LF2, F5, F11, F22, 304, 304L, 316, 316L, F51, F91, 20#, Inconel, etc.<br \/>\nDiam\u00e8tre normal\u00a0: 1\/2\u2033~3\u2033 (DN15~DN80).<br \/>\nConnexion d&#039;extr\u00e9mit\u00e9\u00a0: NPT, SW, soud\u00e9e bout \u00e0 bout, \u00e0 bride.<br \/>\nPlage de pression : 150 lb ~ 2 500 lb (PN10 ~ PN420).<br \/>\nFonctionnement\u00a0: volant, \u00e9lectrique, actionneur pneumatique<br \/>\nTemp\u00e9rature de fonctionnement\u00a0: -196\u00baC~ +560\u00baC.<\/p>\n<table>\n<tbody>\n<tr>\n<td width=\"200\"><strong>Nom du produit<\/strong><\/td>\n<td width=\"481\">F91 Y Type Globe Valve,2500 Lb, BW Ends, 3\/4 Inch<\/td>\n<\/tr>\n<tr>\n<td width=\"200\">1. Mat\u00e9riel<\/td>\n<td width=\"481\">F91<\/td>\n<\/tr>\n<tr>\n<td width=\"200\">2. Taille<\/td>\n<td width=\"481\">3\/4&quot;<\/td>\n<\/tr>\n<tr>\n<td width=\"200\">4. Port<\/td>\n<td width=\"481\">Port r\u00e9ducteur<\/td>\n<\/tr>\n<tr>\n<td width=\"200\">5. Pression de travail<\/td>\n<td width=\"481\">2500 lb<\/td>\n<\/tr>\n<tr>\n<td width=\"200\">6. Fin de la connexion<\/td>\n<td width=\"481\">PC<\/td>\n<\/tr>\n<tr>\n<td width=\"200\">7. Temp\u00e9rature de travail.<\/td>\n<td width=\"481\">-29~600\u00baC,<\/td>\n<\/tr>\n<tr>\n<td width=\"200\">8. Support appropri\u00e9<\/td>\n<td width=\"481\">Eau, gaz naturel, p\u00e9trole et certains liquides corrosifs<\/td>\n<\/tr>\n<tr>\n<td width=\"200\">9. Exploit\u00e9<\/td>\n<td width=\"481\">Volant<\/td>\n<\/tr>\n<tr>\n<td width=\"200\">10. Inspection et tests<\/td>\n<td width=\"481\">Selon API598<\/td>\n<\/tr>\n<tr>\n<td width=\"200\"><strong>Exp\u00e9dition<\/strong><\/td>\n<td width=\"481\"><\/td>\n<\/tr>\n<tr>\n<td width=\"200\">D\u00e9lai de livraison<\/td>\n<td width=\"481\">30 jours<\/td>\n<\/tr>\n<tr>\n<td width=\"200\">Emballer<\/td>\n<td width=\"481\">Caisse en contreplaqu\u00e9 d&#039;exportation standard<\/td>\n<\/tr>\n<tr>\n<td width=\"200\">Port d&#039;exp\u00e9dition<\/td>\n<td width=\"481\">Ningbo\/Shanghai, Chine<\/td>\n<\/tr>\n<tr>\n<td width=\"200\">Conditions d&#039;exp\u00e9dition<\/td>\n<td width=\"481\">Exw, FOB, CFR, CIF, etc.<\/td>\n<\/tr>\n<tr>\n<td width=\"200\">Modalit\u00e9s de paiement<\/td>\n<td width=\"481\">T\/T, Western Union, PayPal, etc.<\/td>\n<\/tr>\n<tr>\n<td width=\"200\"><\/td>\n<td width=\"481\">Pr\u00e9paiement 30%, solde 70% pay\u00e9 avant l&#039;exp\u00e9dition<\/td>\n<\/tr>\n<tr>\n<td width=\"200\">Pays d&#039;origine<\/td>\n<td width=\"481\">Ville de Wenzhou, Chine<\/td>\n<\/tr>\n<tr>\n<td width=\"200\">Capacit\u00e9 de production<\/td>\n<td width=\"481\">6000 tonnes\/an<\/td>\n<\/tr>\n<tr>\n<td width=\"200\">MOQ<\/td>\n<td width=\"481\">1 pi\u00e8ces\/taille<\/td>\n<\/tr>\n<\/tbody>\n<\/table>","protected":false},"excerpt":{"rendered":"<p>Model:STV-J65Y-F91-3\/4&#8243;-2500LB<\/p>\n<p>Notre robinet \u00e0 soupape forg\u00e9 de type Y offre des performances sup\u00e9rieures dans diverses applications dans les domaines des produits chimiques,<br \/>\np\u00e9trochimique, gazier et diverses utilisations industrielles et id\u00e9al pour les applications en aval. Ils sont con\u00e7us,<br \/>\ncon\u00e7u et fabriqu\u00e9 en stricte conformit\u00e9 avec les normes API, ASTM, ASME, ANSI et autres normes reconnues.<br \/>\nOur forged Steel Valves are not only cha racterized by outstanding performance, reliability and quality, they\u2019re also known for their standard features normally optional in other brands.<\/p>\n<p>STV Valve Technology Group Co., Ltd is a professional leader China F91 Y Type\u00a0 Globe Valve ,Class 2500Lb Y Type Globe Valve ,Forged Y Type Globe Valve, China 2500lb Y Type Forged Globe Valve Manufacture Globe Valve, API 602 F91 Y Type Globe Valve,Bw Ends Y Type Globe Valve,F91 Y Type Globe Valve,PSB Y Type Globe Valve,3\/4 Inch Y Type Globe Valve manufacturer with high quality and competitive price.<\/p>","protected":false},"featured_media":8496,"template":"","meta":[],"product_brand":[],"product_cat":[64,45],"product_tag":[3742,3741,2993,3632,3740,2484,2902,2485,2489],"class_list":{"0":"post-7594","1":"product","2":"type-product","3":"status-publish","4":"has-post-thumbnail","6":"product_cat-foreged-steel-globe-valve","7":"product_cat-globe-valve","8":"product_tag-3-4-inch-y-type-globe-valve-manufacturer","9":"product_tag-api-602-f91-y-type-globe-valve","10":"product_tag-bw-ends-y-type-globe-valve","11":"product_tag-china-2500lb-y-type-forged-globe-valve-manufacture-globe-valve","12":"product_tag-china-f91-y-type-globe-valve","13":"product_tag-class-2500lb-y-type-globe-valve","14":"product_tag-f91-y-type-globe-valve","15":"product_tag-forged-y-type-globe-valve","16":"product_tag-psb-y-type-globe-valve","18":"first","19":"instock","20":"shipping-taxable","21":"product-type-simple"},"_links":{"self":[{"href":"https:\/\/www.stvvalves.com\/fr\/wp-json\/wp\/v2\/product\/7594","targetHints":{"allow":["GET"]}}],"collection":[{"href":"https:\/\/www.stvvalves.com\/fr\/wp-json\/wp\/v2\/product"}],"about":[{"href":"https:\/\/www.stvvalves.com\/fr\/wp-json\/wp\/v2\/types\/product"}],"wp:featuredmedia":[{"embeddable":true,"href":"https:\/\/www.stvvalves.com\/fr\/wp-json\/wp\/v2\/media\/8496"}],"wp:attachment":[{"href":"https:\/\/www.stvvalves.com\/fr\/wp-json\/wp\/v2\/media?parent=7594"}],"wp:term":[{"taxonomy":"product_brand","embeddable":true,"href":"https:\/\/www.stvvalves.com\/fr\/wp-json\/wp\/v2\/product_brand?post=7594"},{"taxonomy":"product_cat","embeddable":true,"href":"https:\/\/www.stvvalves.com\/fr\/wp-json\/wp\/v2\/product_cat?post=7594"},{"taxonomy":"product_tag","embeddable":true,"href":"https:\/\/www.stvvalves.com\/fr\/wp-json\/wp\/v2\/product_tag?post=7594"}],"curies":[{"name":"wp","href":"https:\/\/api.w.org\/{rel}","templated":true}]}}