{"id":7608,"date":"2024-11-01T21:41:00","date_gmt":"2024-11-01T13:41:00","guid":{"rendered":"https:\/\/www.stvvalves.com\/?post_type=product&#038;p=7608"},"modified":"2024-12-24T22:43:49","modified_gmt":"2024-12-24T14:43:49","slug":"48-inch-flange-butterfly-valve-c95500-body-k500-disc-metal-seat","status":"publish","type":"product","link":"https:\/\/www.stvvalves.com\/fr\/products\/48-inch-flange-butterfly-valve-c95500-body-k500-disc-metal-seat\/","title":{"rendered":"48 Inch Flange Butterfly Valve ,C95500 Body, K500 Disc,Metal Seat"},"content":{"rendered":"<p>Conception et fabrication\u00a0:\u00a0API 609<\/p>\n<p>Dimension face \u00e0 face\u00a0: API609, ISO5752, ASME B16.10<\/p>\n<p>Dimension de connexion de bride\uff1aASME B16.5,ASME B16.47<\/p>\n<p>Test et inspection\u00a0:\u00a0API 598<\/p>\n<p>Pression et temp\u00e9rature nominale\u00a0: API 609, ASME B16.34<br \/>\nGamme de produits<\/p>\n<p>Mat\u00e9riau du corps: Fonte,Acier moul\u00e9,Acier inoxydable,Monel<br \/>\nMat\u00e9riau du disque\u00a0: fonte ductile, acier au carbone, acier inoxydable, bronze AL<\/p>\n<p>Diam\u00e8tre nominal\u00a0: 2\u2033\uff5e120\u2033\uff08DN50~DN3000\uff09<\/p>\n<p>Connexion d&#039;extr\u00e9mit\u00e9\u00a0:\u00a0Double bride, plaquette, cosse, etc.<\/p>\n<p>Plage de pression\u00a0: Classe 150 ~ 600 (PN16 ~ PN100)<\/p>\n<p>Temp\u00e9rature de fonctionnement : -46 \u2103 ~ +550 \u2103<\/p>\n<p>Fonctionnement : Poign\u00e9e, Engrenage, Actionneur \u00e9lectrique, etc.<\/p>\n<table>\n<tbody>\n<tr>\n<td width=\"200\"><strong><b>Nom du produit<\/b><\/strong><\/td>\n<td width=\"481\">48 Inch Flange Butterfly Valve ,C95500 Body, K500 Disc,Metal Seat<\/td>\n<\/tr>\n<tr>\n<td width=\"200\">1. Mat\u00e9riel<\/td>\n<td width=\"481\">C95500<\/td>\n<\/tr>\n<tr>\n<td width=\"200\">2. Taille<\/td>\n<td width=\"481\">48&quot;<\/td>\n<\/tr>\n<tr>\n<td width=\"200\">4. Port<\/td>\n<td width=\"481\">Port complet<\/td>\n<\/tr>\n<tr>\n<td width=\"200\">5. Pression de travail<\/td>\n<td width=\"481\">150LB<\/td>\n<\/tr>\n<tr>\n<td width=\"200\">6. Fin de la connexion<\/td>\n<td width=\"481\">Bride<\/td>\n<\/tr>\n<tr>\n<td width=\"200\">7. Temp\u00e9rature de travail.<\/td>\n<td width=\"481\">-29~425\u00baC,<\/td>\n<\/tr>\n<tr>\n<td width=\"200\">8. Support appropri\u00e9<\/td>\n<td width=\"481\">Eau, gaz naturel, p\u00e9trole et certains liquides corrosifs<\/td>\n<\/tr>\n<tr>\n<td width=\"200\">9. Exploit\u00e9<\/td>\n<td width=\"481\">Bo\u00eete de vitesses<\/td>\n<\/tr>\n<tr>\n<td width=\"200\">10. Inspection et tests<\/td>\n<td width=\"481\">SelonAPI 598<\/td>\n<\/tr>\n<tr>\n<td width=\"200\">Exp\u00e9dition<\/td>\n<td width=\"481\"><\/td>\n<\/tr>\n<tr>\n<td width=\"200\">D\u00e9lai de livraison<\/td>\n<td width=\"481\">30 jours<\/td>\n<\/tr>\n<tr>\n<td width=\"200\">Emballer<\/td>\n<td width=\"481\">Caisse en contreplaqu\u00e9 d&#039;exportation standard<\/td>\n<\/tr>\n<tr>\n<td width=\"200\">Port d&#039;exp\u00e9dition<\/td>\n<td width=\"481\">Ningbo\/Shanghai, Chine<\/td>\n<\/tr>\n<tr>\n<td width=\"200\">Conditions d&#039;exp\u00e9dition<\/td>\n<td width=\"481\">Exw, FOB, CFR, CIF, etc.<\/td>\n<\/tr>\n<tr>\n<td width=\"200\">Modalit\u00e9s de paiement<\/td>\n<td width=\"481\">T\/T, Western Union, PayPal, etc.<\/td>\n<\/tr>\n<tr>\n<td width=\"200\"><\/td>\n<td width=\"481\">Pr\u00e9paiement 30%, solde 70% pay\u00e9 avant l&#039;exp\u00e9dition<\/td>\n<\/tr>\n<tr>\n<td width=\"200\">Pays d&#039;origine<\/td>\n<td width=\"481\">Ville de Wenzhou, Chine<\/td>\n<\/tr>\n<tr>\n<td width=\"200\">Capacit\u00e9 de production<\/td>\n<td width=\"481\">6000 tonnes\/an<\/td>\n<\/tr>\n<tr>\n<td width=\"200\">MOQ<\/td>\n<td width=\"481\">10 pi\u00e8ces\/taille<\/td>\n<\/tr>\n<\/tbody>\n<\/table>","protected":false},"excerpt":{"rendered":"<p>STV Valve Technology Group Co., Ltd is a professional leader China Flange Butterfly Valve Manufacture,48 Inch Flange Butterfly Valve ,C95500 Body Flange Butterfly Valve,Monel K500 Disc Flange Butterfly Valve,Monel K500 Stem Flange Butterfly Valve,Metal Seat Flange Butterfly Valve,Worm Gear Flange Butterfly Valve,150lb Flange Butterfly Valve.<\/p>","protected":false},"featured_media":7609,"template":"","meta":[],"product_brand":[],"product_cat":[965,972],"product_tag":[2999,2995,2996,2134,2138,2997,2998,2139],"class_list":{"0":"post-7608","1":"product","2":"type-product","3":"status-publish","4":"has-post-thumbnail","6":"product_cat-butterfly-valve","7":"product_cat-flange-butterfly-valve","8":"product_tag-150lb-flange-butterfly-valve","9":"product_tag-48-inch-flange-butterfly-valve","10":"product_tag-c95500-body-flange-butterfly-valve","11":"product_tag-china-flange-butterfly-valve-manufacture","12":"product_tag-metal-seat-flange-butterfly-valve","13":"product_tag-monel-k500-disc-flange-butterfly-valve","14":"product_tag-monel-k500-stem-flange-butterfly-valve","15":"product_tag-worm-gear-flange-butterfly-valve","17":"first","18":"instock","19":"shipping-taxable","20":"product-type-simple"},"_links":{"self":[{"href":"https:\/\/www.stvvalves.com\/fr\/wp-json\/wp\/v2\/product\/7608","targetHints":{"allow":["GET"]}}],"collection":[{"href":"https:\/\/www.stvvalves.com\/fr\/wp-json\/wp\/v2\/product"}],"about":[{"href":"https:\/\/www.stvvalves.com\/fr\/wp-json\/wp\/v2\/types\/product"}],"wp:featuredmedia":[{"embeddable":true,"href":"https:\/\/www.stvvalves.com\/fr\/wp-json\/wp\/v2\/media\/7609"}],"wp:attachment":[{"href":"https:\/\/www.stvvalves.com\/fr\/wp-json\/wp\/v2\/media?parent=7608"}],"wp:term":[{"taxonomy":"product_brand","embeddable":true,"href":"https:\/\/www.stvvalves.com\/fr\/wp-json\/wp\/v2\/product_brand?post=7608"},{"taxonomy":"product_cat","embeddable":true,"href":"https:\/\/www.stvvalves.com\/fr\/wp-json\/wp\/v2\/product_cat?post=7608"},{"taxonomy":"product_tag","embeddable":true,"href":"https:\/\/www.stvvalves.com\/fr\/wp-json\/wp\/v2\/product_tag?post=7608"}],"curies":[{"name":"wp","href":"https:\/\/api.w.org\/{rel}","templated":true}]}}