{"id":7628,"date":"2024-12-07T09:29:52","date_gmt":"2024-12-07T01:29:52","guid":{"rendered":"https:\/\/www.stvvalves.com\/?post_type=product&#038;p=7628"},"modified":"2025-02-27T15:44:55","modified_gmt":"2025-02-27T07:44:55","slug":"astm-b148-c95800-globe-valve-bs1878-4-inch-150-lb-rf","status":"publish","type":"product","link":"https:\/\/www.stvvalves.com\/fr\/products\/astm-b148-c95800-globe-valve-bs1878-4-inch-150-lb-rf\/","title":{"rendered":"ASTM B148 C95800 Globe Valve,BS1878,4 Inch,150 LB,RF"},"content":{"rendered":"<div class=\"summary entry-summary\"><\/div>\n<div class=\"woocommerce-tabs wc-tabs-wrapper\">\n<div id=\"tab-description\" class=\"woocommerce-Tabs-panel woocommerce-Tabs-panel--description panel entry-content wc-tab\" role=\"tabpanel\" aria-labelledby=\"tab-title-description\">\n<p><strong>Normes applicables:\u00a0\u00a0\u00a0\u00a0\u00a0\u00a0<\/strong><br \/>\nVanne \u00e0 soupape, BS1878\/ASME B16.34<br \/>\nVannes en acier, ASME B16.34<br \/>\nFace \u00e0 face ASME B16.10<br \/>\nBrides d&#039;extr\u00e9mit\u00e9 ASME B16.5\/ASME B16.47<br \/>\nLe soudage bout \u00e0 bout se termine ASME B16.25<br \/>\nInspection et tests API 598<\/p>\n<p><strong>Mat\u00e9riel:\u00a0<\/strong>C95800,C95400,C95500,C83600,<br \/>\n<strong>Gamme de taille:<\/strong>\u00a02\u2033~36\u2033<br \/>\n<strong>Note de pression:\u00a0<\/strong>ASME CL, 150, 300, 600, 900, 1\u00a0500, 2\u00a0500<br \/>\n<strong>\u00c9cart de temp\u00e9rature:<\/strong>\u00a0-196 \u2103 ~ 650 \u2103<\/p>\n<p><strong>Description de la conception\u00a0:<\/strong><br \/>\n\u2013 Vis et joug ext\u00e9rieurs<br \/>\n\u2013 Chapeau boulonn\u00e9 et joint de pression<br \/>\n\u2013 Tige montante<br \/>\n\u2013 Disponible avec motor\u00e9ducteur<br \/>\n\u2013 Extr\u00e9mit\u00e9s de bride et extr\u00e9mit\u00e9s soud\u00e9es bout \u00e0 bout<br \/>\n\u2013 Conception \u00e0 faible couple, tige \u00e0 surface lisse.<\/p>\n<p>Fonctionnement : volant, bo\u00eete de vitesses, \u00e9lectrique, etc.<\/p>\n<table>\n<tbody>\n<tr>\n<td width=\"200\"><strong>Nom du produit<\/strong><\/td>\n<td width=\"481\">ASTM B148 C95800 Globe Valve,BS1878,4 Inch,150 LB,RF<\/td>\n<\/tr>\n<tr>\n<td width=\"200\">1. Mat\u00e9riel<\/td>\n<td width=\"481\">C95800<\/td>\n<\/tr>\n<tr>\n<td width=\"200\">2. Taille<\/td>\n<td width=\"481\">4&quot;<\/td>\n<\/tr>\n<tr>\n<td width=\"200\">4. Port<\/td>\n<td width=\"481\">Port complet<\/td>\n<\/tr>\n<tr>\n<td width=\"200\">5. Pression de travail<\/td>\n<td width=\"481\">150 livres<\/td>\n<\/tr>\n<tr>\n<td width=\"200\">6. Fin de la connexion<\/td>\n<td width=\"481\">RF<\/td>\n<\/tr>\n<tr>\n<td width=\"200\">7. Temp\u00e9rature de travail.<\/td>\n<td width=\"481\">-29~300\u00baC,<\/td>\n<\/tr>\n<tr>\n<td width=\"200\">8. Support appropri\u00e9<\/td>\n<td width=\"481\">Eau, gaz naturel, p\u00e9trole et certains liquides corrosifs<\/td>\n<\/tr>\n<tr>\n<td width=\"200\">9. Exploit\u00e9<\/td>\n<td width=\"481\">Bo\u00eete de vitesses<\/td>\n<\/tr>\n<tr>\n<td width=\"200\">10. Inspection et tests<\/td>\n<td width=\"481\">Selon API598<\/td>\n<\/tr>\n<tr>\n<td width=\"200\"><strong>Exp\u00e9dition<\/strong><\/td>\n<td width=\"481\"><\/td>\n<\/tr>\n<tr>\n<td width=\"200\">D\u00e9lai de livraison<\/td>\n<td width=\"481\">30 jours<\/td>\n<\/tr>\n<tr>\n<td width=\"200\">Emballer<\/td>\n<td width=\"481\">Caisse en contreplaqu\u00e9 d&#039;exportation standard<\/td>\n<\/tr>\n<tr>\n<td width=\"200\">Port d&#039;exp\u00e9dition<\/td>\n<td width=\"481\">Ningbo\/Shanghai, Chine<\/td>\n<\/tr>\n<tr>\n<td width=\"200\">Conditions d&#039;exp\u00e9dition<\/td>\n<td width=\"481\">Exw, FOB, CFR, CIF, etc.<\/td>\n<\/tr>\n<tr>\n<td width=\"200\">Modalit\u00e9s de paiement<\/td>\n<td width=\"481\">T\/T, Western Union, PayPal, etc.<\/td>\n<\/tr>\n<tr>\n<td width=\"200\"><\/td>\n<td width=\"481\">Pr\u00e9paiement 30%, solde 70% pay\u00e9 avant l&#039;exp\u00e9dition<\/td>\n<\/tr>\n<tr>\n<td width=\"200\">Pays d&#039;origine<\/td>\n<td width=\"481\">Ville de Wenzhou, Chine<\/td>\n<\/tr>\n<tr>\n<td width=\"200\">Capacit\u00e9 de production<\/td>\n<td width=\"481\">6000 tonnes\/an<\/td>\n<\/tr>\n<tr>\n<td width=\"200\">MOQ<\/td>\n<td width=\"481\">1 pi\u00e8ces\/taille<\/td>\n<\/tr>\n<\/tbody>\n<\/table>\n<\/div>\n<\/div>","protected":false},"excerpt":{"rendered":"<p>STV Valve Technology Group Co., Ltd is a professional leader China ASTM B148 C95800 Globe Valve, BS1878 C95800 Globe Valve,Bolt BonnetC95800 Globe Valve, 4 Inch C95800 Globe Valve, 150 LB C95800 Globe Valve, RF C95800 Globe Valve Manufacturer with high quality and competitive price<\/p>","protected":false},"featured_media":7629,"template":"","meta":[],"product_brand":[],"product_cat":[45,63],"product_tag":[3021,3020,3017,3019,3018,3022],"class_list":{"0":"post-7628","1":"product","2":"type-product","3":"status-publish","4":"has-post-thumbnail","6":"product_cat-globe-valve","7":"product_cat-cast-steel-globe-valve","8":"product_tag-150-lb-c95800-globe-valve","9":"product_tag-4-inch-c95800-globe-valve","10":"product_tag-astm-b148-c95800-globe-valve","11":"product_tag-bolt-bonnetc95800-globe-valve","12":"product_tag-bs1878-c95800-globe-valve","13":"product_tag-rf-c95800-globe-valve-manufacturer","15":"first","16":"instock","17":"shipping-taxable","18":"product-type-simple"},"_links":{"self":[{"href":"https:\/\/www.stvvalves.com\/fr\/wp-json\/wp\/v2\/product\/7628","targetHints":{"allow":["GET"]}}],"collection":[{"href":"https:\/\/www.stvvalves.com\/fr\/wp-json\/wp\/v2\/product"}],"about":[{"href":"https:\/\/www.stvvalves.com\/fr\/wp-json\/wp\/v2\/types\/product"}],"wp:featuredmedia":[{"embeddable":true,"href":"https:\/\/www.stvvalves.com\/fr\/wp-json\/wp\/v2\/media\/7629"}],"wp:attachment":[{"href":"https:\/\/www.stvvalves.com\/fr\/wp-json\/wp\/v2\/media?parent=7628"}],"wp:term":[{"taxonomy":"product_brand","embeddable":true,"href":"https:\/\/www.stvvalves.com\/fr\/wp-json\/wp\/v2\/product_brand?post=7628"},{"taxonomy":"product_cat","embeddable":true,"href":"https:\/\/www.stvvalves.com\/fr\/wp-json\/wp\/v2\/product_cat?post=7628"},{"taxonomy":"product_tag","embeddable":true,"href":"https:\/\/www.stvvalves.com\/fr\/wp-json\/wp\/v2\/product_tag?post=7628"}],"curies":[{"name":"wp","href":"https:\/\/api.w.org\/{rel}","templated":true}]}}