{"id":7634,"date":"2024-12-08T20:36:27","date_gmt":"2024-12-08T12:36:27","guid":{"rendered":"https:\/\/www.stvvalves.com\/?post_type=product&#038;p=7634"},"modified":"2024-12-09T09:30:09","modified_gmt":"2024-12-09T01:30:09","slug":"metal-seat-wafer-type-ball-valve-f316-6-inch-150lb","status":"publish","type":"product","link":"https:\/\/www.stvvalves.com\/fr\/products\/metal-seat-wafer-type-ball-valve-f316-6-inch-150lb\/","title":{"rendered":"Metal Seat Wafer Type Ball Valve,F316,6 Inch,150LB"},"content":{"rendered":"<p>Gamme de produits<br \/>\n-Valve size: 1\/2\u2033 \u2013 10\u2033 (DN15-DN250)<br \/>\n-Pression\u00a0: ANSI classe 150-1500 (PN16-PN250)<br \/>\n-Temperature: -196\u2103 \u2013 500\u2103<br \/>\n-Mat\u00e9riaux du corps\u00a0:\u00a0A105N,F304,F304L,F316,F316L,F11,F22,F51,F55<\/p>\n<p>Sp\u00e9cifications techniques<br \/>\n-Conception\u00a0:\u00a0ASME 16.34\/API 6D<br \/>\n-Face \u00e0 face\u00a0: ASME B16.10<br \/>\n-Fin BW\u00a0: ASME B16.25<br \/>\n-Test\u00a0:\u00a0API 598\/BS 6755<br \/>\n-Test de s\u00e9curit\u00e9 incendie\u00a0: API 607\/API 6FA<br \/>\n-Sp\u00e9cial\u00a0: NACE MR-01-75<\/p>\n<p>Design features:<br \/>\n1-piece Body<br \/>\n-Corps en acier forg\u00e9 ou moul\u00e9<br \/>\n-Full port or Reduce port<br \/>\n-Anti-blowout Stem<br \/>\n-Gear Operation or Actuator Available<br \/>\n-Tige anti-\u00e9clatement<br \/>\n-Conception coupe-feu<br \/>\nOptional locking device<br \/>\nOptional ISO 5211 direct mounting pad<\/p>\n<table>\n<tbody>\n<tr>\n<td width=\"200\"><strong>Nom du produit<\/strong><\/td>\n<td width=\"481\">Metal Seat Wafer Type Ball Valve,F316,6 Inch,150LB<\/td>\n<\/tr>\n<tr>\n<td width=\"200\">1. Mat\u00e9riel<\/td>\n<td width=\"481\">F316<\/td>\n<\/tr>\n<tr>\n<td width=\"200\">2. Taille<\/td>\n<td width=\"481\">6&quot;<\/td>\n<\/tr>\n<tr>\n<td width=\"200\">4. Port<\/td>\n<td width=\"481\">\u00a0Port r\u00e9ducteur<\/td>\n<\/tr>\n<tr>\n<td width=\"200\">5. Pression de travail<\/td>\n<td width=\"481\">150LB<\/td>\n<\/tr>\n<tr>\n<td width=\"200\">6. Fin de la connexion<\/td>\n<td width=\"481\">RF<\/td>\n<\/tr>\n<tr>\n<td width=\"200\">7. Temp\u00e9rature de travail.<\/td>\n<td width=\"481\">-29~280\u00baC,<\/td>\n<\/tr>\n<tr>\n<td width=\"200\">8. Support appropri\u00e9<\/td>\n<td width=\"481\">Eau, gaz naturel, p\u00e9trole et certains liquides corrosifs<\/td>\n<\/tr>\n<tr>\n<td width=\"200\">9. Exploit\u00e9<\/td>\n<td width=\"481\">Volant<\/td>\n<\/tr>\n<tr>\n<td width=\"200\">10. Inspection et tests<\/td>\n<td width=\"481\">Selon API598<\/td>\n<\/tr>\n<tr>\n<td width=\"200\"><strong>Exp\u00e9dition<\/strong><\/td>\n<td width=\"481\"><\/td>\n<\/tr>\n<tr>\n<td width=\"200\">D\u00e9lai de livraison<\/td>\n<td width=\"481\">30 jours<\/td>\n<\/tr>\n<tr>\n<td width=\"200\">Emballer<\/td>\n<td width=\"481\">Caisse en contreplaqu\u00e9 d&#039;exportation standard<\/td>\n<\/tr>\n<tr>\n<td width=\"200\">Port d&#039;exp\u00e9dition<\/td>\n<td width=\"481\">Ningbo\/Shanghai, Chine<\/td>\n<\/tr>\n<tr>\n<td width=\"200\">Conditions d&#039;exp\u00e9dition<\/td>\n<td width=\"481\">Exw, FOB, CFR, CIF, etc.<\/td>\n<\/tr>\n<tr>\n<td width=\"200\">Modalit\u00e9s de paiement<\/td>\n<td width=\"481\">T\/T, Western Union, PayPal, etc.<\/td>\n<\/tr>\n<tr>\n<td width=\"200\"><\/td>\n<td width=\"481\">Pr\u00e9paiement 30%, solde 70% pay\u00e9 avant l&#039;exp\u00e9dition<\/td>\n<\/tr>\n<tr>\n<td width=\"200\">Pays d&#039;origine<\/td>\n<td width=\"481\">Ville de Wenzhou, Chine<\/td>\n<\/tr>\n<tr>\n<td width=\"200\">Capacit\u00e9 de production<\/td>\n<td width=\"481\">6000 tonnes\/an<\/td>\n<\/tr>\n<tr>\n<td width=\"200\">MOQ<\/td>\n<td width=\"481\">1 pi\u00e8ces\/taille<\/td>\n<\/tr>\n<\/tbody>\n<\/table>","protected":false},"excerpt":{"rendered":"<p>STV Valve Technology Group Co., Ltd is a professional leader China 150LB Forged Steel Wafer Ball Valve,1 PCS Type Forged Steel\u00a0 Ball Valve ,F316 Wafer Ball Valve,High Pressure Forged Steel Wafer Ball Valve,6 Inch Forged Steel Wafer Ball Valve,Metal Seat Wafer Type Ball Valve Manufacturer with high quality and competitive price<\/p>","protected":false},"featured_media":7635,"template":"","meta":[],"product_brand":[],"product_cat":[43,55],"product_tag":[2733,3034,3033,2734,2735,3035],"class_list":{"0":"post-7634","1":"product","2":"type-product","3":"status-publish","4":"has-post-thumbnail","6":"product_cat-ball-valve","7":"product_cat-forged-steel-ball-valve","8":"product_tag-1-pcs-type-forged-steel-ball-valve","9":"product_tag-6-inch-forged-steel-wafer-ball-valve","10":"product_tag-china-150lb-forged-steel-wafer-ball-valve","11":"product_tag-f316-wafer-ball-valve","12":"product_tag-high-pressure-forged-steel-wafer-ball-valve","13":"product_tag-metal-seat-wafer-type-ball-valve-manufacturer","15":"first","16":"instock","17":"shipping-taxable","18":"product-type-simple"},"_links":{"self":[{"href":"https:\/\/www.stvvalves.com\/fr\/wp-json\/wp\/v2\/product\/7634","targetHints":{"allow":["GET"]}}],"collection":[{"href":"https:\/\/www.stvvalves.com\/fr\/wp-json\/wp\/v2\/product"}],"about":[{"href":"https:\/\/www.stvvalves.com\/fr\/wp-json\/wp\/v2\/types\/product"}],"wp:featuredmedia":[{"embeddable":true,"href":"https:\/\/www.stvvalves.com\/fr\/wp-json\/wp\/v2\/media\/7635"}],"wp:attachment":[{"href":"https:\/\/www.stvvalves.com\/fr\/wp-json\/wp\/v2\/media?parent=7634"}],"wp:term":[{"taxonomy":"product_brand","embeddable":true,"href":"https:\/\/www.stvvalves.com\/fr\/wp-json\/wp\/v2\/product_brand?post=7634"},{"taxonomy":"product_cat","embeddable":true,"href":"https:\/\/www.stvvalves.com\/fr\/wp-json\/wp\/v2\/product_cat?post=7634"},{"taxonomy":"product_tag","embeddable":true,"href":"https:\/\/www.stvvalves.com\/fr\/wp-json\/wp\/v2\/product_tag?post=7634"}],"curies":[{"name":"wp","href":"https:\/\/api.w.org\/{rel}","templated":true}]}}